{"id":15437,"date":"2025-09-30T08:34:16","date_gmt":"2025-09-30T08:34:16","guid":{"rendered":"https:\/\/www.taz.fi\/?page_id=15437"},"modified":"2026-02-02T11:29:12","modified_gmt":"2026-02-02T11:29:12","slug":"quiz-bingo-swe","status":"publish","type":"page","link":"https:\/\/www.taz.fi\/en\/quiz-bingo-swe\/","title":{"rendered":"quiz-bingo-swe"},"content":{"rendered":"<div data-elementor-type=\"wp-page\" data-elementor-id=\"15437\" class=\"elementor elementor-15437\" data-elementor-post-type=\"page\">\n\t\t\t\t\t\t\t\t\t<section class=\"elementor-section elementor-top-section elementor-element elementor-element-0f88a57 elementor-section-boxed elementor-section-height-default elementor-section-height-default\" data-id=\"0f88a57\" data-element_type=\"section\">\n\t\t\t\t\t\t<div class=\"elementor-container elementor-column-gap-default\">\n\t\t\t\t\t<div class=\"elementor-column elementor-col-100 elementor-top-column elementor-element elementor-element-5044332\" data-id=\"5044332\" data-element_type=\"column\">\n\t\t\t<div class=\"elementor-widget-wrap elementor-element-populated\">\n\t\t\t\t\t\t\t\t<div class=\"elementor-element elementor-element-58fe48e elementor-widget elementor-widget-spacer\" data-id=\"58fe48e\" data-element_type=\"widget\" data-widget_type=\"spacer.default\">\n\t\t\t\t<div class=\"elementor-widget-container\">\n\t\t\t\t\t<div class=\"elementor-spacer\">\n\t\t\t<div class=\"elementor-spacer-inner\"><\/div>\n\t\t<\/div>\n\t\t\t\t<\/div>\n\t\t\t\t<\/div>\n\t\t\t\t<section class=\"elementor-section elementor-inner-section elementor-element elementor-element-c7c233f elementor-section-boxed elementor-section-height-default elementor-section-height-default\" data-id=\"c7c233f\" data-element_type=\"section\">\n\t\t\t\t\t\t<div class=\"elementor-container elementor-column-gap-default\">\n\t\t\t\t\t<div class=\"elementor-column elementor-col-50 elementor-inner-column elementor-element elementor-element-9872344\" data-id=\"9872344\" data-element_type=\"column\">\n\t\t\t<div class=\"elementor-widget-wrap elementor-element-populated\">\n\t\t\t\t\t\t\t\t<div class=\"elementor-element elementor-element-3ebb22c elementor-widget elementor-widget-heading\" data-id=\"3ebb22c\" data-element_type=\"widget\" data-widget_type=\"heading.default\">\n\t\t\t\t<div class=\"elementor-widget-container\">\n\t\t\t<h2 class=\"elementor-heading-title elementor-size-default\">Quiz Bingo<\/h2>\t\t<\/div>\n\t\t\t\t<\/div>\n\t\t\t\t<div class=\"elementor-element elementor-element-ad4048c elementor-widget elementor-widget-spacer\" data-id=\"ad4048c\" data-element_type=\"widget\" data-widget_type=\"spacer.default\">\n\t\t\t\t<div class=\"elementor-widget-container\">\n\t\t\t\t\t<div class=\"elementor-spacer\">\n\t\t\t<div class=\"elementor-spacer-inner\"><\/div>\n\t\t<\/div>\n\t\t\t\t<\/div>\n\t\t\t\t<\/div>\n\t\t\t\t<div class=\"elementor-element elementor-element-39c2cea elementor-widget elementor-widget-text-editor\" data-id=\"39c2cea\" data-element_type=\"widget\" data-widget_type=\"text-editor.default\">\n\t\t\t\t<div class=\"elementor-widget-container\">\n\t\t\t\t\t\t\t<p><strong>Quiz Bingo kombinerar kunskap, strategi och en gnutta tur p\u00e5 ett unikt och sp\u00e4nnande s\u00e4tt.<\/strong><\/p><p><strong>Det h\u00e4r spelet \u00e4r en mix av klassisk 75-bollars bingo och fr\u00e5gesport, d\u00e4r lagen f\u00e5r v\u00e4lja sin bingoboll genom att svara r\u00e4tt p\u00e5 en fr\u00e5ga. Bonuspo\u00e4ng delas ut beroende p\u00e5 hur snabbt lagen f\u00e5r 1-rad, 2-rader och full bricka (full house).<\/strong><\/p>\t\t\t\t\t\t<\/div>\n\t\t\t\t<\/div>\n\t\t\t\t\t<\/div>\n\t\t<\/div>\n\t\t\t\t<div class=\"elementor-column elementor-col-50 elementor-inner-column elementor-element elementor-element-304ef90\" data-id=\"304ef90\" data-element_type=\"column\">\n\t\t\t<div class=\"elementor-widget-wrap elementor-element-populated\">\n\t\t\t\t\t\t\t\t<div class=\"elementor-element elementor-element-d011c56 elementor-widget elementor-widget-image\" data-id=\"d011c56\" data-element_type=\"widget\" data-widget_type=\"image.default\">\n\t\t\t\t<div class=\"elementor-widget-container\">\n\t\t\t\t\t\t\t\t\t\t\t\t\t\t\t<img fetchpriority=\"high\" decoding=\"async\" width=\"580\" height=\"580\" src=\"https:\/\/www.taz.fi\/wp-content\/uploads\/2024\/03\/Quiz_Bingo.png\" class=\"attachment-large size-large wp-image-7065\" alt=\"\" srcset=\"https:\/\/www.taz.fi\/wp-content\/uploads\/2024\/03\/Quiz_Bingo.png 900w, https:\/\/www.taz.fi\/wp-content\/uploads\/2024\/03\/Quiz_Bingo-300x300.png 300w, https:\/\/www.taz.fi\/wp-content\/uploads\/2024\/03\/Quiz_Bingo-150x150.png 150w, https:\/\/www.taz.fi\/wp-content\/uploads\/2024\/03\/Quiz_Bingo-768x768.png 768w, https:\/\/www.taz.fi\/wp-content\/uploads\/2024\/03\/Quiz_Bingo-12x12.png 12w\" sizes=\"(max-width: 580px) 100vw, 580px\" \/>\t\t\t\t\t\t\t\t\t\t\t\t\t\t\t<\/div>\n\t\t\t\t<\/div>\n\t\t\t\t\t<\/div>\n\t\t<\/div>\n\t\t\t\t\t\t\t<\/div>\n\t\t<\/section>\n\t\t\t\t\t<\/div>\n\t\t<\/div>\n\t\t\t\t\t\t\t<\/div>\n\t\t<\/section>\n\t\t\t\t<section class=\"elementor-section elementor-top-section elementor-element elementor-element-5902583 elementor-section-boxed elementor-section-height-default elementor-section-height-default\" data-id=\"5902583\" data-element_type=\"section\">\n\t\t\t\t\t\t<div class=\"elementor-container elementor-column-gap-default\">\n\t\t\t\t\t<div class=\"elementor-column elementor-col-100 elementor-top-column elementor-element elementor-element-b9652e4\" data-id=\"b9652e4\" data-element_type=\"column\">\n\t\t\t<div class=\"elementor-widget-wrap elementor-element-populated\">\n\t\t\t\t\t\t\t\t<div class=\"elementor-element elementor-element-3ebdc1a elementor-widget elementor-widget-heading\" data-id=\"3ebdc1a\" data-element_type=\"widget\" data-widget_type=\"heading.default\">\n\t\t\t\t<div class=\"elementor-widget-container\">\n\t\t\t<h2 class=\"elementor-heading-title elementor-size-default\">Syftet med spelet<\/h2>\t\t<\/div>\n\t\t\t\t<\/div>\n\t\t\t\t<section class=\"elementor-section elementor-inner-section elementor-element elementor-element-6a163ee elementor-section-boxed elementor-section-height-default elementor-section-height-default\" data-id=\"6a163ee\" data-element_type=\"section\">\n\t\t\t\t\t\t<div class=\"elementor-container elementor-column-gap-default\">\n\t\t\t\t\t<div class=\"elementor-column elementor-col-50 elementor-inner-column elementor-element elementor-element-bfc92e0\" data-id=\"bfc92e0\" data-element_type=\"column\">\n\t\t\t<div class=\"elementor-widget-wrap elementor-element-populated\">\n\t\t\t\t\t\t\t\t<div class=\"elementor-element elementor-element-d8dcbe3 elementor-widget elementor-widget-text-editor\" data-id=\"d8dcbe3\" data-element_type=\"widget\" data-widget_type=\"text-editor.default\">\n\t\t\t\t<div class=\"elementor-widget-container\">\n\t\t\t\t\t\t\t<p><strong>Quiz Bingo \u00e4r perfekt f\u00f6r att bygga laganda bland gruppmedlemmar inf\u00f6r ett m\u00f6te eller kanske innan middagen.<\/strong><\/p><p>Spelet tar fr\u00e5gesport till en helt ny niv\u00e5. Nu handlar det inte bara om att svara p\u00e5 en fr\u00e5ga efter en annan, utan laget m\u00e5ste f\u00f6lja de dragna bollarna, kryssa dem p\u00e5 sin bricka och skapa bingorader s\u00e5 snabbt som m\u00f6jligt, med tanke p\u00e5 att \u00e4ven summan av tv\u00e5 p\u00e5 varandra f\u00f6ljande valda bollar r\u00e4knas.<\/p><p>I spelet \u00e4r det avg\u00f6rande att f\u00f6rdela r\u00e4tt roller mellan lagmedlemmarna.<\/p>\t\t\t\t\t\t<\/div>\n\t\t\t\t<\/div>\n\t\t\t\t\t<\/div>\n\t\t<\/div>\n\t\t\t\t<div class=\"elementor-column elementor-col-50 elementor-inner-column elementor-element elementor-element-a17eed6\" data-id=\"a17eed6\" data-element_type=\"column\">\n\t\t\t<div class=\"elementor-widget-wrap elementor-element-populated\">\n\t\t\t\t\t\t\t\t<div class=\"elementor-element elementor-element-258e930 elementor-widget elementor-widget-text-editor\" data-id=\"258e930\" data-element_type=\"widget\" data-widget_type=\"text-editor.default\">\n\t\t\t\t<div class=\"elementor-widget-container\">\n\t\t\t\t\t\t\t<p><strong>Spelet l\u00e5ter dig v\u00e4lja \u00f6nskade \u00e4mnesomr\u00e5den f\u00f6r fr\u00e5gorna och \u00e4ven inkludera egna fr\u00e5gor.<\/strong><\/p><p>Du kan ta med egna, skr\u00e4ddarsydda fr\u00e5gor till ditt m\u00f6te eller evenemang. Lagens svar och statistik syns direkt och kan anv\u00e4ndas under sj\u00e4lva m\u00f6tet.<\/p><p>Spelet ger dessutom m\u00f6jlighet att anv\u00e4nda TAZ:s fr\u00e5gepaket. Dina egna fr\u00e5gor kan st\u00e4llas in s\u00e5 att de visas f\u00f6rst och f\u00e5r allts\u00e5 f\u00f6rtur.<\/p>\t\t\t\t\t\t<\/div>\n\t\t\t\t<\/div>\n\t\t\t\t\t<\/div>\n\t\t<\/div>\n\t\t\t\t\t\t\t<\/div>\n\t\t<\/section>\n\t\t\t\t<div class=\"elementor-element elementor-element-b972734 elementor-widget elementor-widget-heading\" data-id=\"b972734\" data-element_type=\"widget\" data-widget_type=\"heading.default\">\n\t\t\t\t<div class=\"elementor-widget-container\">\n\t\t\t<h2 class=\"elementor-heading-title elementor-size-default\">Speltid och anpassning f\u00f6r olika stora evenemang<\/h2>\t\t<\/div>\n\t\t\t\t<\/div>\n\t\t\t\t<section class=\"elementor-section elementor-inner-section elementor-element elementor-element-2d70761 elementor-section-boxed elementor-section-height-default elementor-section-height-default\" data-id=\"2d70761\" data-element_type=\"section\">\n\t\t\t\t\t\t<div class=\"elementor-container elementor-column-gap-default\">\n\t\t\t\t\t<div class=\"elementor-column elementor-col-50 elementor-inner-column elementor-element elementor-element-83569fd\" data-id=\"83569fd\" data-element_type=\"column\">\n\t\t\t<div class=\"elementor-widget-wrap elementor-element-populated\">\n\t\t\t\t\t\t\t\t<div class=\"elementor-element elementor-element-b0e09c3 elementor-widget elementor-widget-text-editor\" data-id=\"b0e09c3\" data-element_type=\"widget\" data-widget_type=\"text-editor.default\">\n\t\t\t\t<div class=\"elementor-widget-container\">\n\t\t\t\t\t\t\t<p><strong>Rekommenderad speltid: 30\u201360 minuter.<\/strong><\/p><p>Spelet genomf\u00f6rs i en enda omg\u00e5ng, utan pauser. Det kan spelas i b\u00f6rjan av dagen eller medan man v\u00e4ntar p\u00e5 middagen.<\/p>\t\t\t\t\t\t<\/div>\n\t\t\t\t<\/div>\n\t\t\t\t\t<\/div>\n\t\t<\/div>\n\t\t\t\t<div class=\"elementor-column elementor-col-50 elementor-inner-column elementor-element elementor-element-9841a2b\" data-id=\"9841a2b\" data-element_type=\"column\">\n\t\t\t<div class=\"elementor-widget-wrap elementor-element-populated\">\n\t\t\t\t\t\t\t\t<div class=\"elementor-element elementor-element-7b262d0 elementor-widget elementor-widget-text-editor\" data-id=\"7b262d0\" data-element_type=\"widget\" data-widget_type=\"text-editor.default\">\n\t\t\t\t<div class=\"elementor-widget-container\">\n\t\t\t\t\t\t\t<p><strong>Spelet passar perfekt f\u00f6r evenemang av alla storlekar.<\/strong><\/p><p>Det fungerar lika bra f\u00f6r sm\u00e5 grupper som f\u00f6r evenemang med tusentals deltagare.<\/p>\t\t\t\t\t\t<\/div>\n\t\t\t\t<\/div>\n\t\t\t\t\t<\/div>\n\t\t<\/div>\n\t\t\t\t\t\t\t<\/div>\n\t\t<\/section>\n\t\t\t\t<div class=\"elementor-element elementor-element-332bf2e elementor-widget elementor-widget-heading\" data-id=\"332bf2e\" data-element_type=\"widget\" data-widget_type=\"heading.default\">\n\t\t\t\t<div class=\"elementor-widget-container\">\n\t\t\t<h2 class=\"elementor-heading-title elementor-size-default\">Spel\u00f6versikt<\/h2>\t\t<\/div>\n\t\t\t\t<\/div>\n\t\t\t\t<section class=\"elementor-section elementor-inner-section elementor-element elementor-element-1ee469b elementor-section-boxed elementor-section-height-default elementor-section-height-default\" data-id=\"1ee469b\" data-element_type=\"section\">\n\t\t\t\t\t\t<div class=\"elementor-container elementor-column-gap-default\">\n\t\t\t\t\t<div class=\"elementor-column elementor-col-33 elementor-inner-column elementor-element elementor-element-0c13a5a\" data-id=\"0c13a5a\" data-element_type=\"column\">\n\t\t\t<div class=\"elementor-widget-wrap elementor-element-populated\">\n\t\t\t\t\t\t\t\t<div class=\"elementor-element elementor-element-42d97d3 elementor-widget elementor-widget-heading\" data-id=\"42d97d3\" data-element_type=\"widget\" data-widget_type=\"heading.default\">\n\t\t\t\t<div class=\"elementor-widget-container\">\n\t\t\t<h5 class=\"elementor-heading-title elementor-size-default\">1. Spelets start<\/h5>\t\t<\/div>\n\t\t\t\t<\/div>\n\t\t\t\t<div class=\"elementor-element elementor-element-e66b602 elementor-widget elementor-widget-text-editor\" data-id=\"e66b602\" data-element_type=\"widget\" data-widget_type=\"text-editor.default\">\n\t\t\t\t<div class=\"elementor-widget-container\">\n\t\t\t\t\t\t\t<p>Det g\u00e5r snabbt att f\u00f6rbereda spelet.<\/p><p>I b\u00f6rjan av spelet delas deltagarna in i lag om 4\u20138 personer. Lagindelningen kan ocks\u00e5 planeras i f\u00f6rv\u00e4g.<\/p><p>Varje lag beh\u00f6ver fyra mobila enheter f\u00f6r att ansluta till klanen som skapats av lagkaptenen.<\/p>\t\t\t\t\t\t<\/div>\n\t\t\t\t<\/div>\n\t\t\t\t\t<\/div>\n\t\t<\/div>\n\t\t\t\t<div class=\"elementor-column elementor-col-33 elementor-inner-column elementor-element elementor-element-73bef8e\" data-id=\"73bef8e\" data-element_type=\"column\">\n\t\t\t<div class=\"elementor-widget-wrap elementor-element-populated\">\n\t\t\t\t\t\t\t\t<div class=\"elementor-element elementor-element-ff665d8 elementor-widget elementor-widget-heading\" data-id=\"ff665d8\" data-element_type=\"widget\" data-widget_type=\"heading.default\">\n\t\t\t\t<div class=\"elementor-widget-container\">\n\t\t\t<h5 class=\"elementor-heading-title elementor-size-default\">2. Spelets g\u00e5ng<\/h5>\t\t<\/div>\n\t\t\t\t<\/div>\n\t\t\t\t<div class=\"elementor-element elementor-element-0ba4870 elementor-widget elementor-widget-text-editor\" data-id=\"0ba4870\" data-element_type=\"widget\" data-widget_type=\"text-editor.default\">\n\t\t\t\t<div class=\"elementor-widget-container\">\n\t\t\t\t\t\t\t<div class=\"flex-shrink-0 flex flex-col relative items-end\"><div class=\"pt-0\"><div class=\"gizmo-bot-avatar flex h-8 w-8 items-center justify-center overflow-hidden rounded-full\"><div class=\"relative p-1 rounded-sm flex items-center justify-center bg-token-main-surface-primary text-token-text-primary h-8 w-8\"><p>I spelet dras 15 bollar direkt i b\u00f6rjan, och d\u00e4refter dras en ny boll med j\u00e4mna mellanrum. Bollarna samlas runt lagets kupong p\u00e5 kaptenens sk\u00e4rm.<\/p><p>Lagen kan v\u00e4lja en boll och svara p\u00e5 den dragna fr\u00e5gan. Om svaret \u00e4r r\u00e4tt f\u00f6rsvinner bollen och laget f\u00e5r en markering p\u00e5 sin bricka (om bollens v\u00e4rde finns d\u00e4r). Vid fel svar ligger bollen kvar p\u00e5 sk\u00e4rmen f\u00f6r senare anv\u00e4ndning.<\/p><\/div><\/div><\/div><\/div>\t\t\t\t\t\t<\/div>\n\t\t\t\t<\/div>\n\t\t\t\t\t<\/div>\n\t\t<\/div>\n\t\t\t\t<div class=\"elementor-column elementor-col-33 elementor-inner-column elementor-element elementor-element-342f632\" data-id=\"342f632\" data-element_type=\"column\">\n\t\t\t<div class=\"elementor-widget-wrap elementor-element-populated\">\n\t\t\t\t\t\t\t\t<div class=\"elementor-element elementor-element-2c07681 elementor-widget elementor-widget-heading\" data-id=\"2c07681\" data-element_type=\"widget\" data-widget_type=\"heading.default\">\n\t\t\t\t<div class=\"elementor-widget-container\">\n\t\t\t<h5 class=\"elementor-heading-title elementor-size-default\">3. Spelresultat<\/h5>\t\t<\/div>\n\t\t\t\t<\/div>\n\t\t\t\t<div class=\"elementor-element elementor-element-244f9f7 elementor-widget elementor-widget-text-editor\" data-id=\"244f9f7\" data-element_type=\"widget\" data-widget_type=\"text-editor.default\">\n\t\t\t\t<div class=\"elementor-widget-container\">\n\t\t\t\t\t\t\t<p>Representanten f\u00f6r kundgruppen har tillg\u00e5ng till en resultatl\u00e4nk i realtid, d\u00e4r lagens po\u00e4ng, de svar lag har gett p\u00e5 spelets fr\u00e5gor samt statistik presenteras. Resultatl\u00e4nken finns \u00e4ven tillg\u00e4nglig efter evenemangsdagen.<\/p>\t\t\t\t\t\t<\/div>\n\t\t\t\t<\/div>\n\t\t\t\t\t<\/div>\n\t\t<\/div>\n\t\t\t\t\t\t\t<\/div>\n\t\t<\/section>\n\t\t\t\t<div class=\"elementor-element elementor-element-5472b2e elementor-widget elementor-widget-heading\" data-id=\"5472b2e\" data-element_type=\"widget\" data-widget_type=\"heading.default\">\n\t\t\t\t<div class=\"elementor-widget-container\">\n\t\t\t<h2 class=\"elementor-heading-title elementor-size-default\">Bilder fr\u00e5n spelet<\/h2>\t\t<\/div>\n\t\t\t\t<\/div>\n\t\t\t\t<div class=\"elementor-element elementor-element-d521ea7 elementor-widget elementor-widget-spacer\" data-id=\"d521ea7\" data-element_type=\"widget\" data-widget_type=\"spacer.default\">\n\t\t\t\t<div class=\"elementor-widget-container\">\n\t\t\t\t\t<div class=\"elementor-spacer\">\n\t\t\t<div class=\"elementor-spacer-inner\"><\/div>\n\t\t<\/div>\n\t\t\t\t<\/div>\n\t\t\t\t<\/div>\n\t\t\t\t<div class=\"elementor-element elementor-element-766daac elementor-arrows-position-inside elementor-pagination-position-outside elementor-widget elementor-widget-image-carousel\" data-id=\"766daac\" data-element_type=\"widget\" data-settings=\"{&quot;slides_to_show&quot;:&quot;5&quot;,&quot;autoplay&quot;:&quot;no&quot;,&quot;navigation&quot;:&quot;both&quot;,&quot;infinite&quot;:&quot;yes&quot;,&quot;speed&quot;:500}\" data-widget_type=\"image-carousel.default\">\n\t\t\t\t<div class=\"elementor-widget-container\">\n\t\t\t\t\t<div class=\"elementor-image-carousel-wrapper swiper-container\" dir=\"ltr\">\n\t\t\t<div class=\"elementor-image-carousel swiper-wrapper\" aria-live=\"polite\">\n\t\t\t\t\t\t\t\t<div class=\"swiper-slide\" role=\"group\" aria-roledescription=\"slide\" aria-label=\"1 of 12\"><figure class=\"swiper-slide-inner\"><img decoding=\"async\" class=\"swiper-slide-image\" src=\"https:\/\/www.taz.fi\/wp-content\/uploads\/2025\/01\/1-2.jpg\" alt=\"1\" \/><\/figure><\/div><div class=\"swiper-slide\" role=\"group\" aria-roledescription=\"slide\" aria-label=\"2 of 12\"><figure class=\"swiper-slide-inner\"><img decoding=\"async\" class=\"swiper-slide-image\" src=\"https:\/\/www.taz.fi\/wp-content\/uploads\/2025\/01\/2-2.jpg\" alt=\"2\" \/><\/figure><\/div><div class=\"swiper-slide\" role=\"group\" aria-roledescription=\"slide\" aria-label=\"3 of 12\"><figure class=\"swiper-slide-inner\"><img decoding=\"async\" class=\"swiper-slide-image\" src=\"https:\/\/www.taz.fi\/wp-content\/uploads\/2025\/01\/3-2.jpg\" alt=\"3\" \/><\/figure><\/div><div class=\"swiper-slide\" role=\"group\" aria-roledescription=\"slide\" aria-label=\"4 of 12\"><figure class=\"swiper-slide-inner\"><img decoding=\"async\" class=\"swiper-slide-image\" src=\"https:\/\/www.taz.fi\/wp-content\/uploads\/2025\/01\/4-2.jpg\" alt=\"4\" \/><\/figure><\/div><div class=\"swiper-slide\" role=\"group\" aria-roledescription=\"slide\" aria-label=\"5 of 12\"><figure class=\"swiper-slide-inner\"><img decoding=\"async\" class=\"swiper-slide-image\" src=\"https:\/\/www.taz.fi\/wp-content\/uploads\/2025\/01\/k1-1152x1536.jpg\" alt=\"k1\" \/><\/figure><\/div><div class=\"swiper-slide\" role=\"group\" aria-roledescription=\"slide\" aria-label=\"6 of 12\"><figure class=\"swiper-slide-inner\"><img decoding=\"async\" class=\"swiper-slide-image\" src=\"https:\/\/www.taz.fi\/wp-content\/uploads\/2025\/01\/k2-1152x1536.jpg\" alt=\"k2\" \/><\/figure><\/div><div class=\"swiper-slide\" role=\"group\" aria-roledescription=\"slide\" aria-label=\"7 of 12\"><figure class=\"swiper-slide-inner\"><img decoding=\"async\" class=\"swiper-slide-image\" src=\"https:\/\/www.taz.fi\/wp-content\/uploads\/2025\/01\/6-2.jpg\" alt=\"6\" \/><\/figure><\/div><div class=\"swiper-slide\" role=\"group\" aria-roledescription=\"slide\" aria-label=\"8 of 12\"><figure class=\"swiper-slide-inner\"><img decoding=\"async\" class=\"swiper-slide-image\" src=\"https:\/\/www.taz.fi\/wp-content\/uploads\/2025\/01\/k3-1152x1536.jpg\" alt=\"k3\" \/><\/figure><\/div><div class=\"swiper-slide\" role=\"group\" aria-roledescription=\"slide\" aria-label=\"9 of 12\"><figure class=\"swiper-slide-inner\"><img decoding=\"async\" class=\"swiper-slide-image\" src=\"https:\/\/www.taz.fi\/wp-content\/uploads\/2025\/01\/7-1.jpg\" alt=\"7\" \/><\/figure><\/div><div class=\"swiper-slide\" role=\"group\" aria-roledescription=\"slide\" aria-label=\"10 of 12\"><figure class=\"swiper-slide-inner\"><img decoding=\"async\" class=\"swiper-slide-image\" src=\"https:\/\/www.taz.fi\/wp-content\/uploads\/2025\/01\/k4-1152x1536.jpg\" alt=\"k4\" \/><\/figure><\/div><div class=\"swiper-slide\" role=\"group\" aria-roledescription=\"slide\" aria-label=\"11 of 12\"><figure class=\"swiper-slide-inner\"><img decoding=\"async\" class=\"swiper-slide-image\" src=\"https:\/\/www.taz.fi\/wp-content\/uploads\/2025\/01\/k5-1152x1536.jpg\" alt=\"k5\" \/><\/figure><\/div><div class=\"swiper-slide\" role=\"group\" aria-roledescription=\"slide\" aria-label=\"12 of 12\"><figure class=\"swiper-slide-inner\"><img decoding=\"async\" class=\"swiper-slide-image\" src=\"https:\/\/www.taz.fi\/wp-content\/uploads\/2025\/01\/8-1.jpg\" alt=\"8\" \/><\/figure><\/div>\t\t\t<\/div>\n\t\t\t\t\t\t\t\t\t\t\t\t<div class=\"elementor-swiper-button elementor-swiper-button-prev\" role=\"button\" tabindex=\"0\">\n\t\t\t\t\t\t<i aria-hidden=\"true\" class=\"eicon-chevron-left\"><\/i>\t\t\t\t\t<\/div>\n\t\t\t\t\t<div class=\"elementor-swiper-button elementor-swiper-button-next\" role=\"button\" tabindex=\"0\">\n\t\t\t\t\t\t<i aria-hidden=\"true\" class=\"eicon-chevron-right\"><\/i>\t\t\t\t\t<\/div>\n\t\t\t\t\n\t\t\t\t\t\t\t\t\t<div class=\"swiper-pagination\"><\/div>\n\t\t\t\t\t\t\t\t\t<\/div>\n\t\t\t\t<\/div>\n\t\t\t\t<\/div>\n\t\t\t\t<div class=\"elementor-element elementor-element-8f28ff4 elementor-widget elementor-widget-spacer\" data-id=\"8f28ff4\" data-element_type=\"widget\" data-widget_type=\"spacer.default\">\n\t\t\t\t<div class=\"elementor-widget-container\">\n\t\t\t\t\t<div class=\"elementor-spacer\">\n\t\t\t<div class=\"elementor-spacer-inner\"><\/div>\n\t\t<\/div>\n\t\t\t\t<\/div>\n\t\t\t\t<\/div>\n\t\t\t\t<div class=\"elementor-element elementor-element-cbe4c78 elementor-widget elementor-widget-heading\" data-id=\"cbe4c78\" data-element_type=\"widget\" data-widget_type=\"heading.default\">\n\t\t\t\t<div class=\"elementor-widget-container\">\n\t\t\t<h2 class=\"elementor-heading-title elementor-size-default\">Instruktioner f\u00f6r spelare<\/h2>\t\t<\/div>\n\t\t\t\t<\/div>\n\t\t\t\t<div class=\"elementor-element elementor-element-30f31ff elementor-widget elementor-widget-text-editor\" data-id=\"30f31ff\" data-element_type=\"widget\" data-widget_type=\"text-editor.default\">\n\t\t\t\t<div class=\"elementor-widget-container\">\n\t\t\t\t\t\t\t<p><strong>S\u00e5 h\u00e4r spelar du Quiz Bingo:<\/strong><\/p><p>1. I appen ser du din 5\u00d75 bingobricka och de dragna bollarna runt din bricka.<br \/>2. Bingospelet startar med 15 f\u00f6rdragna bollar. D\u00e4refter dras en ny boll med numret 1\u201375 med j\u00e4mna mellanrum och bollarna visas runt din bricka.<br \/>3. F\u00f6r att markera p\u00e5 din bricka v\u00e4ljer du en av de dragna bollarna som matchar ett nummer p\u00e5 din bricka, och svarar sedan r\u00e4tt p\u00e5 den tillh\u00f6rande fr\u00e5gan.<br \/>4. Observera att summan av dina tv\u00e5 senast dragna bollar ocks\u00e5 \u00e4r giltig. Till exempel, om du v\u00e4ljer bollarna med nummer 10 och 7, och din bricka har nummer 17, f\u00e5r du markera det numret p\u00e5 din bricka.<br \/>5. Varje korrekt besvarad fr\u00e5ga ger dig po\u00e4ng, och varje markerat nummer p\u00e5 din bricka ger dig 500 po\u00e4ng.<br \/>6. Du f\u00e5r \u00e4ven po\u00e4ng baserat p\u00e5 hur snabbt du fyller dina bingom\u00f6nster.<\/p><p><strong><em>Alternativ 1: (lag kan spela vid olika tillf\u00e4llen)<\/em><\/strong><\/p><ul><li>F\u00f6r en rad f\u00e5r du 5000 po\u00e4ng, plus ytterligare 500 po\u00e4ng f\u00f6r varje minut under 40 minuter. F\u00f6r tv\u00e5 rader f\u00e5r du 10 000 po\u00e4ng, plus ytterligare 1000 po\u00e4ng f\u00f6r varje minut under 50 minuter. F\u00f6r full bricka f\u00e5r du 20 000 po\u00e4ng, plus ytterligare 2000 po\u00e4ng f\u00f6r varje minut under en timme.<\/li><\/ul><p><strong><em>Alternativ 2: (lag spelar samtidigt)<\/em><\/strong><\/p><ul><li>Po\u00e4ng f\u00f6r f\u00e4rdiga bingos:<br \/>\u00a0 \u00a0 \u00a0En rad: 5000 po\u00e4ng<br \/>\u00a0 \u00a0 \u00a0Tv\u00e5 rader: 10 000 po\u00e4ng<br \/>\u00a0 \u00a0 \u00a0Full bricka: 15 000 po\u00e4ng<\/li><li>Bonuspo\u00e4ng till de snabbaste spelarna:<\/li><\/ul><ul><li style=\"list-style-type: none;\"><ul><li><p>1:a att fylla en rad: 10 000 po\u00e4ng, 2:a att fylla en rad: 8000 po\u00e4ng, 3:e att fylla en rad: 6000 po\u00e4ng, 4:e att fylla en rad: 5000 po\u00e4ng, 5:e att fylla en rad: 4000 po\u00e4ng, 6:e att fylla en rad: 3000 po\u00e4ng, 7:e att fylla en rad: 2000 po\u00e4ng, 8:e att fylla en rad: 1500 po\u00e4ng, 9:e att fylla en rad: 1000 po\u00e4ng, 10:e att fylla en rad: 500 po\u00e4ng<\/p><\/li><li>Spelare som fyller tv\u00e5 rader f\u00e5r dubbla bonuspo\u00e4ng.<\/li><li>Spelare som fyller hela brickan f\u00e5r trippla bonuspo\u00e4ng.<\/li><\/ul><\/li><\/ul><p>7. Observera att du f\u00f6rlorar 1000 po\u00e4ng om du svarar fel p\u00e5 tre fr\u00e5gor i rad.<br \/>8. Spelet kan antingen ha en f\u00f6rinst\u00e4lld maxl\u00e4ngd eller sluttid, eller s\u00e5 avslutas det n\u00e4r du har fyllt din bricka.<br \/>9. Laget med h\u00f6gst totalpo\u00e4ng vinner.<\/p>\t\t\t\t\t\t<\/div>\n\t\t\t\t<\/div>\n\t\t\t\t\t<\/div>\n\t\t<\/div>\n\t\t\t\t\t\t\t<\/div>\n\t\t<\/section>\n\t\t\t\t\t\t\t<\/div>","protected":false},"excerpt":{"rendered":"<p>Quiz Bingo Quiz Bingo kombinerar kunskap, strategi och en gnutta tur p\u00e5 ett unikt och sp\u00e4nnande s\u00e4tt. Det h\u00e4r spelet \u00e4r en mix av klassisk 75-bollars bingo och fr\u00e5gesport, d\u00e4r lagen f\u00e5r v\u00e4lja sin bingoboll genom att svara r\u00e4tt p\u00e5 en fr\u00e5ga. Bonuspo\u00e4ng delas ut beroende p\u00e5 hur snabbt lagen f\u00e5r 1-rad, 2-rader och full [&hellip;]<\/p>","protected":false},"author":3,"featured_media":6095,"parent":0,"menu_order":0,"comment_status":"closed","ping_status":"closed","template":"elementor_canvas","meta":[],"aioseo_notices":[],"_links":{"self":[{"href":"https:\/\/www.taz.fi\/en\/wp-json\/wp\/v2\/pages\/15437"}],"collection":[{"href":"https:\/\/www.taz.fi\/en\/wp-json\/wp\/v2\/pages"}],"about":[{"href":"https:\/\/www.taz.fi\/en\/wp-json\/wp\/v2\/types\/page"}],"author":[{"embeddable":true,"href":"https:\/\/www.taz.fi\/en\/wp-json\/wp\/v2\/users\/3"}],"replies":[{"embeddable":true,"href":"https:\/\/www.taz.fi\/en\/wp-json\/wp\/v2\/comments?post=15437"}],"version-history":[{"count":19,"href":"https:\/\/www.taz.fi\/en\/wp-json\/wp\/v2\/pages\/15437\/revisions"}],"predecessor-version":[{"id":18588,"href":"https:\/\/www.taz.fi\/en\/wp-json\/wp\/v2\/pages\/15437\/revisions\/18588"}],"wp:featuredmedia":[{"embeddable":true,"href":"https:\/\/www.taz.fi\/en\/wp-json\/wp\/v2\/media\/6095"}],"wp:attachment":[{"href":"https:\/\/www.taz.fi\/en\/wp-json\/wp\/v2\/media?parent=15437"}],"curies":[{"name":"wp","href":"https:\/\/api.w.org\/{rel}","templated":true}]}}