{"id":17679,"date":"2025-12-17T07:56:15","date_gmt":"2025-12-17T07:56:15","guid":{"rendered":"https:\/\/www.taz.fi\/?page_id=17679"},"modified":"2025-12-17T14:40:33","modified_gmt":"2025-12-17T14:40:33","slug":"amazing-adventure-eng-starting","status":"publish","type":"page","link":"https:\/\/www.taz.fi\/en\/amazing-adventure-eng-starting\/","title":{"rendered":"amazing-adventure-eng-starting"},"content":{"rendered":"<div data-elementor-type=\"wp-page\" data-elementor-id=\"17679\" class=\"elementor elementor-17679\" data-elementor-post-type=\"page\">\n\t\t\t\t\t\t\t\t\t<section class=\"elementor-section elementor-top-section elementor-element elementor-element-5902583 elementor-section-boxed elementor-section-height-default elementor-section-height-default\" data-id=\"5902583\" data-element_type=\"section\">\n\t\t\t\t\t\t<div class=\"elementor-container elementor-column-gap-default\">\n\t\t\t\t\t<div class=\"elementor-column elementor-col-100 elementor-top-column elementor-element elementor-element-b9652e4\" data-id=\"b9652e4\" data-element_type=\"column\">\n\t\t\t<div class=\"elementor-widget-wrap elementor-element-populated\">\n\t\t\t\t\t\t\t\t<div class=\"elementor-element elementor-element-e157b8e elementor-widget elementor-widget-spacer\" data-id=\"e157b8e\" data-element_type=\"widget\" data-widget_type=\"spacer.default\">\n\t\t\t\t<div class=\"elementor-widget-container\">\n\t\t\t\t\t<div class=\"elementor-spacer\">\n\t\t\t<div class=\"elementor-spacer-inner\"><\/div>\n\t\t<\/div>\n\t\t\t\t<\/div>\n\t\t\t\t<\/div>\n\t\t\t\t<div class=\"elementor-element elementor-element-cbe4c78 elementor-widget elementor-widget-heading\" data-id=\"cbe4c78\" data-element_type=\"widget\" data-widget_type=\"heading.default\">\n\t\t\t\t<div class=\"elementor-widget-container\">\n\t\t\t<h2 class=\"elementor-heading-title elementor-size-default\">AMAZING ADVENTURE - STARTING INSTRUCTIONS<\/h2>\t\t<\/div>\n\t\t\t\t<\/div>\n\t\t\t\t<section class=\"elementor-section elementor-inner-section elementor-element elementor-element-2ce9a67 elementor-section-boxed elementor-section-height-default elementor-section-height-default\" data-id=\"2ce9a67\" data-element_type=\"section\">\n\t\t\t\t\t\t<div class=\"elementor-container elementor-column-gap-default\">\n\t\t\t\t\t<div class=\"elementor-column elementor-col-100 elementor-inner-column elementor-element elementor-element-4385018\" data-id=\"4385018\" data-element_type=\"column\">\n\t\t\t<div class=\"elementor-widget-wrap elementor-element-populated\">\n\t\t\t\t\t\t\t\t<div class=\"elementor-element elementor-element-96a5b6f elementor-widget elementor-widget-heading\" data-id=\"96a5b6f\" data-element_type=\"widget\" data-widget_type=\"heading.default\">\n\t\t\t\t<div class=\"elementor-widget-container\">\n\t\t\t<h2 class=\"elementor-heading-title elementor-size-default\">Before the event<\/h2>\t\t<\/div>\n\t\t\t\t<\/div>\n\t\t\t\t<div class=\"elementor-element elementor-element-35f13f4 elementor-widget elementor-widget-text-editor\" data-id=\"35f13f4\" data-element_type=\"widget\" data-widget_type=\"text-editor.default\">\n\t\t\t\t<div class=\"elementor-widget-container\">\n\t\t\t\t\t\t\t<ol data-start=\"68\" data-end=\"373\"><li data-start=\"68\" data-end=\"144\"><p data-start=\"71\" data-end=\"144\">Make sure you have the <strong data-start=\"94\" data-end=\"107\">JOIN CODE<\/strong> that you received for your activity.<\/p><\/li><li data-start=\"146\" data-end=\"300\"><p data-start=\"149\" data-end=\"300\">Make sure participants\u2019 phone batteries are as fully charged as possible. This helps ensure smooth participation and reduces the risk of interruptions.<\/p><\/li><li data-start=\"302\" data-end=\"373\"><p data-start=\"305\" data-end=\"373\">If you wish, you can prepare for the activity in advance as follows:<\/p><\/li><\/ol><ul><li style=\"list-style-type: none;\"><ul data-start=\"375\" data-end=\"806\"><li data-start=\"375\" data-end=\"515\"><p data-start=\"377\" data-end=\"515\">It is recommended that all participants install the free <strong data-start=\"434\" data-end=\"449\">ActionTrack<\/strong> app (Google Play \/ App Store) on their phones before the event.<\/p><\/li><li data-start=\"516\" data-end=\"756\"><p data-start=\"518\" data-end=\"756\"><strong>Participants can be divided in advance into teams (= clans) that together use four mobile devices.<\/strong> Each mobile device can be shared by 1\u20133 team members so that everyone can clearly see the tasks. The recommended team size is 4\u20138 people.<\/p><\/li><li data-start=\"757\" data-end=\"806\"><p data-start=\"759\" data-end=\"806\">Team captains can also be appointed in advance.<\/p><\/li><\/ul><\/li><\/ul><p data-start=\"808\" data-end=\"909\">The above steps will speed up the start of the event and ensure that everyone can get going smoothly.<\/p>\t\t\t\t\t\t<\/div>\n\t\t\t\t<\/div>\n\t\t\t\t\t<\/div>\n\t\t<\/div>\n\t\t\t\t\t\t\t<\/div>\n\t\t<\/section>\n\t\t\t\t<section class=\"elementor-section elementor-inner-section elementor-element elementor-element-ce8181d elementor-section-boxed elementor-section-height-default elementor-section-height-default\" data-id=\"ce8181d\" data-element_type=\"section\">\n\t\t\t\t\t\t<div class=\"elementor-container elementor-column-gap-default\">\n\t\t\t\t\t<div class=\"elementor-column elementor-col-100 elementor-inner-column elementor-element elementor-element-3d0fc18\" data-id=\"3d0fc18\" data-element_type=\"column\">\n\t\t\t<div class=\"elementor-widget-wrap elementor-element-populated\">\n\t\t\t\t\t\t\t\t<div class=\"elementor-element elementor-element-9a9e7cd elementor-widget elementor-widget-heading\" data-id=\"9a9e7cd\" data-element_type=\"widget\" data-widget_type=\"heading.default\">\n\t\t\t\t<div class=\"elementor-widget-container\">\n\t\t\t<h2 class=\"elementor-heading-title elementor-size-default\">Event \u2013 short introduction<\/h2>\t\t<\/div>\n\t\t\t\t<\/div>\n\t\t\t\t<div class=\"elementor-element elementor-element-79ec3fb elementor-widget elementor-widget-text-editor\" data-id=\"79ec3fb\" data-element_type=\"widget\" data-widget_type=\"text-editor.default\">\n\t\t\t\t<div class=\"elementor-widget-container\">\n\t\t\t\t\t\t\t<p>Welcome to the Amazing Adventure game! Split into teams and choose a captain whose phone will act as the team\u2019s main device. The captain installs the ActionTrack app, downloads the game using the join code, creates a clan for the team, and joins the clan. From the remaining team members, choose three who also install the ActionTrack app, download the game, and join the clan after the captain. Once all teams are ready, you can start the adventure. Have fun!!<\/p>\t\t\t\t\t\t<\/div>\n\t\t\t\t<\/div>\n\t\t\t\t\t<\/div>\n\t\t<\/div>\n\t\t\t\t\t\t\t<\/div>\n\t\t<\/section>\n\t\t\t\t<section class=\"elementor-section elementor-inner-section elementor-element elementor-element-2e36d8d elementor-section-boxed elementor-section-height-default elementor-section-height-default\" data-id=\"2e36d8d\" data-element_type=\"section\">\n\t\t\t\t\t\t<div class=\"elementor-container elementor-column-gap-default\">\n\t\t\t\t\t<div class=\"elementor-column elementor-col-100 elementor-inner-column elementor-element elementor-element-a6faa33\" data-id=\"a6faa33\" data-element_type=\"column\">\n\t\t\t<div class=\"elementor-widget-wrap elementor-element-populated\">\n\t\t\t\t\t\t\t\t<div class=\"elementor-element elementor-element-709f2ff elementor-widget elementor-widget-heading\" data-id=\"709f2ff\" data-element_type=\"widget\" data-widget_type=\"heading.default\">\n\t\t\t\t<div class=\"elementor-widget-container\">\n\t\t\t<h2 class=\"elementor-heading-title elementor-size-default\">Event \u2013 detailed introduction<\/h2>\t\t<\/div>\n\t\t\t\t<\/div>\n\t\t\t\t<div class=\"elementor-element elementor-element-5b615b1 elementor-widget elementor-widget-text-editor\" data-id=\"5b615b1\" data-element_type=\"widget\" data-widget_type=\"text-editor.default\">\n\t\t\t\t<div class=\"elementor-widget-container\">\n\t\t\t\t\t\t\t<p data-start=\"1448\" data-end=\"1564\">Dear participants, a warm welcome to the Amazing Adventure game! Before we get started, we need to do the following:<\/p><h5 data-start=\"1566\" data-end=\"1583\">1. Form teams<\/h5><p data-start=\"1585\" data-end=\"1774\"><strong>Teams (= clans) use a total of four mobile devices.<\/strong> Each mobile device can be shared by 1\u20133 team members so that everyone can clearly see the tasks. The recommended team size is 4\u20138 people.<\/p><p data-start=\"1776\" data-end=\"1866\">Team sizes may vary \u2013 that is not a problem. Choose a team setup that feels right for you.<\/p><h5 data-start=\"1868\" data-end=\"1896\">2. Choose a team captain<\/h5><p data-start=\"1898\" data-end=\"1963\">The captain uses the team\u2019s main mobile device (phone or tablet).<\/p><p data-start=\"1965\" data-end=\"1986\">The device should be:<\/p><ul data-start=\"1987\" data-end=\"2098\"><li data-start=\"1987\" data-end=\"2005\"><p data-start=\"1989\" data-end=\"2005\">relatively new<\/p><\/li><li data-start=\"2006\" data-end=\"2053\"><p data-start=\"2008\" data-end=\"2053\">fully charged (a power bank is recommended)<\/p><\/li><li data-start=\"2054\" data-end=\"2098\"><p data-start=\"2056\" data-end=\"2098\">equipped with a properly functioning GPS<\/p><\/li><\/ul><p data-start=\"2100\" data-end=\"2209\">Note: The game cannot be continued on another device, so make sure the device works properly before starting.<\/p><h5>3. The captain installs the ActionTrack app<\/h5><p data-start=\"2260\" data-end=\"2393\">Download the free ActionTrack app from Google Play or the App Store. Grant all requested permissions so the game functions correctly.<\/p><h5 data-start=\"2395\" data-end=\"2442\">4. Downloading the game and creating a clan<\/h5><p data-start=\"2444\" data-end=\"2456\"><strong data-start=\"2444\" data-end=\"2456\">Captain:<\/strong><\/p><ul data-start=\"2457\" data-end=\"2684\"><li data-start=\"2457\" data-end=\"2499\"><p data-start=\"2459\" data-end=\"2499\">Downloads the game using the join code<\/p><\/li><li data-start=\"2500\" data-end=\"2528\"><p data-start=\"2502\" data-end=\"2528\">Enters their player name<\/p><\/li><li data-start=\"2529\" data-end=\"2587\"><p data-start=\"2531\" data-end=\"2587\">Creates a clan for the team (Clan view \u2192 \u201cCreate new\u201d)<\/p><\/li><li data-start=\"2588\" data-end=\"2626\"><p data-start=\"2590\" data-end=\"2626\">Gives the clan a name and password<\/p><\/li><li data-start=\"2627\" data-end=\"2684\"><p data-start=\"2629\" data-end=\"2684\"><strong>Joins the created clan first<\/strong> by entering the password<\/p><\/li><\/ul><p data-start=\"2686\" data-end=\"2800\">If the password is forgotten right at the beginning, the captain can easily create a new clan with a new password.<\/p><p data-start=\"2802\" data-end=\"2825\"><strong data-start=\"2802\" data-end=\"2825\">Other team members:<\/strong><\/p><p data-start=\"2827\" data-end=\"2857\">Select three team members who:<\/p><ul data-start=\"2858\" data-end=\"3066\"><li data-start=\"2858\" data-end=\"2889\"><p data-start=\"2860\" data-end=\"2889\">Install the ActionTrack app<\/p><\/li><li data-start=\"2890\" data-end=\"2931\"><p data-start=\"2892\" data-end=\"2931\">Download the game using the join code<\/p><\/li><li data-start=\"2932\" data-end=\"2969\"><p data-start=\"2934\" data-end=\"2969\">Enter their preferred player name<\/p><\/li><li data-start=\"2970\" data-end=\"3066\"><p data-start=\"2972\" data-end=\"3066\">Join the clan created by the captain by selecting it from the list and entering the password<\/p><\/li><\/ul>\t\t\t\t\t\t<\/div>\n\t\t\t\t<\/div>\n\t\t\t\t\t<\/div>\n\t\t<\/div>\n\t\t\t\t\t\t\t<\/div>\n\t\t<\/section>\n\t\t\t\t<section class=\"elementor-section elementor-inner-section elementor-element elementor-element-7e5ff61 elementor-section-boxed elementor-section-height-default elementor-section-height-default\" data-id=\"7e5ff61\" data-element_type=\"section\">\n\t\t\t\t\t\t<div class=\"elementor-container elementor-column-gap-default\">\n\t\t\t\t\t<div class=\"elementor-column elementor-col-100 elementor-inner-column elementor-element elementor-element-22d9d80\" data-id=\"22d9d80\" data-element_type=\"column\">\n\t\t\t<div class=\"elementor-widget-wrap elementor-element-populated\">\n\t\t\t\t\t\t\t\t<div class=\"elementor-element elementor-element-ea334e7 elementor-widget elementor-widget-heading\" data-id=\"ea334e7\" data-element_type=\"widget\" data-widget_type=\"heading.default\">\n\t\t\t\t<div class=\"elementor-widget-container\">\n\t\t\t<h2 class=\"elementor-heading-title elementor-size-default\">BRIEFLY ABOUT THE AMAZING ADVENTURE ACTIVITY<\/h2>\t\t<\/div>\n\t\t\t\t<\/div>\n\t\t\t\t\t<\/div>\n\t\t<\/div>\n\t\t\t\t\t\t\t<\/div>\n\t\t<\/section>\n\t\t\t\t<div class=\"elementor-element elementor-element-c231056 elementor-widget elementor-widget-heading\" data-id=\"c231056\" data-element_type=\"widget\" data-widget_type=\"heading.default\">\n\t\t\t\t<div class=\"elementor-widget-container\">\n\t\t\t<h2 class=\"elementor-heading-title elementor-size-default\">Instructions for the game itself<\/h2>\t\t<\/div>\n\t\t\t\t<\/div>\n\t\t\t\t<div class=\"elementor-element elementor-element-ac987fe elementor-widget elementor-widget-text-editor\" data-id=\"ac987fe\" data-element_type=\"widget\" data-widget_type=\"text-editor.default\">\n\t\t\t\t<div class=\"elementor-widget-container\">\n\t\t\t\t\t\t\t<p data-start=\"3160\" data-end=\"3397\"><strong>Please note:<\/strong> The game includes all necessary instructions. Other team members should review the instructions whenever possible. They contain important tips for collecting bonus points. The game cannot be won without earning bonus points.<\/p><p data-start=\"3399\" data-end=\"3610\">The game begins with each team\u2019s captain seeing the starting checkpoint of the team\u2019s assigned stage on the map. The captain should freely zoom and move the map to see all checkpoints and additional information.<\/p><p data-start=\"3612\" data-end=\"3814\">The team must move to the starting checkpoint, which activates the first stage. By tapping the checkpoint icon on the captain\u2019s map, you can see the exact area the captain needs to reach to activate it.<\/p><p data-start=\"3816\" data-end=\"4015\">During a stage, checkpoints appear on the captain\u2019s map, which the team can complete in any order they choose. By tapping pins or round icons, you can see what kind of tasks each checkpoint contains.<\/p><p data-start=\"4017\" data-end=\"4309\">When the captain activates a task, it becomes visible to all team members. Team members may either see the captain\u2019s question exactly as it is on their own phones, or they may see device-specific content that others do not see. In all cases, the team must discuss and solve the task together.<\/p><p data-start=\"4311\" data-end=\"4442\">Points are awarded based on the correctness of the captain\u2019s submitted answer, and in some questions, speed also affects the score.<\/p><p data-start=\"4444\" data-end=\"4726\">Checkpoints also have symbols. If you perform a checkpoint task well enough, you earn its symbol. By forming symbol chains of two or three symbols, you earn bonus points and valuable extra checkpoints. It is definitely worth planning the order in which you complete the checkpoints.<\/p><p data-start=\"4728\" data-end=\"4963\">Each stage also awards bonus points based on how well the team completes the stage. In addition, stages provide bonus level points, which allow teams to progress through the game\u2019s overall bonus levels and gain important extra bonuses.<\/p><p data-start=\"4965\" data-end=\"5064\">At the end of the activity, teams should go to the agreed meeting point where everyone will gather.<\/p><p data-start=\"5066\" data-end=\"5209\" data-is-last-node=\"\" data-is-only-node=\"\">Please note: Do not follow other teams. The app assigns teams to different stages, and within stages, teams see different optional checkpoints.<\/p>\t\t\t\t\t\t<\/div>\n\t\t\t\t<\/div>\n\t\t\t\t<div class=\"elementor-element elementor-element-a274195 elementor-align-center elementor-widget elementor-widget-button\" data-id=\"a274195\" data-element_type=\"widget\" data-widget_type=\"button.default\">\n\t\t\t\t<div class=\"elementor-widget-container\">\n\t\t\t\t\t<div class=\"elementor-button-wrapper\">\n\t\t\t<a class=\"elementor-button elementor-button-link elementor-size-md elementor-animation-grow\" href=\"https:\/\/www.taz.fi\/fi\/amazing-adventure\/\">\n\t\t\t\t\t\t<span class=\"elementor-button-content-wrapper\">\n\t\t\t\t\t\t<span class=\"elementor-button-text\">Lue lis\u00e4\u00e4 pelist\u00e4<\/span>\n\t\t<\/span>\n\t\t\t\t\t<\/a>\n\t\t<\/div>\n\t\t\t\t<\/div>\n\t\t\t\t<\/div>\n\t\t\t\t<div class=\"elementor-element elementor-element-d2a0df7 elementor-widget elementor-widget-spacer\" data-id=\"d2a0df7\" data-element_type=\"widget\" data-widget_type=\"spacer.default\">\n\t\t\t\t<div class=\"elementor-widget-container\">\n\t\t\t\t\t<div class=\"elementor-spacer\">\n\t\t\t<div class=\"elementor-spacer-inner\"><\/div>\n\t\t<\/div>\n\t\t\t\t<\/div>\n\t\t\t\t<\/div>\n\t\t\t\t\t<\/div>\n\t\t<\/div>\n\t\t\t\t\t\t\t<\/div>\n\t\t<\/section>\n\t\t\t\t\t\t\t<\/div>","protected":false},"excerpt":{"rendered":"<p>AMAZING ADVENTURE &#8211; STARTING INSTRUCTIONS Before the event Make sure you have the JOIN CODE that you received for your activity. Make sure participants\u2019 phone batteries are as fully charged as possible. This helps ensure smooth participation and reduces the risk of interruptions. If you wish, you can prepare for the activity in advance as [&hellip;]<\/p>","protected":false},"author":3,"featured_media":8206,"parent":0,"menu_order":0,"comment_status":"closed","ping_status":"closed","template":"elementor_canvas","meta":[],"aioseo_notices":[],"_links":{"self":[{"href":"https:\/\/www.taz.fi\/en\/wp-json\/wp\/v2\/pages\/17679"}],"collection":[{"href":"https:\/\/www.taz.fi\/en\/wp-json\/wp\/v2\/pages"}],"about":[{"href":"https:\/\/www.taz.fi\/en\/wp-json\/wp\/v2\/types\/page"}],"author":[{"embeddable":true,"href":"https:\/\/www.taz.fi\/en\/wp-json\/wp\/v2\/users\/3"}],"replies":[{"embeddable":true,"href":"https:\/\/www.taz.fi\/en\/wp-json\/wp\/v2\/comments?post=17679"}],"version-history":[{"count":19,"href":"https:\/\/www.taz.fi\/en\/wp-json\/wp\/v2\/pages\/17679\/revisions"}],"predecessor-version":[{"id":17850,"href":"https:\/\/www.taz.fi\/en\/wp-json\/wp\/v2\/pages\/17679\/revisions\/17850"}],"wp:featuredmedia":[{"embeddable":true,"href":"https:\/\/www.taz.fi\/en\/wp-json\/wp\/v2\/media\/8206"}],"wp:attachment":[{"href":"https:\/\/www.taz.fi\/en\/wp-json\/wp\/v2\/media?parent=17679"}],"curies":[{"name":"wp","href":"https:\/\/api.w.org\/{rel}","templated":true}]}}