{"id":17851,"date":"2025-12-18T06:43:07","date_gmt":"2025-12-18T06:43:07","guid":{"rendered":"https:\/\/www.taz.fi\/?page_id=17851"},"modified":"2025-12-18T06:49:17","modified_gmt":"2025-12-18T06:49:17","slug":"amazing-adventure-swe-starting","status":"publish","type":"page","link":"https:\/\/www.taz.fi\/en\/amazing-adventure-swe-starting\/","title":{"rendered":"amazing-adventure-swe-starting"},"content":{"rendered":"<div data-elementor-type=\"wp-page\" data-elementor-id=\"17851\" class=\"elementor elementor-17851\" data-elementor-post-type=\"page\">\n\t\t\t\t\t\t\t\t\t<section class=\"elementor-section elementor-top-section elementor-element elementor-element-5902583 elementor-section-boxed elementor-section-height-default elementor-section-height-default\" data-id=\"5902583\" data-element_type=\"section\">\n\t\t\t\t\t\t<div class=\"elementor-container elementor-column-gap-default\">\n\t\t\t\t\t<div class=\"elementor-column elementor-col-100 elementor-top-column elementor-element elementor-element-b9652e4\" data-id=\"b9652e4\" data-element_type=\"column\">\n\t\t\t<div class=\"elementor-widget-wrap elementor-element-populated\">\n\t\t\t\t\t\t\t\t<div class=\"elementor-element elementor-element-e157b8e elementor-widget elementor-widget-spacer\" data-id=\"e157b8e\" data-element_type=\"widget\" data-widget_type=\"spacer.default\">\n\t\t\t\t<div class=\"elementor-widget-container\">\n\t\t\t\t\t<div class=\"elementor-spacer\">\n\t\t\t<div class=\"elementor-spacer-inner\"><\/div>\n\t\t<\/div>\n\t\t\t\t<\/div>\n\t\t\t\t<\/div>\n\t\t\t\t<div class=\"elementor-element elementor-element-cbe4c78 elementor-widget elementor-widget-heading\" data-id=\"cbe4c78\" data-element_type=\"widget\" data-widget_type=\"heading.default\">\n\t\t\t\t<div class=\"elementor-widget-container\">\n\t\t\t<h2 class=\"elementor-heading-title elementor-size-default\">AMAZING ADVENTURE \u2013 STARTINSTRUKTIONER<\/h2>\t\t<\/div>\n\t\t\t\t<\/div>\n\t\t\t\t<section class=\"elementor-section elementor-inner-section elementor-element elementor-element-2ce9a67 elementor-section-boxed elementor-section-height-default elementor-section-height-default\" data-id=\"2ce9a67\" data-element_type=\"section\">\n\t\t\t\t\t\t<div class=\"elementor-container elementor-column-gap-default\">\n\t\t\t\t\t<div class=\"elementor-column elementor-col-100 elementor-inner-column elementor-element elementor-element-4385018\" data-id=\"4385018\" data-element_type=\"column\">\n\t\t\t<div class=\"elementor-widget-wrap elementor-element-populated\">\n\t\t\t\t\t\t\t\t<div class=\"elementor-element elementor-element-96a5b6f elementor-widget elementor-widget-heading\" data-id=\"96a5b6f\" data-element_type=\"widget\" data-widget_type=\"heading.default\">\n\t\t\t\t<div class=\"elementor-widget-container\">\n\t\t\t<h2 class=\"elementor-heading-title elementor-size-default\">F\u00f6re evenemanget<\/h2>\t\t<\/div>\n\t\t\t\t<\/div>\n\t\t\t\t<div class=\"elementor-element elementor-element-35f13f4 elementor-widget elementor-widget-text-editor\" data-id=\"35f13f4\" data-element_type=\"widget\" data-widget_type=\"text-editor.default\">\n\t\t\t\t<div class=\"elementor-widget-container\">\n\t\t\t\t\t\t\t<ul data-start=\"65\" data-end=\"290\"><li data-start=\"65\" data-end=\"142\"><p data-start=\"67\" data-end=\"142\">Se till att ni har <strong data-start=\"86\" data-end=\"106\">ANSLUTNINGSKODEN<\/strong> som ni har f\u00e5tt f\u00f6r er aktivitet.<\/p><\/li><li data-start=\"143\" data-end=\"290\"><p data-start=\"145\" data-end=\"290\">Se till att deltagarnas telefonbatterier \u00e4r s\u00e5 fulladdade som m\u00f6jligt. Detta underl\u00e4ttar ett smidigt deltagande och minskar risken f\u00f6r avbrott.<\/p><\/li><\/ul><p data-start=\"292\" data-end=\"358\">Om ni vill kan ni f\u00f6rbereda er inf\u00f6r aktiviteten p\u00e5 f\u00f6ljande s\u00e4tt:<\/p><ul data-start=\"360\" data-end=\"785\"><li data-start=\"360\" data-end=\"513\"><p data-start=\"362\" data-end=\"513\">Det rekommenderas att alla deltagare installerar den kostnadsfria <strong data-start=\"428\" data-end=\"449\">ActionTrack-appen<\/strong> (Google Play \/ App Store) p\u00e5 sina telefoner f\u00f6re evenemanget.<\/p><\/li><li data-start=\"514\" data-end=\"743\"><p data-start=\"516\" data-end=\"743\">Deltagarna kan delas in i f\u00f6rv\u00e4g i lag (= klaner) som tillsammans anv\u00e4nder fyra mobila enheter. Varje mobil enhet kan delas av 1\u20133 lagmedlemmar s\u00e5 att alla tydligt kan se uppgifterna. Rekommenderad lagstorlek \u00e4r 4\u20138 personer.<\/p><\/li><li data-start=\"744\" data-end=\"785\"><p data-start=\"746\" data-end=\"785\">Lagkaptener kan ocks\u00e5 utses i f\u00f6rv\u00e4g.<\/p><\/li><\/ul><p data-start=\"787\" data-end=\"890\">Ovanst\u00e5ende \u00e5tg\u00e4rder snabbar upp starten av evenemanget och s\u00e4kerst\u00e4ller att alla kommer ig\u00e5ng smidigt.<\/p>\t\t\t\t\t\t<\/div>\n\t\t\t\t<\/div>\n\t\t\t\t\t<\/div>\n\t\t<\/div>\n\t\t\t\t\t\t\t<\/div>\n\t\t<\/section>\n\t\t\t\t<section class=\"elementor-section elementor-inner-section elementor-element elementor-element-ce8181d elementor-section-boxed elementor-section-height-default elementor-section-height-default\" data-id=\"ce8181d\" data-element_type=\"section\">\n\t\t\t\t\t\t<div class=\"elementor-container elementor-column-gap-default\">\n\t\t\t\t\t<div class=\"elementor-column elementor-col-100 elementor-inner-column elementor-element elementor-element-3d0fc18\" data-id=\"3d0fc18\" data-element_type=\"column\">\n\t\t\t<div class=\"elementor-widget-wrap elementor-element-populated\">\n\t\t\t\t\t\t\t\t<div class=\"elementor-element elementor-element-9a9e7cd elementor-widget elementor-widget-heading\" data-id=\"9a9e7cd\" data-element_type=\"widget\" data-widget_type=\"heading.default\">\n\t\t\t\t<div class=\"elementor-widget-container\">\n\t\t\t<h2 class=\"elementor-heading-title elementor-size-default\">Evenemang \u2013 kort introduktion<\/h2>\t\t<\/div>\n\t\t\t\t<\/div>\n\t\t\t\t<div class=\"elementor-element elementor-element-79ec3fb elementor-widget elementor-widget-text-editor\" data-id=\"79ec3fb\" data-element_type=\"widget\" data-widget_type=\"text-editor.default\">\n\t\t\t\t<div class=\"elementor-widget-container\">\n\t\t\t\t\t\t\t<p>V\u00e4lkommen till <strong data-start=\"946\" data-end=\"967\">Amazing Adventure<\/strong>! Dela in er i lag och v\u00e4lj en kapten vars telefon fungerar som lagets huvudenhet. Kaptenen installerar ActionTrack-appen, laddar ner spelet med anslutningskoden, skapar en klan f\u00f6r laget och g\u00e5r med i klanen. Bland de \u00f6vriga lagmedlemmarna v\u00e4ljs tre som ocks\u00e5 installerar ActionTrack-appen, laddar ner spelet och ansluter till klanen efter kaptenen. N\u00e4r alla lag \u00e4r redo kan \u00e4ventyret b\u00f6rja. Ha s\u00e5 roligt!<\/p>\t\t\t\t\t\t<\/div>\n\t\t\t\t<\/div>\n\t\t\t\t\t<\/div>\n\t\t<\/div>\n\t\t\t\t\t\t\t<\/div>\n\t\t<\/section>\n\t\t\t\t<section class=\"elementor-section elementor-inner-section elementor-element elementor-element-2e36d8d elementor-section-boxed elementor-section-height-default elementor-section-height-default\" data-id=\"2e36d8d\" data-element_type=\"section\">\n\t\t\t\t\t\t<div class=\"elementor-container elementor-column-gap-default\">\n\t\t\t\t\t<div class=\"elementor-column elementor-col-100 elementor-inner-column elementor-element elementor-element-a6faa33\" data-id=\"a6faa33\" data-element_type=\"column\">\n\t\t\t<div class=\"elementor-widget-wrap elementor-element-populated\">\n\t\t\t\t\t\t\t\t<div class=\"elementor-element elementor-element-709f2ff elementor-widget elementor-widget-heading\" data-id=\"709f2ff\" data-element_type=\"widget\" data-widget_type=\"heading.default\">\n\t\t\t\t<div class=\"elementor-widget-container\">\n\t\t\t<h2 class=\"elementor-heading-title elementor-size-default\">Evenemang \u2013 detaljerad introduktion<\/h2>\t\t<\/div>\n\t\t\t\t<\/div>\n\t\t\t\t<div class=\"elementor-element elementor-element-5b615b1 elementor-widget elementor-widget-text-editor\" data-id=\"5b615b1\" data-element_type=\"widget\" data-widget_type=\"text-editor.default\">\n\t\t\t\t<div class=\"elementor-widget-container\">\n\t\t\t\t\t\t\t<p data-start=\"1420\" data-end=\"1526\">K\u00e4ra deltagare, varmt v\u00e4lkomna till <strong data-start=\"1456\" data-end=\"1477\">Amazing Adventure<\/strong>! Innan vi s\u00e4tter ig\u00e5ng beh\u00f6ver vi g\u00f6ra f\u00f6ljande:<\/p><h5 data-start=\"1528\" data-end=\"1544\">1. Bilda lag<\/h5><p data-start=\"1546\" data-end=\"1729\">Lagen (= klaner) anv\u00e4nder totalt fyra mobila enheter. Varje mobil enhet kan delas av 1\u20133 lagmedlemmar s\u00e5 att alla tydligt kan se uppgifterna. Rekommenderad lagstorlek \u00e4r 4\u20138 personer.<\/p><p data-start=\"1731\" data-end=\"1824\">Lagstorlekarna kan variera \u2013 det \u00e4r inget problem. V\u00e4lj en lagindelning som k\u00e4nns bra f\u00f6r er.<\/p><h5 data-start=\"1826\" data-end=\"1850\">2. V\u00e4lj en lagkapten<\/h5><p data-start=\"1852\" data-end=\"1930\">Kaptenen anv\u00e4nder lagets huvudsakliga mobila enhet (telefon eller surfplatta).<\/p><p data-start=\"1932\" data-end=\"1949\">Enheten ska vara:<\/p><ul data-start=\"1950\" data-end=\"2037\"><li data-start=\"1950\" data-end=\"1965\"><p data-start=\"1952\" data-end=\"1965\">relativt ny<\/p><\/li><li data-start=\"1966\" data-end=\"2005\"><p data-start=\"1968\" data-end=\"2005\">fulladdad (powerbank rekommenderas)<\/p><\/li><li data-start=\"2006\" data-end=\"2037\"><p data-start=\"2008\" data-end=\"2037\">utrustad med fungerande GPS<\/p><\/li><\/ul><p data-start=\"2039\" data-end=\"2148\">Obs: Spelet kan inte forts\u00e4tta p\u00e5 en annan enhet, s\u00e5 s\u00e4kerst\u00e4ll att enheten fungerar korrekt innan ni b\u00f6rjar.<\/p><h5 data-start=\"2150\" data-end=\"2195\">3. Kaptenen installerar ActionTrack-appen<\/h5><p data-start=\"2197\" data-end=\"2342\">Ladda ner den kostnadsfria ActionTrack-appen fr\u00e5n Google Play eller App Store. Ge appen alla beg\u00e4rda beh\u00f6righeter s\u00e5 att spelet fungerar korrekt.<\/p><h5 data-start=\"2344\" data-end=\"2385\">4. Ladda ner spelet och skapa en klan<\/h5><p data-start=\"2387\" data-end=\"2400\"><strong data-start=\"2387\" data-end=\"2400\">Kaptenen:<\/strong><\/p><ul data-start=\"2401\" data-end=\"2626\"><li data-start=\"2401\" data-end=\"2443\"><p data-start=\"2403\" data-end=\"2443\">Laddar ner spelet med anslutningskoden<\/p><\/li><li data-start=\"2444\" data-end=\"2469\"><p data-start=\"2446\" data-end=\"2469\">Anger sitt spelarnamn<\/p><\/li><li data-start=\"2470\" data-end=\"2520\"><p data-start=\"2472\" data-end=\"2520\">Skapar en klan f\u00f6r laget (Klanvy \u2192 \u201dSkapa ny\u201d)<\/p><\/li><li data-start=\"2521\" data-end=\"2561\"><p data-start=\"2523\" data-end=\"2561\">Ger klanen ett namn och ett l\u00f6senord<\/p><\/li><li data-start=\"2562\" data-end=\"2626\"><p data-start=\"2564\" data-end=\"2626\">G\u00e5r med i den skapade klanen f\u00f6rst genom att ange l\u00f6senordet<\/p><\/li><\/ul><p data-start=\"2628\" data-end=\"2728\">Om l\u00f6senordet gl\u00f6ms bort direkt i b\u00f6rjan kan kaptenen enkelt skapa en ny klan med ett nytt l\u00f6senord.<\/p><p data-start=\"2730\" data-end=\"2754\"><strong data-start=\"2730\" data-end=\"2754\">\u00d6vriga lagmedlemmar:<\/strong><\/p><p data-start=\"2756\" data-end=\"2782\">V\u00e4lj tre lagmedlemmar som:<\/p><ul data-start=\"2783\" data-end=\"2989\"><li data-start=\"2783\" data-end=\"2816\"><p data-start=\"2785\" data-end=\"2816\">Installerar ActionTrack-appen<\/p><\/li><li data-start=\"2817\" data-end=\"2859\"><p data-start=\"2819\" data-end=\"2859\">Laddar ner spelet med anslutningskoden<\/p><\/li><li data-start=\"2860\" data-end=\"2891\"><p data-start=\"2862\" data-end=\"2891\">Anger sitt valda spelarnamn<\/p><\/li><li data-start=\"2892\" data-end=\"2989\"><p data-start=\"2894\" data-end=\"2989\">Ansluter till klanen som kaptenen har skapat genom att v\u00e4lja den i listan och ange l\u00f6senordet<\/p><\/li><\/ul>\t\t\t\t\t\t<\/div>\n\t\t\t\t<\/div>\n\t\t\t\t\t<\/div>\n\t\t<\/div>\n\t\t\t\t\t\t\t<\/div>\n\t\t<\/section>\n\t\t\t\t<section class=\"elementor-section elementor-inner-section elementor-element elementor-element-7e5ff61 elementor-section-boxed elementor-section-height-default elementor-section-height-default\" data-id=\"7e5ff61\" data-element_type=\"section\">\n\t\t\t\t\t\t<div class=\"elementor-container elementor-column-gap-default\">\n\t\t\t\t\t<div class=\"elementor-column elementor-col-100 elementor-inner-column elementor-element elementor-element-22d9d80\" data-id=\"22d9d80\" data-element_type=\"column\">\n\t\t\t<div class=\"elementor-widget-wrap elementor-element-populated\">\n\t\t\t\t\t\t\t\t<div class=\"elementor-element elementor-element-ea334e7 elementor-widget elementor-widget-heading\" data-id=\"ea334e7\" data-element_type=\"widget\" data-widget_type=\"heading.default\">\n\t\t\t\t<div class=\"elementor-widget-container\">\n\t\t\t<h2 class=\"elementor-heading-title elementor-size-default\">KORT OM AMAZING ADVENTURE-AKTIVITETEN<\/h2>\t\t<\/div>\n\t\t\t\t<\/div>\n\t\t\t\t\t<\/div>\n\t\t<\/div>\n\t\t\t\t\t\t\t<\/div>\n\t\t<\/section>\n\t\t\t\t<div class=\"elementor-element elementor-element-c231056 elementor-widget elementor-widget-heading\" data-id=\"c231056\" data-element_type=\"widget\" data-widget_type=\"heading.default\">\n\t\t\t\t<div class=\"elementor-widget-container\">\n\t\t\t<h2 class=\"elementor-heading-title elementor-size-default\">Instruktioner f\u00f6r sj\u00e4lva spelet<\/h2>\t\t<\/div>\n\t\t\t\t<\/div>\n\t\t\t\t<div class=\"elementor-element elementor-element-ac987fe elementor-widget elementor-widget-text-editor\" data-id=\"ac987fe\" data-element_type=\"widget\" data-widget_type=\"text-editor.default\">\n\t\t\t\t<div class=\"elementor-widget-container\">\n\t\t\t\t\t\t\t<p data-start=\"3075\" data-end=\"3302\"><strong>Observera:<\/strong> Spelet inneh\u00e5ller alla n\u00f6dv\u00e4ndiga instruktioner. \u00d6vriga lagmedlemmar b\u00f6r l\u00e4sa instruktionerna n\u00e4r det \u00e4r m\u00f6jligt. De inneh\u00e5ller viktiga tips f\u00f6r att samla bonuspo\u00e4ng. Spelet kan inte vinnas utan att samla bonuspo\u00e4ng.<\/p><p data-start=\"3304\" data-end=\"3507\">Spelet b\u00f6rjar med att varje lags kapten ser startkontrollpunkten f\u00f6r lagets tilldelade etapp p\u00e5 kartan. Kaptenen b\u00f6r zooma och flytta kartan fritt f\u00f6r att se alla kontrollpunkter och till\u00e4ggsinformation.<\/p><p data-start=\"3509\" data-end=\"3724\">Laget ska ta sig till startkontrollpunkten, vilket aktiverar den f\u00f6rsta etappen. Genom att trycka p\u00e5 kontrollpunktens ikon p\u00e5 kaptenens karta kan ni se det exakta omr\u00e5de som kaptenen beh\u00f6ver n\u00e5 f\u00f6r att aktivera den.<\/p><p data-start=\"3726\" data-end=\"3933\">Under en etapp visas kontrollpunkter p\u00e5 kaptenens karta som laget kan genomf\u00f6ra i valfri ordning. Genom att trycka p\u00e5 n\u00e5lar eller runda ikoner kan ni se vilka typer av uppgifter kontrollpunkterna inneh\u00e5ller.<\/p><p data-start=\"3935\" data-end=\"4228\">N\u00e4r kaptenen aktiverar en uppgift blir den synlig f\u00f6r alla lagmedlemmar. Lagmedlemmarna kan antingen se kaptenens fr\u00e5ga exakt som den visas p\u00e5 sina egna telefoner, eller s\u00e5 kan de se enhetsspecifikt inneh\u00e5ll som andra inte ser. I alla fall m\u00e5ste laget diskutera och l\u00f6sa uppgiften tillsammans.<\/p><p data-start=\"4230\" data-end=\"4350\">Po\u00e4ng delas ut baserat p\u00e5 hur korrekt kaptenens inskickade svar \u00e4r, och i vissa fr\u00e5gor p\u00e5verkar \u00e4ven snabbheten po\u00e4ngen.<\/p><p data-start=\"4352\" data-end=\"4655\">Kontrollpunkterna har ocks\u00e5 symboler. Om ni genomf\u00f6r en kontrollpunkt tillr\u00e4ckligt bra f\u00e5r ni dess symbol. Genom att bilda symbolkedjor med tv\u00e5 eller tre symboler f\u00e5r ni bonuspo\u00e4ng och v\u00e4rdefulla extra kontrollpunkter. Det l\u00f6nar sig definitivt att planera i vilken ordning ni genomf\u00f6r kontrollpunkterna.<\/p><p data-start=\"4657\" data-end=\"4879\">Varje etapp ger ocks\u00e5 bonuspo\u00e4ng beroende p\u00e5 hur v\u00e4l laget genomf\u00f6r etappen. Dessutom ger etapperna bonusniv\u00e5po\u00e4ng, som g\u00f6r det m\u00f6jligt f\u00f6r lagen att avancera i spelets \u00f6vergripande bonusniv\u00e5er och f\u00e5 viktiga extrabonusar.<\/p><p data-start=\"4881\" data-end=\"4972\">N\u00e4r aktiviteten \u00e4r slut ska lagen g\u00e5 till den \u00f6verenskomna samlingsplatsen d\u00e4r alla samlas.<\/p><p data-start=\"4974\" data-end=\"5107\" data-is-last-node=\"\" data-is-only-node=\"\">Observera: F\u00f6lj inte andra lag. Appen tilldelar lagen till olika etapper, och inom etapperna ser lagen olika valbara kontrollpunkter.<\/p>\t\t\t\t\t\t<\/div>\n\t\t\t\t<\/div>\n\t\t\t\t<div class=\"elementor-element elementor-element-a274195 elementor-align-center elementor-widget elementor-widget-button\" data-id=\"a274195\" data-element_type=\"widget\" data-widget_type=\"button.default\">\n\t\t\t\t<div class=\"elementor-widget-container\">\n\t\t\t\t\t<div class=\"elementor-button-wrapper\">\n\t\t\t<a class=\"elementor-button elementor-button-link elementor-size-md elementor-animation-grow\" href=\"https:\/\/www.taz.fi\/fi\/amazing-adventure-swe\/\">\n\t\t\t\t\t\t<span class=\"elementor-button-content-wrapper\">\n\t\t\t\t\t\t<span class=\"elementor-button-text\">L\u00e4s mer om spelet<\/span>\n\t\t<\/span>\n\t\t\t\t\t<\/a>\n\t\t<\/div>\n\t\t\t\t<\/div>\n\t\t\t\t<\/div>\n\t\t\t\t<div class=\"elementor-element elementor-element-d2a0df7 elementor-widget elementor-widget-spacer\" data-id=\"d2a0df7\" data-element_type=\"widget\" data-widget_type=\"spacer.default\">\n\t\t\t\t<div class=\"elementor-widget-container\">\n\t\t\t\t\t<div class=\"elementor-spacer\">\n\t\t\t<div class=\"elementor-spacer-inner\"><\/div>\n\t\t<\/div>\n\t\t\t\t<\/div>\n\t\t\t\t<\/div>\n\t\t\t\t\t<\/div>\n\t\t<\/div>\n\t\t\t\t\t\t\t<\/div>\n\t\t<\/section>\n\t\t\t\t\t\t\t<\/div>","protected":false},"excerpt":{"rendered":"<p>AMAZING ADVENTURE \u2013 STARTINSTRUKTIONER F\u00f6re evenemanget Se till att ni har ANSLUTNINGSKODEN som ni har f\u00e5tt f\u00f6r er aktivitet. Se till att deltagarnas telefonbatterier \u00e4r s\u00e5 fulladdade som m\u00f6jligt. Detta underl\u00e4ttar ett smidigt deltagande och minskar risken f\u00f6r avbrott. Om ni vill kan ni f\u00f6rbereda er inf\u00f6r aktiviteten p\u00e5 f\u00f6ljande s\u00e4tt: Det rekommenderas att alla [&hellip;]<\/p>","protected":false},"author":3,"featured_media":8206,"parent":0,"menu_order":0,"comment_status":"closed","ping_status":"closed","template":"elementor_canvas","meta":[],"aioseo_notices":[],"_links":{"self":[{"href":"https:\/\/www.taz.fi\/en\/wp-json\/wp\/v2\/pages\/17851"}],"collection":[{"href":"https:\/\/www.taz.fi\/en\/wp-json\/wp\/v2\/pages"}],"about":[{"href":"https:\/\/www.taz.fi\/en\/wp-json\/wp\/v2\/types\/page"}],"author":[{"embeddable":true,"href":"https:\/\/www.taz.fi\/en\/wp-json\/wp\/v2\/users\/3"}],"replies":[{"embeddable":true,"href":"https:\/\/www.taz.fi\/en\/wp-json\/wp\/v2\/comments?post=17851"}],"version-history":[{"count":7,"href":"https:\/\/www.taz.fi\/en\/wp-json\/wp\/v2\/pages\/17851\/revisions"}],"predecessor-version":[{"id":17859,"href":"https:\/\/www.taz.fi\/en\/wp-json\/wp\/v2\/pages\/17851\/revisions\/17859"}],"wp:featuredmedia":[{"embeddable":true,"href":"https:\/\/www.taz.fi\/en\/wp-json\/wp\/v2\/media\/8206"}],"wp:attachment":[{"href":"https:\/\/www.taz.fi\/en\/wp-json\/wp\/v2\/media?parent=17851"}],"curies":[{"name":"wp","href":"https:\/\/api.w.org\/{rel}","templated":true}]}}