{"id":17860,"date":"2025-12-18T06:51:21","date_gmt":"2025-12-18T06:51:21","guid":{"rendered":"https:\/\/www.taz.fi\/?page_id=17860"},"modified":"2025-12-18T06:55:27","modified_gmt":"2025-12-18T06:55:27","slug":"move_and_solve-swe-starting","status":"publish","type":"page","link":"https:\/\/www.taz.fi\/en\/move_and_solve-swe-starting\/","title":{"rendered":"move_and_solve-swe-starting"},"content":{"rendered":"<div data-elementor-type=\"wp-page\" data-elementor-id=\"17860\" class=\"elementor elementor-17860\" data-elementor-post-type=\"page\">\n\t\t\t\t\t\t\t\t\t<section class=\"elementor-section elementor-top-section elementor-element elementor-element-5902583 elementor-section-boxed elementor-section-height-default elementor-section-height-default\" data-id=\"5902583\" data-element_type=\"section\">\n\t\t\t\t\t\t<div class=\"elementor-container elementor-column-gap-default\">\n\t\t\t\t\t<div class=\"elementor-column elementor-col-100 elementor-top-column elementor-element elementor-element-b9652e4\" data-id=\"b9652e4\" data-element_type=\"column\">\n\t\t\t<div class=\"elementor-widget-wrap elementor-element-populated\">\n\t\t\t\t\t\t\t\t<div class=\"elementor-element elementor-element-e157b8e elementor-widget elementor-widget-spacer\" data-id=\"e157b8e\" data-element_type=\"widget\" data-widget_type=\"spacer.default\">\n\t\t\t\t<div class=\"elementor-widget-container\">\n\t\t\t\t\t<div class=\"elementor-spacer\">\n\t\t\t<div class=\"elementor-spacer-inner\"><\/div>\n\t\t<\/div>\n\t\t\t\t<\/div>\n\t\t\t\t<\/div>\n\t\t\t\t<div class=\"elementor-element elementor-element-cbe4c78 elementor-widget elementor-widget-heading\" data-id=\"cbe4c78\" data-element_type=\"widget\" data-widget_type=\"heading.default\">\n\t\t\t\t<div class=\"elementor-widget-container\">\n\t\t\t<h2 class=\"elementor-heading-title elementor-size-default\">MOVE & SOLVE \u2013 STARTINSTRUKTIONER<\/h2>\t\t<\/div>\n\t\t\t\t<\/div>\n\t\t\t\t<section class=\"elementor-section elementor-inner-section elementor-element elementor-element-2ce9a67 elementor-section-boxed elementor-section-height-default elementor-section-height-default\" data-id=\"2ce9a67\" data-element_type=\"section\">\n\t\t\t\t\t\t<div class=\"elementor-container elementor-column-gap-default\">\n\t\t\t\t\t<div class=\"elementor-column elementor-col-100 elementor-inner-column elementor-element elementor-element-4385018\" data-id=\"4385018\" data-element_type=\"column\">\n\t\t\t<div class=\"elementor-widget-wrap elementor-element-populated\">\n\t\t\t\t\t\t\t\t<div class=\"elementor-element elementor-element-96a5b6f elementor-widget elementor-widget-heading\" data-id=\"96a5b6f\" data-element_type=\"widget\" data-widget_type=\"heading.default\">\n\t\t\t\t<div class=\"elementor-widget-container\">\n\t\t\t<h2 class=\"elementor-heading-title elementor-size-default\">F\u00f6re evenemanget<\/h2>\t\t<\/div>\n\t\t\t\t<\/div>\n\t\t\t\t<div class=\"elementor-element elementor-element-35f13f4 elementor-widget elementor-widget-text-editor\" data-id=\"35f13f4\" data-element_type=\"widget\" data-widget_type=\"text-editor.default\">\n\t\t\t\t<div class=\"elementor-widget-container\">\n\t\t\t\t\t\t\t<ul data-start=\"60\" data-end=\"283\"><li data-start=\"60\" data-end=\"137\"><p data-start=\"62\" data-end=\"137\">Se till att ni har <strong data-start=\"81\" data-end=\"101\">ANSLUTNINGSKODEN<\/strong> som ni har f\u00e5tt f\u00f6r er aktivitet.<\/p><\/li><li data-start=\"138\" data-end=\"283\"><p data-start=\"140\" data-end=\"283\">Se till att deltagarnas telefonbatterier \u00e4r s\u00e5 fulladdade som m\u00f6jligt. Detta underl\u00e4ttar ett smidigt deltagande och minskar risken f\u00f6r avbrott.<\/p><\/li><\/ul><p data-start=\"285\" data-end=\"351\">Om ni vill kan ni f\u00f6rbereda er inf\u00f6r aktiviteten p\u00e5 f\u00f6ljande s\u00e4tt:<\/p><ul data-start=\"353\" data-end=\"759\"><li data-start=\"353\" data-end=\"489\"><p data-start=\"355\" data-end=\"489\">Det rekommenderas att alla deltagare installerar den kostnadsfria <strong data-start=\"421\" data-end=\"442\">ActionTrack-appen<\/strong> (Google Play \/ App Store) p\u00e5 sina telefoner.<\/p><\/li><li data-start=\"490\" data-end=\"719\"><p data-start=\"492\" data-end=\"719\">Deltagarna kan delas in i f\u00f6rv\u00e4g i lag (= klaner) som tillsammans anv\u00e4nder fyra mobila enheter. Varje mobil enhet kan delas av 1\u20133 lagmedlemmar s\u00e5 att alla tydligt kan se uppgifterna. Rekommenderad lagstorlek \u00e4r 4\u20138 personer.<\/p><\/li><li data-start=\"720\" data-end=\"759\"><p data-start=\"722\" data-end=\"759\">Lagkaptener kan ocks\u00e5 utses i f\u00f6rv\u00e4g.<\/p><\/li><\/ul><p data-start=\"761\" data-end=\"864\">Ovanst\u00e5ende \u00e5tg\u00e4rder snabbar upp starten av evenemanget och s\u00e4kerst\u00e4ller att alla kommer ig\u00e5ng smidigt.<\/p>\t\t\t\t\t\t<\/div>\n\t\t\t\t<\/div>\n\t\t\t\t\t<\/div>\n\t\t<\/div>\n\t\t\t\t\t\t\t<\/div>\n\t\t<\/section>\n\t\t\t\t<section class=\"elementor-section elementor-inner-section elementor-element elementor-element-ce8181d elementor-section-boxed elementor-section-height-default elementor-section-height-default\" data-id=\"ce8181d\" data-element_type=\"section\">\n\t\t\t\t\t\t<div class=\"elementor-container elementor-column-gap-default\">\n\t\t\t\t\t<div class=\"elementor-column elementor-col-100 elementor-inner-column elementor-element elementor-element-3d0fc18\" data-id=\"3d0fc18\" data-element_type=\"column\">\n\t\t\t<div class=\"elementor-widget-wrap elementor-element-populated\">\n\t\t\t\t\t\t\t\t<div class=\"elementor-element elementor-element-9a9e7cd elementor-widget elementor-widget-heading\" data-id=\"9a9e7cd\" data-element_type=\"widget\" data-widget_type=\"heading.default\">\n\t\t\t\t<div class=\"elementor-widget-container\">\n\t\t\t<h2 class=\"elementor-heading-title elementor-size-default\">Evenemang \u2013 kort introduktion<\/h2>\t\t<\/div>\n\t\t\t\t<\/div>\n\t\t\t\t<div class=\"elementor-element elementor-element-79ec3fb elementor-widget elementor-widget-text-editor\" data-id=\"79ec3fb\" data-element_type=\"widget\" data-widget_type=\"text-editor.default\">\n\t\t\t\t<div class=\"elementor-widget-container\">\n\t\t\t\t\t\t\t<p data-start=\"683\" data-end=\"799\">V\u00e4lkommen till <strong data-start=\"920\" data-end=\"936\">Move &amp; Solve<\/strong>! Dela in er i lag och v\u00e4lj en kapten vars telefon fungerar som lagets huvudenhet. Kaptenen installerar ActionTrack-appen, laddar ner spelet med anslutningskoden, skapar en klan f\u00f6r laget och g\u00e5r med i klanen. Bland de \u00f6vriga lagmedlemmarna v\u00e4ljs tre som ocks\u00e5 installerar ActionTrack-appen, laddar ner spelet och ansluter till klanen efter kaptenen. N\u00e4r lagen \u00e4r redo kan \u00e4ventyret b\u00f6rja. Ha s\u00e5 roligt!<\/p>\t\t\t\t\t\t<\/div>\n\t\t\t\t<\/div>\n\t\t\t\t\t<\/div>\n\t\t<\/div>\n\t\t\t\t\t\t\t<\/div>\n\t\t<\/section>\n\t\t\t\t<section class=\"elementor-section elementor-inner-section elementor-element elementor-element-c122f0b elementor-section-boxed elementor-section-height-default elementor-section-height-default\" data-id=\"c122f0b\" data-element_type=\"section\">\n\t\t\t\t\t\t<div class=\"elementor-container elementor-column-gap-default\">\n\t\t\t\t\t<div class=\"elementor-column elementor-col-100 elementor-inner-column elementor-element elementor-element-82d5e09\" data-id=\"82d5e09\" data-element_type=\"column\">\n\t\t\t<div class=\"elementor-widget-wrap elementor-element-populated\">\n\t\t\t\t\t\t\t\t<div class=\"elementor-element elementor-element-7bef447 elementor-widget elementor-widget-heading\" data-id=\"7bef447\" data-element_type=\"widget\" data-widget_type=\"heading.default\">\n\t\t\t\t<div class=\"elementor-widget-container\">\n\t\t\t<h2 class=\"elementor-heading-title elementor-size-default\">Evenemang \u2013 detaljerad introduktion<\/h2>\t\t<\/div>\n\t\t\t\t<\/div>\n\t\t\t\t<div class=\"elementor-element elementor-element-c022c07 elementor-widget elementor-widget-text-editor\" data-id=\"c022c07\" data-element_type=\"widget\" data-widget_type=\"text-editor.default\">\n\t\t\t\t<div class=\"elementor-widget-container\">\n\t\t\t\t\t\t\t<p data-start=\"1386\" data-end=\"1487\">K\u00e4ra deltagare, varmt v\u00e4lkomna till <strong data-start=\"1422\" data-end=\"1438\">Move &amp; Solve<\/strong>! Innan vi s\u00e4tter ig\u00e5ng beh\u00f6ver vi g\u00f6ra f\u00f6ljande:<\/p><h5 data-start=\"1489\" data-end=\"1505\">1. Bilda lag<\/h5><p data-start=\"1507\" data-end=\"1690\">Lagen (= klaner) anv\u00e4nder totalt fyra mobila enheter. Varje mobil enhet kan delas av 1\u20133 lagmedlemmar s\u00e5 att alla tydligt kan se uppgifterna. Rekommenderad lagstorlek \u00e4r 4\u20138 personer.<\/p><p data-start=\"1692\" data-end=\"1785\">Lagstorlekarna kan variera \u2013 det \u00e4r inget problem. V\u00e4lj en lagindelning som k\u00e4nns bra f\u00f6r er.<\/p><h5 data-start=\"1787\" data-end=\"1811\">2. V\u00e4lj en lagkapten<\/h5><p data-start=\"1813\" data-end=\"1891\">Kaptenen anv\u00e4nder lagets huvudsakliga mobila enhet (telefon eller surfplatta).<\/p><p data-start=\"1893\" data-end=\"1910\">Enheten ska vara:<\/p><ul data-start=\"1911\" data-end=\"1998\"><li data-start=\"1911\" data-end=\"1926\"><p data-start=\"1913\" data-end=\"1926\">relativt ny<\/p><\/li><li data-start=\"1927\" data-end=\"1966\"><p data-start=\"1929\" data-end=\"1966\">fulladdad (powerbank rekommenderas)<\/p><\/li><li data-start=\"1967\" data-end=\"1998\"><p data-start=\"1969\" data-end=\"1998\">utrustad med fungerande GPS<\/p><\/li><\/ul><p data-start=\"2000\" data-end=\"2109\">Obs: Spelet kan inte forts\u00e4tta p\u00e5 en annan enhet, s\u00e5 s\u00e4kerst\u00e4ll att enheten fungerar korrekt innan ni b\u00f6rjar.<\/p><h5 data-start=\"2111\" data-end=\"2156\">3. Kaptenen installerar ActionTrack-appen<\/h5><p data-start=\"2158\" data-end=\"2303\">Ladda ner den kostnadsfria ActionTrack-appen fr\u00e5n Google Play eller App Store. Ge appen alla beg\u00e4rda beh\u00f6righeter s\u00e5 att spelet fungerar korrekt.<\/p><h5 data-start=\"2305\" data-end=\"2346\">4. Ladda ner spelet och skapa en klan<\/h5><p data-start=\"2348\" data-end=\"2361\"><strong data-start=\"2348\" data-end=\"2361\">Kaptenen:<\/strong><\/p><ul data-start=\"2362\" data-end=\"2587\"><li data-start=\"2362\" data-end=\"2404\"><p data-start=\"2364\" data-end=\"2404\">Laddar ner spelet med anslutningskoden<\/p><\/li><li data-start=\"2405\" data-end=\"2430\"><p data-start=\"2407\" data-end=\"2430\">Anger sitt spelarnamn<\/p><\/li><li data-start=\"2431\" data-end=\"2481\"><p data-start=\"2433\" data-end=\"2481\">Skapar en klan f\u00f6r laget (Klanvy \u2192 \u201dSkapa ny\u201d)<\/p><\/li><li data-start=\"2482\" data-end=\"2522\"><p data-start=\"2484\" data-end=\"2522\">Ger klanen ett namn och ett l\u00f6senord<\/p><\/li><li data-start=\"2523\" data-end=\"2587\"><p data-start=\"2525\" data-end=\"2587\">G\u00e5r med i den skapade klanen f\u00f6rst genom att ange l\u00f6senordet<\/p><\/li><\/ul><p data-start=\"2589\" data-end=\"2689\">Om l\u00f6senordet gl\u00f6ms bort direkt i b\u00f6rjan kan kaptenen enkelt skapa en ny klan med ett nytt l\u00f6senord.<\/p><p data-start=\"2691\" data-end=\"2715\"><strong data-start=\"2691\" data-end=\"2715\">\u00d6vriga lagmedlemmar:<\/strong><\/p><p data-start=\"2717\" data-end=\"2743\">V\u00e4lj tre lagmedlemmar som:<\/p><ul data-start=\"2744\" data-end=\"2950\"><li data-start=\"2744\" data-end=\"2777\"><p data-start=\"2746\" data-end=\"2777\">Installerar ActionTrack-appen<\/p><\/li><li data-start=\"2778\" data-end=\"2820\"><p data-start=\"2780\" data-end=\"2820\">Laddar ner spelet med anslutningskoden<\/p><\/li><li data-start=\"2821\" data-end=\"2852\"><p data-start=\"2823\" data-end=\"2852\">Anger sitt valda spelarnamn<\/p><\/li><li data-start=\"2853\" data-end=\"2950\"><p data-start=\"2855\" data-end=\"2950\">Ansluter till klanen som kaptenen har skapat genom att v\u00e4lja den i listan och ange l\u00f6senordet<\/p><\/li><\/ul>\t\t\t\t\t\t<\/div>\n\t\t\t\t<\/div>\n\t\t\t\t\t<\/div>\n\t\t<\/div>\n\t\t\t\t\t\t\t<\/div>\n\t\t<\/section>\n\t\t\t\t<section class=\"elementor-section elementor-inner-section elementor-element elementor-element-7e5ff61 elementor-section-boxed elementor-section-height-default elementor-section-height-default\" data-id=\"7e5ff61\" data-element_type=\"section\">\n\t\t\t\t\t\t<div class=\"elementor-container elementor-column-gap-default\">\n\t\t\t\t\t<div class=\"elementor-column elementor-col-100 elementor-inner-column elementor-element elementor-element-22d9d80\" data-id=\"22d9d80\" data-element_type=\"column\">\n\t\t\t<div class=\"elementor-widget-wrap elementor-element-populated\">\n\t\t\t\t\t\t\t\t<div class=\"elementor-element elementor-element-ea334e7 elementor-widget elementor-widget-heading\" data-id=\"ea334e7\" data-element_type=\"widget\" data-widget_type=\"heading.default\">\n\t\t\t\t<div class=\"elementor-widget-container\">\n\t\t\t<h2 class=\"elementor-heading-title elementor-size-default\">KORT OM MOVE & SOLVE-AKTIVITETEN<\/h2>\t\t<\/div>\n\t\t\t\t<\/div>\n\t\t\t\t\t<\/div>\n\t\t<\/div>\n\t\t\t\t\t\t\t<\/div>\n\t\t<\/section>\n\t\t\t\t<div class=\"elementor-element elementor-element-c231056 elementor-widget elementor-widget-heading\" data-id=\"c231056\" data-element_type=\"widget\" data-widget_type=\"heading.default\">\n\t\t\t\t<div class=\"elementor-widget-container\">\n\t\t\t<h2 class=\"elementor-heading-title elementor-size-default\">Instruktioner f\u00f6r sj\u00e4lva spelet<\/h2>\t\t<\/div>\n\t\t\t\t<\/div>\n\t\t\t\t<div class=\"elementor-element elementor-element-ac987fe elementor-widget elementor-widget-text-editor\" data-id=\"ac987fe\" data-element_type=\"widget\" data-widget_type=\"text-editor.default\">\n\t\t\t\t<div class=\"elementor-widget-container\">\n\t\t\t\t\t\t\t<p data-start=\"3031\" data-end=\"3183\">Spelet startar utomhus, d\u00e4r varje lag kan r\u00f6ra sig i valfri riktning under en given str\u00e4cka f\u00f6r att f\u00e5 sina f\u00f6rsta po\u00e4ng och l\u00e5sa upp den f\u00f6rsta fr\u00e5gan.<\/p><p data-start=\"3185\" data-end=\"3294\">P\u00e5 kaptenens mobila enhet visas den \u00e5terst\u00e5ende str\u00e4ckan. N\u00e4r den n\u00e5r noll kan kaptenen aktivera n\u00e4sta fr\u00e5ga.<\/p><p data-start=\"3296\" data-end=\"3400\">Fr\u00e5gan som kaptenen aktiverar \u00e4r synlig f\u00f6r alla lagmedlemmar, men endast kaptenen kan skicka in svaret.<\/p><p data-start=\"3402\" data-end=\"3622\">Lagmedlemmarna kan antingen se kaptenens fr\u00e5ga exakt som den visas p\u00e5 sina egna telefoner, eller s\u00e5 kan de se enhetsspecifikt inneh\u00e5ll som andra inte ser. I alla fall m\u00e5ste laget diskutera och l\u00f6sa uppgiften tillsammans.<\/p><p data-start=\"3624\" data-end=\"3744\">Po\u00e4ng delas ut baserat p\u00e5 hur korrekt kaptenens inskickade svar \u00e4r, och i vissa fr\u00e5gor p\u00e5verkar \u00e4ven snabbheten po\u00e4ngen.<\/p><p data-start=\"3746\" data-end=\"3897\">Efter varje svar r\u00f6r sig laget \u00e5ter den angivna str\u00e4ckan f\u00f6r att l\u00e5sa upp n\u00e4sta fr\u00e5ga. Observera: fr\u00e5gorna presenteras f\u00f6r lagen i slumpm\u00e4ssig ordning.<\/p><p data-start=\"3899\" data-end=\"3962\" data-is-last-node=\"\" data-is-only-node=\"\">N\u00e4r alla fr\u00e5gor har l\u00f6sts eller tiden tar slut avslutas spelet.<\/p>\t\t\t\t\t\t<\/div>\n\t\t\t\t<\/div>\n\t\t\t\t<div class=\"elementor-element elementor-element-a274195 elementor-align-center elementor-widget elementor-widget-button\" data-id=\"a274195\" data-element_type=\"widget\" data-widget_type=\"button.default\">\n\t\t\t\t<div class=\"elementor-widget-container\">\n\t\t\t\t\t<div class=\"elementor-button-wrapper\">\n\t\t\t<a class=\"elementor-button elementor-button-link elementor-size-md elementor-animation-grow\" href=\"https:\/\/www.taz.fi\/en\/move_and_solve-swe\/\">\n\t\t\t\t\t\t<span class=\"elementor-button-content-wrapper\">\n\t\t\t\t\t\t<span class=\"elementor-button-text\">L\u00e4s mer om spelet<\/span>\n\t\t<\/span>\n\t\t\t\t\t<\/a>\n\t\t<\/div>\n\t\t\t\t<\/div>\n\t\t\t\t<\/div>\n\t\t\t\t<div class=\"elementor-element elementor-element-d2a0df7 elementor-widget elementor-widget-spacer\" data-id=\"d2a0df7\" data-element_type=\"widget\" data-widget_type=\"spacer.default\">\n\t\t\t\t<div class=\"elementor-widget-container\">\n\t\t\t\t\t<div class=\"elementor-spacer\">\n\t\t\t<div class=\"elementor-spacer-inner\"><\/div>\n\t\t<\/div>\n\t\t\t\t<\/div>\n\t\t\t\t<\/div>\n\t\t\t\t\t<\/div>\n\t\t<\/div>\n\t\t\t\t\t\t\t<\/div>\n\t\t<\/section>\n\t\t\t\t\t\t\t<\/div>","protected":false},"excerpt":{"rendered":"<p>MOVE &#038; SOLVE \u2013 STARTINSTRUKTIONER F\u00f6re evenemanget Se till att ni har ANSLUTNINGSKODEN som ni har f\u00e5tt f\u00f6r er aktivitet. Se till att deltagarnas telefonbatterier \u00e4r s\u00e5 fulladdade som m\u00f6jligt. Detta underl\u00e4ttar ett smidigt deltagande och minskar risken f\u00f6r avbrott. Om ni vill kan ni f\u00f6rbereda er inf\u00f6r aktiviteten p\u00e5 f\u00f6ljande s\u00e4tt: Det rekommenderas att [&hellip;]<\/p>","protected":false},"author":3,"featured_media":7502,"parent":0,"menu_order":0,"comment_status":"closed","ping_status":"closed","template":"elementor_canvas","meta":[],"aioseo_notices":[],"_links":{"self":[{"href":"https:\/\/www.taz.fi\/en\/wp-json\/wp\/v2\/pages\/17860"}],"collection":[{"href":"https:\/\/www.taz.fi\/en\/wp-json\/wp\/v2\/pages"}],"about":[{"href":"https:\/\/www.taz.fi\/en\/wp-json\/wp\/v2\/types\/page"}],"author":[{"embeddable":true,"href":"https:\/\/www.taz.fi\/en\/wp-json\/wp\/v2\/users\/3"}],"replies":[{"embeddable":true,"href":"https:\/\/www.taz.fi\/en\/wp-json\/wp\/v2\/comments?post=17860"}],"version-history":[{"count":10,"href":"https:\/\/www.taz.fi\/en\/wp-json\/wp\/v2\/pages\/17860\/revisions"}],"predecessor-version":[{"id":17870,"href":"https:\/\/www.taz.fi\/en\/wp-json\/wp\/v2\/pages\/17860\/revisions\/17870"}],"wp:featuredmedia":[{"embeddable":true,"href":"https:\/\/www.taz.fi\/en\/wp-json\/wp\/v2\/media\/7502"}],"wp:attachment":[{"href":"https:\/\/www.taz.fi\/en\/wp-json\/wp\/v2\/media?parent=17860"}],"curies":[{"name":"wp","href":"https:\/\/api.w.org\/{rel}","templated":true}]}}