{"id":17871,"date":"2025-12-18T06:56:33","date_gmt":"2025-12-18T06:56:33","guid":{"rendered":"https:\/\/www.taz.fi\/?page_id=17871"},"modified":"2025-12-18T07:01:20","modified_gmt":"2025-12-18T07:01:20","slug":"flaghunt-swe-starting","status":"publish","type":"page","link":"https:\/\/www.taz.fi\/en\/flaghunt-swe-starting\/","title":{"rendered":"flaghunt-swe-starting"},"content":{"rendered":"<div data-elementor-type=\"wp-page\" data-elementor-id=\"17871\" class=\"elementor elementor-17871\" data-elementor-post-type=\"page\">\n\t\t\t\t\t\t\t\t\t<section class=\"elementor-section elementor-top-section elementor-element elementor-element-5902583 elementor-section-boxed elementor-section-height-default elementor-section-height-default\" data-id=\"5902583\" data-element_type=\"section\">\n\t\t\t\t\t\t<div class=\"elementor-container elementor-column-gap-default\">\n\t\t\t\t\t<div class=\"elementor-column elementor-col-100 elementor-top-column elementor-element elementor-element-b9652e4\" data-id=\"b9652e4\" data-element_type=\"column\">\n\t\t\t<div class=\"elementor-widget-wrap elementor-element-populated\">\n\t\t\t\t\t\t\t\t<div class=\"elementor-element elementor-element-e157b8e elementor-widget elementor-widget-spacer\" data-id=\"e157b8e\" data-element_type=\"widget\" data-widget_type=\"spacer.default\">\n\t\t\t\t<div class=\"elementor-widget-container\">\n\t\t\t\t\t<div class=\"elementor-spacer\">\n\t\t\t<div class=\"elementor-spacer-inner\"><\/div>\n\t\t<\/div>\n\t\t\t\t<\/div>\n\t\t\t\t<\/div>\n\t\t\t\t<div class=\"elementor-element elementor-element-cbe4c78 elementor-widget elementor-widget-heading\" data-id=\"cbe4c78\" data-element_type=\"widget\" data-widget_type=\"heading.default\">\n\t\t\t\t<div class=\"elementor-widget-container\">\n\t\t\t<h2 class=\"elementor-heading-title elementor-size-default\">FLAGHUNT \u2013 STARTINSTRUKTIONER<\/h2>\t\t<\/div>\n\t\t\t\t<\/div>\n\t\t\t\t<section class=\"elementor-section elementor-inner-section elementor-element elementor-element-2ce9a67 elementor-section-boxed elementor-section-height-default elementor-section-height-default\" data-id=\"2ce9a67\" data-element_type=\"section\">\n\t\t\t\t\t\t<div class=\"elementor-container elementor-column-gap-default\">\n\t\t\t\t\t<div class=\"elementor-column elementor-col-100 elementor-inner-column elementor-element elementor-element-4385018\" data-id=\"4385018\" data-element_type=\"column\">\n\t\t\t<div class=\"elementor-widget-wrap elementor-element-populated\">\n\t\t\t\t\t\t\t\t<div class=\"elementor-element elementor-element-96a5b6f elementor-widget elementor-widget-heading\" data-id=\"96a5b6f\" data-element_type=\"widget\" data-widget_type=\"heading.default\">\n\t\t\t\t<div class=\"elementor-widget-container\">\n\t\t\t<h2 class=\"elementor-heading-title elementor-size-default\">F\u00f6re evenemanget<\/h2>\t\t<\/div>\n\t\t\t\t<\/div>\n\t\t\t\t<div class=\"elementor-element elementor-element-35f13f4 elementor-widget elementor-widget-text-editor\" data-id=\"35f13f4\" data-element_type=\"widget\" data-widget_type=\"text-editor.default\">\n\t\t\t\t<div class=\"elementor-widget-container\">\n\t\t\t\t\t\t\t<ul data-start=\"56\" data-end=\"279\"><li data-start=\"56\" data-end=\"133\"><p data-start=\"58\" data-end=\"133\">Se till att ni har <strong data-start=\"77\" data-end=\"97\">ANSLUTNINGSKODEN<\/strong> som ni har f\u00e5tt f\u00f6r er aktivitet.<\/p><\/li><li data-start=\"134\" data-end=\"279\"><p data-start=\"136\" data-end=\"279\">Se till att deltagarnas telefonbatterier \u00e4r s\u00e5 fulladdade som m\u00f6jligt. Detta underl\u00e4ttar ett smidigt deltagande och minskar risken f\u00f6r avbrott.<\/p><\/li><\/ul><p data-start=\"281\" data-end=\"347\">Om ni vill kan ni f\u00f6rbereda er inf\u00f6r aktiviteten p\u00e5 f\u00f6ljande s\u00e4tt:<\/p><ul data-start=\"349\" data-end=\"730\"><li data-start=\"349\" data-end=\"502\"><p data-start=\"351\" data-end=\"502\">Det rekommenderas att alla deltagare installerar den kostnadsfria <strong data-start=\"417\" data-end=\"438\">ActionTrack-appen<\/strong> (Google Play \/ App Store) p\u00e5 sina telefoner f\u00f6re evenemanget.<\/p><\/li><li data-start=\"503\" data-end=\"730\"><p data-start=\"505\" data-end=\"730\">Deltagarna kan delas in i f\u00f6rv\u00e4g i lag (= klaner) som tillsammans anv\u00e4nder fyra mobila enheter. Varje mobil enhet kan delas av 1\u20133 lagmedlemmar s\u00e5 att alla tydligt kan se uppgifterna. Rekommenderad lagstorlek \u00e4r 4\u20138 personer.<\/p><\/li><\/ul><p data-start=\"732\" data-end=\"835\">Ovanst\u00e5ende \u00e5tg\u00e4rder snabbar upp starten av evenemanget och s\u00e4kerst\u00e4ller att alla kommer ig\u00e5ng smidigt.<\/p>\t\t\t\t\t\t<\/div>\n\t\t\t\t<\/div>\n\t\t\t\t\t<\/div>\n\t\t<\/div>\n\t\t\t\t\t\t\t<\/div>\n\t\t<\/section>\n\t\t\t\t<section class=\"elementor-section elementor-inner-section elementor-element elementor-element-ce8181d elementor-section-boxed elementor-section-height-default elementor-section-height-default\" data-id=\"ce8181d\" data-element_type=\"section\">\n\t\t\t\t\t\t<div class=\"elementor-container elementor-column-gap-default\">\n\t\t\t\t\t<div class=\"elementor-column elementor-col-100 elementor-inner-column elementor-element elementor-element-3d0fc18\" data-id=\"3d0fc18\" data-element_type=\"column\">\n\t\t\t<div class=\"elementor-widget-wrap elementor-element-populated\">\n\t\t\t\t\t\t\t\t<div class=\"elementor-element elementor-element-9a9e7cd elementor-widget elementor-widget-heading\" data-id=\"9a9e7cd\" data-element_type=\"widget\" data-widget_type=\"heading.default\">\n\t\t\t\t<div class=\"elementor-widget-container\">\n\t\t\t<h2 class=\"elementor-heading-title elementor-size-default\">Evenemang \u2013 kort introduktion<\/h2>\t\t<\/div>\n\t\t\t\t<\/div>\n\t\t\t\t<div class=\"elementor-element elementor-element-79ec3fb elementor-widget elementor-widget-text-editor\" data-id=\"79ec3fb\" data-element_type=\"widget\" data-widget_type=\"text-editor.default\">\n\t\t\t\t<div class=\"elementor-widget-container\">\n\t\t\t\t\t\t\t<p>V\u00e4lkommen till <strong data-start=\"891\" data-end=\"903\">FlagHunt<\/strong>! Dela in er i lag och v\u00e4lj en kapten. Kaptenen installerar ActionTrack-appen, laddar ner spelet med anslutningskoden, skapar en klan f\u00f6r laget och g\u00e5r med i klanen. Bland de \u00f6vriga lagmedlemmarna v\u00e4ljs tre som ocks\u00e5 installerar ActionTrack-appen, laddar ner spelet och ansluter till klanen efter kaptenen. N\u00e4r lagen \u00e4r redo kan \u00e4ventyret b\u00f6rja. Ha s\u00e5 roligt!<\/p>\t\t\t\t\t\t<\/div>\n\t\t\t\t<\/div>\n\t\t\t\t\t<\/div>\n\t\t<\/div>\n\t\t\t\t\t\t\t<\/div>\n\t\t<\/section>\n\t\t\t\t<section class=\"elementor-section elementor-inner-section elementor-element elementor-element-2e36d8d elementor-section-boxed elementor-section-height-default elementor-section-height-default\" data-id=\"2e36d8d\" data-element_type=\"section\">\n\t\t\t\t\t\t<div class=\"elementor-container elementor-column-gap-default\">\n\t\t\t\t\t<div class=\"elementor-column elementor-col-100 elementor-inner-column elementor-element elementor-element-a6faa33\" data-id=\"a6faa33\" data-element_type=\"column\">\n\t\t\t<div class=\"elementor-widget-wrap elementor-element-populated\">\n\t\t\t\t\t\t\t\t<div class=\"elementor-element elementor-element-709f2ff elementor-widget elementor-widget-heading\" data-id=\"709f2ff\" data-element_type=\"widget\" data-widget_type=\"heading.default\">\n\t\t\t\t<div class=\"elementor-widget-container\">\n\t\t\t<h2 class=\"elementor-heading-title elementor-size-default\">Evenemang \u2013 detaljerad introduktion<\/h2>\t\t<\/div>\n\t\t\t\t<\/div>\n\t\t\t\t<div class=\"elementor-element elementor-element-5b615b1 elementor-widget elementor-widget-text-editor\" data-id=\"5b615b1\" data-element_type=\"widget\" data-widget_type=\"text-editor.default\">\n\t\t\t\t<div class=\"elementor-widget-container\">\n\t\t\t\t\t\t\t<p data-start=\"1309\" data-end=\"1406\">K\u00e4ra deltagare, varmt v\u00e4lkomna till <strong data-start=\"1345\" data-end=\"1357\">FlagHunt<\/strong>! Innan vi s\u00e4tter ig\u00e5ng beh\u00f6ver vi g\u00f6ra f\u00f6ljande:<\/p><h5 data-start=\"1408\" data-end=\"1424\">1. Bilda lag<\/h5><p data-start=\"1426\" data-end=\"1609\">Lagen (= klaner) anv\u00e4nder totalt fyra mobila enheter. Varje mobil enhet kan delas av 1\u20133 lagmedlemmar s\u00e5 att alla tydligt kan se uppgifterna. Rekommenderad lagstorlek \u00e4r 4\u20138 personer.<\/p><p data-start=\"1611\" data-end=\"1704\">Lagstorlekarna kan variera \u2013 det \u00e4r inget problem. V\u00e4lj en lagindelning som k\u00e4nns bra f\u00f6r er.<\/p><h5 data-start=\"1706\" data-end=\"1730\">2. V\u00e4lj en lagkapten<\/h5><p data-start=\"1732\" data-end=\"1805\">Kaptenen anv\u00e4nder en av lagets mobila enheter (telefon eller surfplatta).<\/p><p data-start=\"1807\" data-end=\"1824\">Enheten ska vara:<\/p><ul data-start=\"1825\" data-end=\"1912\"><li data-start=\"1825\" data-end=\"1840\"><p data-start=\"1827\" data-end=\"1840\">relativt ny<\/p><\/li><li data-start=\"1841\" data-end=\"1880\"><p data-start=\"1843\" data-end=\"1880\">fulladdad (powerbank rekommenderas)<\/p><\/li><li data-start=\"1881\" data-end=\"1912\"><p data-start=\"1883\" data-end=\"1912\">utrustad med fungerande GPS<\/p><\/li><\/ul><p data-start=\"1914\" data-end=\"2023\">Obs: Spelet kan inte forts\u00e4tta p\u00e5 en annan enhet, s\u00e5 s\u00e4kerst\u00e4ll att enheten fungerar korrekt innan ni b\u00f6rjar.<\/p><h5 data-start=\"2025\" data-end=\"2070\">3. Kaptenen installerar ActionTrack-appen<\/h5><p data-start=\"2072\" data-end=\"2217\">Ladda ner den kostnadsfria ActionTrack-appen fr\u00e5n Google Play eller App Store. Ge appen alla beg\u00e4rda beh\u00f6righeter s\u00e5 att spelet fungerar korrekt.<\/p><h5 data-start=\"2219\" data-end=\"2260\">4. Ladda ner spelet och skapa en klan<\/h5><p data-start=\"2262\" data-end=\"2275\"><strong data-start=\"2262\" data-end=\"2275\">Kaptenen:<\/strong><\/p><ul data-start=\"2276\" data-end=\"2501\"><li data-start=\"2276\" data-end=\"2318\"><p data-start=\"2278\" data-end=\"2318\">Laddar ner spelet med anslutningskoden<\/p><\/li><li data-start=\"2319\" data-end=\"2344\"><p data-start=\"2321\" data-end=\"2344\">Anger sitt spelarnamn<\/p><\/li><li data-start=\"2345\" data-end=\"2395\"><p data-start=\"2347\" data-end=\"2395\">Skapar en klan f\u00f6r laget (Klanvy \u2192 \u201dSkapa ny\u201d)<\/p><\/li><li data-start=\"2396\" data-end=\"2436\"><p data-start=\"2398\" data-end=\"2436\">Ger klanen ett namn och ett l\u00f6senord<\/p><\/li><li data-start=\"2437\" data-end=\"2501\"><p data-start=\"2439\" data-end=\"2501\">G\u00e5r med i den skapade klanen f\u00f6rst genom att ange l\u00f6senordet<\/p><\/li><\/ul><p data-start=\"2503\" data-end=\"2603\">Om l\u00f6senordet gl\u00f6ms bort direkt i b\u00f6rjan kan kaptenen enkelt skapa en ny klan med ett nytt l\u00f6senord.<\/p><p data-start=\"2605\" data-end=\"2629\"><strong data-start=\"2605\" data-end=\"2629\">\u00d6vriga lagmedlemmar:<\/strong><\/p><p data-start=\"2631\" data-end=\"2657\">V\u00e4lj tre lagmedlemmar som:<\/p><ul data-start=\"2658\" data-end=\"2864\"><li data-start=\"2658\" data-end=\"2691\"><p data-start=\"2660\" data-end=\"2691\">Installerar ActionTrack-appen<\/p><\/li><li data-start=\"2692\" data-end=\"2734\"><p data-start=\"2694\" data-end=\"2734\">Laddar ner spelet med anslutningskoden<\/p><\/li><li data-start=\"2735\" data-end=\"2766\"><p data-start=\"2737\" data-end=\"2766\">Anger sitt valda spelarnamn<\/p><\/li><li data-start=\"2767\" data-end=\"2864\"><p data-start=\"2769\" data-end=\"2864\">Ansluter till klanen som kaptenen har skapat genom att v\u00e4lja den i listan och ange l\u00f6senordet<\/p><\/li><\/ul>\t\t\t\t\t\t<\/div>\n\t\t\t\t<\/div>\n\t\t\t\t\t<\/div>\n\t\t<\/div>\n\t\t\t\t\t\t\t<\/div>\n\t\t<\/section>\n\t\t\t\t<section class=\"elementor-section elementor-inner-section elementor-element elementor-element-7e5ff61 elementor-section-boxed elementor-section-height-default elementor-section-height-default\" data-id=\"7e5ff61\" data-element_type=\"section\">\n\t\t\t\t\t\t<div class=\"elementor-container elementor-column-gap-default\">\n\t\t\t\t\t<div class=\"elementor-column elementor-col-100 elementor-inner-column elementor-element elementor-element-22d9d80\" data-id=\"22d9d80\" data-element_type=\"column\">\n\t\t\t<div class=\"elementor-widget-wrap elementor-element-populated\">\n\t\t\t\t\t\t\t\t<div class=\"elementor-element elementor-element-ea334e7 elementor-widget elementor-widget-heading\" data-id=\"ea334e7\" data-element_type=\"widget\" data-widget_type=\"heading.default\">\n\t\t\t\t<div class=\"elementor-widget-container\">\n\t\t\t<h2 class=\"elementor-heading-title elementor-size-default\">KORT OM FLAGHUNT-AKTIVITETEN<\/h2>\t\t<\/div>\n\t\t\t\t<\/div>\n\t\t\t\t\t<\/div>\n\t\t<\/div>\n\t\t\t\t\t\t\t<\/div>\n\t\t<\/section>\n\t\t\t\t<div class=\"elementor-element elementor-element-c231056 elementor-widget elementor-widget-heading\" data-id=\"c231056\" data-element_type=\"widget\" data-widget_type=\"heading.default\">\n\t\t\t\t<div class=\"elementor-widget-container\">\n\t\t\t<h2 class=\"elementor-heading-title elementor-size-default\">Instruktioner f\u00f6r sj\u00e4lva spelet<\/h2>\t\t<\/div>\n\t\t\t\t<\/div>\n\t\t\t\t<div class=\"elementor-element elementor-element-ac987fe elementor-widget elementor-widget-text-editor\" data-id=\"ac987fe\" data-element_type=\"widget\" data-widget_type=\"text-editor.default\">\n\t\t\t\t<div class=\"elementor-widget-container\">\n\t\t\t\t\t\t\t<p data-start=\"2941\" data-end=\"3303\">I detta smarta och fartfyllda utomhusbaserade lagspel som uppmuntrar till fysisk aktivitet samlar lagmedlemmarna virtuella flaggor som dyker upp i spelomr\u00e5det, letar efter g\u00f6mda skatter och bildar allianser med r\u00f6vare som de st\u00f6ter p\u00e5. Under spelets g\u00e5ng l\u00f6ser lagen \u00e4ven kluriga problem och genomf\u00f6r olika bonusutmaningar. Det lag som samlar flest po\u00e4ng vinner.<\/p><p data-start=\"3305\" data-end=\"3443\">Varje lag (= klan) kan best\u00e4mma sin egen spelstrategi. Till exempel kan lagmedlemmarna sprida ut sig eller r\u00f6ra sig mestadels tillsammans.<\/p><p data-start=\"3445\" data-end=\"3511\">Observera: Sj\u00e4lva spelet inneh\u00e5ller alla n\u00f6dv\u00e4ndiga instruktioner.<\/p><p data-start=\"3513\" data-end=\"3606\">I b\u00f6rjan av spelet ska varje spelare f\u00f6rst ta sig till <strong data-start=\"3568\" data-end=\"3584\">startomr\u00e5det<\/strong>, som visas p\u00e5 kartan.<\/p><p data-start=\"3608\" data-end=\"3892\"><strong>Spelet inneh\u00e5ller virtuella flaggor<\/strong> v\u00e4rda 20\u201360 po\u00e4ng. Vid varje tillf\u00e4lle kan flera aktiva flaggor visas p\u00e5 kartan. Spelarna kan g\u00e5 till vilken som helst av dem. Genom att trycka p\u00e5 flaggikonerna p\u00e5 den mobila enhetens sk\u00e4rm kan spelarna se de exakta flaggomr\u00e5dena de beh\u00f6ver n\u00e5.<\/p><p data-start=\"3894\" data-end=\"4038\">N\u00e4r tre spelare har bes\u00f6kt en viss flagga f\u00f6rsvinner den snart fr\u00e5n alla spelares kartvy, och en ny flagga genereras slumpm\u00e4ssigt i spelomr\u00e5det.<\/p><p data-start=\"4040\" data-end=\"4129\">Det lag som f\u00f6rst f\u00e5ngar 10 gr\u00f6na flaggor f\u00e5r 500 po\u00e4ng till alla sina medlemmar.<\/p><p data-start=\"4131\" data-end=\"4565\"><strong>Det finns ocks\u00e5 10 g\u00f6mda skatter<\/strong> i spelomr\u00e5det, var och en v\u00e4rd 200\u2013600 po\u00e4ng. Spelarna m\u00e5ste r\u00f6ra sig runt omr\u00e5det f\u00f6r att hitta en aktiv skatt. N\u00e4r en spelare kommer tillr\u00e4ckligt n\u00e4ra en skatt f\u00e5r hen en notis om att en \u201dSkatt i n\u00e4rheten\u201d. N\u00e4r spelaren kommer \u00e4nnu n\u00e4rmare visas skatten p\u00e5 appens karta. Den f\u00f6rsta spelaren som n\u00e5r skatten samlar in den. D\u00e4refter aktiveras n\u00e4sta skatt s\u00e5 att alla spelare kan hitta den.<\/p><p data-start=\"4567\" data-end=\"4839\"><strong>Spelet inneh\u00e5ller \u00e4ven fem r\u00f6vare<\/strong> som spelarna kan bilda allianser med. Om en spelare lyckas alliera sig med en r\u00f6vare, r\u00e5nar r\u00f6varen medlemmar i andra klaner som kommer f\u00f6r n\u00e4ra. Fr\u00e5n varje r\u00e5n ger r\u00f6varen en del av po\u00e4ngen till den spelare som \u00e4r allierad med honom.<\/p><p data-start=\"4841\" data-end=\"5106\"><strong>Spelet inneh\u00e5ller dessutom 40 pussel<\/strong> som dyker upp p\u00e5 kartan i takt med spelets g\u00e5ng. Varje f\u00e5ngad flagga l\u00e5ser upp ett slumpm\u00e4ssigt valt pussel p\u00e5 spelarens karta. Genom att l\u00f6sa pusslet f\u00e5r spelaren v\u00e4rdefulla bonuspo\u00e4ng, vanligtvis omkring 100\u2013200 po\u00e4ng.<\/p><p data-start=\"5108\" data-end=\"5194\">Spelare kan f\u00e5 olika bonusm\u00f6jligheter under en begr\u00e4nsad tid. Uppm\u00e4rksamhet l\u00f6nar sig!<\/p><p data-start=\"5196\" data-end=\"5252\" data-is-last-node=\"\" data-is-only-node=\"\">Klanen och den enskilda spelaren med h\u00f6gst po\u00e4ng vinner!<\/p>\t\t\t\t\t\t<\/div>\n\t\t\t\t<\/div>\n\t\t\t\t<div class=\"elementor-element elementor-element-a274195 elementor-align-center elementor-widget elementor-widget-button\" data-id=\"a274195\" data-element_type=\"widget\" data-widget_type=\"button.default\">\n\t\t\t\t<div class=\"elementor-widget-container\">\n\t\t\t\t\t<div class=\"elementor-button-wrapper\">\n\t\t\t<a class=\"elementor-button elementor-button-link elementor-size-md elementor-animation-grow\" href=\"https:\/\/www.taz.fi\/en\/flaghunt-swe\/\">\n\t\t\t\t\t\t<span class=\"elementor-button-content-wrapper\">\n\t\t\t\t\t\t<span class=\"elementor-button-text\">L\u00e4s mer om spelet<\/span>\n\t\t<\/span>\n\t\t\t\t\t<\/a>\n\t\t<\/div>\n\t\t\t\t<\/div>\n\t\t\t\t<\/div>\n\t\t\t\t<div class=\"elementor-element elementor-element-d2a0df7 elementor-widget elementor-widget-spacer\" data-id=\"d2a0df7\" data-element_type=\"widget\" data-widget_type=\"spacer.default\">\n\t\t\t\t<div class=\"elementor-widget-container\">\n\t\t\t\t\t<div class=\"elementor-spacer\">\n\t\t\t<div class=\"elementor-spacer-inner\"><\/div>\n\t\t<\/div>\n\t\t\t\t<\/div>\n\t\t\t\t<\/div>\n\t\t\t\t\t<\/div>\n\t\t<\/div>\n\t\t\t\t\t\t\t<\/div>\n\t\t<\/section>\n\t\t\t\t\t\t\t<\/div>","protected":false},"excerpt":{"rendered":"<p>FLAGHUNT \u2013 STARTINSTRUKTIONER F\u00f6re evenemanget Se till att ni har ANSLUTNINGSKODEN som ni har f\u00e5tt f\u00f6r er aktivitet. Se till att deltagarnas telefonbatterier \u00e4r s\u00e5 fulladdade som m\u00f6jligt. Detta underl\u00e4ttar ett smidigt deltagande och minskar risken f\u00f6r avbrott. Om ni vill kan ni f\u00f6rbereda er inf\u00f6r aktiviteten p\u00e5 f\u00f6ljande s\u00e4tt: Det rekommenderas att alla deltagare [&hellip;]<\/p>","protected":false},"author":3,"featured_media":4799,"parent":0,"menu_order":0,"comment_status":"closed","ping_status":"closed","template":"elementor_canvas","meta":[],"aioseo_notices":[],"_links":{"self":[{"href":"https:\/\/www.taz.fi\/en\/wp-json\/wp\/v2\/pages\/17871"}],"collection":[{"href":"https:\/\/www.taz.fi\/en\/wp-json\/wp\/v2\/pages"}],"about":[{"href":"https:\/\/www.taz.fi\/en\/wp-json\/wp\/v2\/types\/page"}],"author":[{"embeddable":true,"href":"https:\/\/www.taz.fi\/en\/wp-json\/wp\/v2\/users\/3"}],"replies":[{"embeddable":true,"href":"https:\/\/www.taz.fi\/en\/wp-json\/wp\/v2\/comments?post=17871"}],"version-history":[{"count":7,"href":"https:\/\/www.taz.fi\/en\/wp-json\/wp\/v2\/pages\/17871\/revisions"}],"predecessor-version":[{"id":17878,"href":"https:\/\/www.taz.fi\/en\/wp-json\/wp\/v2\/pages\/17871\/revisions\/17878"}],"wp:featuredmedia":[{"embeddable":true,"href":"https:\/\/www.taz.fi\/en\/wp-json\/wp\/v2\/media\/4799"}],"wp:attachment":[{"href":"https:\/\/www.taz.fi\/en\/wp-json\/wp\/v2\/media?parent=17871"}],"curies":[{"name":"wp","href":"https:\/\/api.w.org\/{rel}","templated":true}]}}