{"id":17879,"date":"2025-12-18T07:02:21","date_gmt":"2025-12-18T07:02:21","guid":{"rendered":"https:\/\/www.taz.fi\/?page_id=17879"},"modified":"2025-12-18T07:05:57","modified_gmt":"2025-12-18T07:05:57","slug":"outdoor_bingo-swe-starting","status":"publish","type":"page","link":"https:\/\/www.taz.fi\/en\/outdoor_bingo-swe-starting\/","title":{"rendered":"outdoor_bingo-swe-starting"},"content":{"rendered":"<div data-elementor-type=\"wp-page\" data-elementor-id=\"17879\" class=\"elementor elementor-17879\" data-elementor-post-type=\"page\">\n\t\t\t\t\t\t\t\t\t<section class=\"elementor-section elementor-top-section elementor-element elementor-element-5902583 elementor-section-boxed elementor-section-height-default elementor-section-height-default\" data-id=\"5902583\" data-element_type=\"section\">\n\t\t\t\t\t\t<div class=\"elementor-container elementor-column-gap-default\">\n\t\t\t\t\t<div class=\"elementor-column elementor-col-100 elementor-top-column elementor-element elementor-element-b9652e4\" data-id=\"b9652e4\" data-element_type=\"column\">\n\t\t\t<div class=\"elementor-widget-wrap elementor-element-populated\">\n\t\t\t\t\t\t\t\t<div class=\"elementor-element elementor-element-e157b8e elementor-widget elementor-widget-spacer\" data-id=\"e157b8e\" data-element_type=\"widget\" data-widget_type=\"spacer.default\">\n\t\t\t\t<div class=\"elementor-widget-container\">\n\t\t\t\t\t<div class=\"elementor-spacer\">\n\t\t\t<div class=\"elementor-spacer-inner\"><\/div>\n\t\t<\/div>\n\t\t\t\t<\/div>\n\t\t\t\t<\/div>\n\t\t\t\t<div class=\"elementor-element elementor-element-cbe4c78 elementor-widget elementor-widget-heading\" data-id=\"cbe4c78\" data-element_type=\"widget\" data-widget_type=\"heading.default\">\n\t\t\t\t<div class=\"elementor-widget-container\">\n\t\t\t<h2 class=\"elementor-heading-title elementor-size-default\">OUTDOOR BINGO \u2013 STARTINSTRUKTIONER<\/h2>\t\t<\/div>\n\t\t\t\t<\/div>\n\t\t\t\t<section class=\"elementor-section elementor-inner-section elementor-element elementor-element-2ce9a67 elementor-section-boxed elementor-section-height-default elementor-section-height-default\" data-id=\"2ce9a67\" data-element_type=\"section\">\n\t\t\t\t\t\t<div class=\"elementor-container elementor-column-gap-default\">\n\t\t\t\t\t<div class=\"elementor-column elementor-col-100 elementor-inner-column elementor-element elementor-element-4385018\" data-id=\"4385018\" data-element_type=\"column\">\n\t\t\t<div class=\"elementor-widget-wrap elementor-element-populated\">\n\t\t\t\t\t\t\t\t<div class=\"elementor-element elementor-element-96a5b6f elementor-widget elementor-widget-heading\" data-id=\"96a5b6f\" data-element_type=\"widget\" data-widget_type=\"heading.default\">\n\t\t\t\t<div class=\"elementor-widget-container\">\n\t\t\t<h2 class=\"elementor-heading-title elementor-size-default\">F\u00f6re evenemanget<\/h2>\t\t<\/div>\n\t\t\t\t<\/div>\n\t\t\t\t<div class=\"elementor-element elementor-element-35f13f4 elementor-widget elementor-widget-text-editor\" data-id=\"35f13f4\" data-element_type=\"widget\" data-widget_type=\"text-editor.default\">\n\t\t\t\t<div class=\"elementor-widget-container\">\n\t\t\t\t\t\t\t<ul data-start=\"61\" data-end=\"640\"><li data-start=\"61\" data-end=\"138\"><p data-start=\"63\" data-end=\"138\">Se till att ni har <strong data-start=\"82\" data-end=\"102\">ANSLUTNINGSKODEN<\/strong> som ni har f\u00e5tt f\u00f6r er aktivitet.<\/p><\/li><li data-start=\"139\" data-end=\"286\"><p data-start=\"141\" data-end=\"286\">Se till att deltagarnas telefonbatterier \u00e4r s\u00e5 fulladdade som m\u00f6jligt. Detta underl\u00e4ttar ett smidigt deltagande och minskar risken f\u00f6r avbrott.<\/p><\/li><li data-start=\"287\" data-end=\"440\"><p data-start=\"289\" data-end=\"440\">Det rekommenderas att alla deltagare installerar den kostnadsfria <strong data-start=\"355\" data-end=\"376\">ActionTrack-appen<\/strong> (Google Play \/ App Store) p\u00e5 sina telefoner f\u00f6re evenemanget.<\/p><\/li><li data-start=\"441\" data-end=\"640\"><p data-start=\"443\" data-end=\"640\">Ni kan best\u00e4mma om varje deltagare spelar p\u00e5 sin egen telefon (individuellt spel) eller om lag med 2\u20133 personer delar p\u00e5 en telefon. Om ni spelar i lag kan ni ocks\u00e5 planera lagindelningen i f\u00f6rv\u00e4g.<\/p><\/li><\/ul>\t\t\t\t\t\t<\/div>\n\t\t\t\t<\/div>\n\t\t\t\t\t<\/div>\n\t\t<\/div>\n\t\t\t\t\t\t\t<\/div>\n\t\t<\/section>\n\t\t\t\t<section class=\"elementor-section elementor-inner-section elementor-element elementor-element-ce8181d elementor-section-boxed elementor-section-height-default elementor-section-height-default\" data-id=\"ce8181d\" data-element_type=\"section\">\n\t\t\t\t\t\t<div class=\"elementor-container elementor-column-gap-default\">\n\t\t\t\t\t<div class=\"elementor-column elementor-col-100 elementor-inner-column elementor-element elementor-element-3d0fc18\" data-id=\"3d0fc18\" data-element_type=\"column\">\n\t\t\t<div class=\"elementor-widget-wrap elementor-element-populated\">\n\t\t\t\t\t\t\t\t<div class=\"elementor-element elementor-element-9a9e7cd elementor-widget elementor-widget-heading\" data-id=\"9a9e7cd\" data-element_type=\"widget\" data-widget_type=\"heading.default\">\n\t\t\t\t<div class=\"elementor-widget-container\">\n\t\t\t<h2 class=\"elementor-heading-title elementor-size-default\">Evenemang \u2013 kort introduktion<\/h2>\t\t<\/div>\n\t\t\t\t<\/div>\n\t\t\t\t<div class=\"elementor-element elementor-element-79ec3fb elementor-widget elementor-widget-text-editor\" data-id=\"79ec3fb\" data-element_type=\"widget\" data-widget_type=\"text-editor.default\">\n\t\t\t\t<div class=\"elementor-widget-container\">\n\t\t\t\t\t\t\t<p data-start=\"681\" data-end=\"783\">K\u00e4ra deltagare, varmt v\u00e4lkomna till <strong data-start=\"717\" data-end=\"734\">Outdoor Bingo<\/strong>! Innan vi s\u00e4tter ig\u00e5ng beh\u00f6ver vi g\u00f6ra f\u00f6ljande:<\/p><ul data-start=\"785\" data-end=\"1067\"><li data-start=\"785\" data-end=\"881\"><p data-start=\"787\" data-end=\"881\">Alla enskilda spelare och\/eller lag installerar ActionTrack-appen (Google Play \/ App Store).<\/p><\/li><li data-start=\"882\" data-end=\"924\"><p data-start=\"884\" data-end=\"924\">Ladda ner spelet med anslutningskoden.<\/p><\/li><li data-start=\"925\" data-end=\"981\"><p data-start=\"927\" data-end=\"981\">Lag laddar ner spelet p\u00e5 endast en gemensam telefon.<\/p><\/li><li data-start=\"982\" data-end=\"1040\"><p data-start=\"984\" data-end=\"1040\">Ange \u00f6nskat spelarnamn (f\u00f6r en individ eller ett lag).<\/p><\/li><li data-start=\"1041\" data-end=\"1067\"><p data-start=\"1043\" data-end=\"1067\">L\u00e4s spelinstruktionerna.<\/p><\/li><\/ul><p data-start=\"1069\" data-end=\"1248\">Spelare \/ lag kommer f\u00f6rst att se spelinstruktionerna och stannar d\u00e4refter vid <strong data-start=\"1148\" data-end=\"1160\">\u201dV\u00c4NTA!\u201d<\/strong>-sk\u00e4rmen. N\u00e4r jag s\u00e4ger <strong data-start=\"1184\" data-end=\"1194\">\u201dK\u00f6r!\u201d<\/strong> trycker alla p\u00e5 <strong data-start=\"1211\" data-end=\"1225\">\u201dForts\u00e4tt\u201d<\/strong>, och speltiden b\u00f6rjar.<\/p>\t\t\t\t\t\t<\/div>\n\t\t\t\t<\/div>\n\t\t\t\t\t<\/div>\n\t\t<\/div>\n\t\t\t\t\t\t\t<\/div>\n\t\t<\/section>\n\t\t\t\t<section class=\"elementor-section elementor-inner-section elementor-element elementor-element-7e5ff61 elementor-section-boxed elementor-section-height-default elementor-section-height-default\" data-id=\"7e5ff61\" data-element_type=\"section\">\n\t\t\t\t\t\t<div class=\"elementor-container elementor-column-gap-default\">\n\t\t\t\t\t<div class=\"elementor-column elementor-col-100 elementor-inner-column elementor-element elementor-element-22d9d80\" data-id=\"22d9d80\" data-element_type=\"column\">\n\t\t\t<div class=\"elementor-widget-wrap elementor-element-populated\">\n\t\t\t\t\t\t\t\t<div class=\"elementor-element elementor-element-ea334e7 elementor-widget elementor-widget-heading\" data-id=\"ea334e7\" data-element_type=\"widget\" data-widget_type=\"heading.default\">\n\t\t\t\t<div class=\"elementor-widget-container\">\n\t\t\t<h2 class=\"elementor-heading-title elementor-size-default\">KORT OM OUTDOOR BINGO-AKTIVITETEN<\/h2>\t\t<\/div>\n\t\t\t\t<\/div>\n\t\t\t\t\t<\/div>\n\t\t<\/div>\n\t\t\t\t\t\t\t<\/div>\n\t\t<\/section>\n\t\t\t\t<div class=\"elementor-element elementor-element-c231056 elementor-widget elementor-widget-heading\" data-id=\"c231056\" data-element_type=\"widget\" data-widget_type=\"heading.default\">\n\t\t\t\t<div class=\"elementor-widget-container\">\n\t\t\t<h2 class=\"elementor-heading-title elementor-size-default\">Instruktioner f\u00f6r sj\u00e4lva spelet<\/h2>\t\t<\/div>\n\t\t\t\t<\/div>\n\t\t\t\t<div class=\"elementor-element elementor-element-ac987fe elementor-widget elementor-widget-text-editor\" data-id=\"ac987fe\" data-element_type=\"widget\" data-widget_type=\"text-editor.default\">\n\t\t\t\t<div class=\"elementor-widget-container\">\n\t\t\t\t\t\t\t<p data-start=\"1330\" data-end=\"1420\">Ni ser ert eget <strong data-start=\"1346\" data-end=\"1365\">5\u00d75-bingobricka<\/strong> p\u00e5 kartan. Zooma och flytta kartvyn f\u00f6r att hitta den.<\/p><p data-start=\"1422\" data-end=\"1552\"><strong>I b\u00f6rjan finns det redan 15 bollar<\/strong> i spelomr\u00e5det. Nya bingobollar dras med j\u00e4mna mellanrum och dyker upp n\u00e5gonstans p\u00e5 kartan.<\/p><p data-start=\"1554\" data-end=\"1826\"><strong>F\u00f6r att markera ett nummer p\u00e5 brickan m\u00e5ste ni samla in en boll som motsvarar ett nummer p\u00e5 brickan.<\/strong> Ni beh\u00f6ver ta er till bollen f\u00f6r att samla in den. Genom att trycka p\u00e5 bollikonen p\u00e5 den mobila enhetens sk\u00e4rm kan ni se det exakta cirkelformade omr\u00e5de som ni beh\u00f6ver n\u00e5.<\/p><p data-start=\"1828\" data-end=\"2008\">Observera att \u00e4ven <strong data-start=\"1847\" data-end=\"1893\">summan av de tv\u00e5 senast insamlade bollarna r\u00e4knas<\/strong>. Till exempel, om ni samlar bollarna 10 och 7 och brickan har numret 17, f\u00e5r ni en markering f\u00f6r nummer 17.<\/p><p data-start=\"2010\" data-end=\"2096\">Varje insamlad boll ger 10 po\u00e4ng, och varje markering p\u00e5 brickan ger 50 po\u00e4ng.<\/p><p data-start=\"2098\" data-end=\"2194\">En rad ger 500 po\u00e4ng, tv\u00e5 rader ger 1 000 po\u00e4ng, och en full bricka ger 2 000 po\u00e4ng.<\/p><p data-start=\"2196\" data-end=\"2291\">Dessutom delas bonusar ut till de 10 snabbaste spelarna eller lagen f\u00f6r varje typ av bingo:<\/p><ul data-start=\"2293\" data-end=\"2484\"><li data-start=\"2293\" data-end=\"2355\"><p data-start=\"2295\" data-end=\"2355\">En rad: 50\u20131 000 po\u00e4ng (den snabbaste f\u00e5r 1 000 po\u00e4ng)<\/p><\/li><li data-start=\"2356\" data-end=\"2419\"><p data-start=\"2358\" data-end=\"2419\">Tv\u00e5 rader: dubbel bonus (den snabbaste f\u00e5r 2 000 po\u00e4ng)<\/p><\/li><li data-start=\"2420\" data-end=\"2484\"><p data-start=\"2422\" data-end=\"2484\">Full bricka: trippel bonus (den snabbaste f\u00e5r 3 000 po\u00e4ng)<\/p><\/li><\/ul><p data-start=\"2486\" data-end=\"2542\" data-is-last-node=\"\" data-is-only-node=\"\">Den spelare eller det lag som samlar flest po\u00e4ng vinner!<\/p>\t\t\t\t\t\t<\/div>\n\t\t\t\t<\/div>\n\t\t\t\t<div class=\"elementor-element elementor-element-a274195 elementor-align-center elementor-widget elementor-widget-button\" data-id=\"a274195\" data-element_type=\"widget\" data-widget_type=\"button.default\">\n\t\t\t\t<div class=\"elementor-widget-container\">\n\t\t\t\t\t<div class=\"elementor-button-wrapper\">\n\t\t\t<a class=\"elementor-button elementor-button-link elementor-size-md elementor-animation-grow\" href=\"https:\/\/www.taz.fi\/en\/outdoor_bingo-swe\/\">\n\t\t\t\t\t\t<span class=\"elementor-button-content-wrapper\">\n\t\t\t\t\t\t<span class=\"elementor-button-text\">L\u00e4s mer om spelet<\/span>\n\t\t<\/span>\n\t\t\t\t\t<\/a>\n\t\t<\/div>\n\t\t\t\t<\/div>\n\t\t\t\t<\/div>\n\t\t\t\t<div class=\"elementor-element elementor-element-d2a0df7 elementor-widget elementor-widget-spacer\" data-id=\"d2a0df7\" data-element_type=\"widget\" data-widget_type=\"spacer.default\">\n\t\t\t\t<div class=\"elementor-widget-container\">\n\t\t\t\t\t<div class=\"elementor-spacer\">\n\t\t\t<div class=\"elementor-spacer-inner\"><\/div>\n\t\t<\/div>\n\t\t\t\t<\/div>\n\t\t\t\t<\/div>\n\t\t\t\t\t<\/div>\n\t\t<\/div>\n\t\t\t\t\t\t\t<\/div>\n\t\t<\/section>\n\t\t\t\t\t\t\t<\/div>","protected":false},"excerpt":{"rendered":"<p>OUTDOOR BINGO \u2013 STARTINSTRUKTIONER F\u00f6re evenemanget Se till att ni har ANSLUTNINGSKODEN som ni har f\u00e5tt f\u00f6r er aktivitet. Se till att deltagarnas telefonbatterier \u00e4r s\u00e5 fulladdade som m\u00f6jligt. Detta underl\u00e4ttar ett smidigt deltagande och minskar risken f\u00f6r avbrott. Det rekommenderas att alla deltagare installerar den kostnadsfria ActionTrack-appen (Google Play \/ App Store) p\u00e5 sina [&hellip;]<\/p>","protected":false},"author":3,"featured_media":4811,"parent":0,"menu_order":0,"comment_status":"closed","ping_status":"closed","template":"elementor_canvas","meta":[],"aioseo_notices":[],"_links":{"self":[{"href":"https:\/\/www.taz.fi\/en\/wp-json\/wp\/v2\/pages\/17879"}],"collection":[{"href":"https:\/\/www.taz.fi\/en\/wp-json\/wp\/v2\/pages"}],"about":[{"href":"https:\/\/www.taz.fi\/en\/wp-json\/wp\/v2\/types\/page"}],"author":[{"embeddable":true,"href":"https:\/\/www.taz.fi\/en\/wp-json\/wp\/v2\/users\/3"}],"replies":[{"embeddable":true,"href":"https:\/\/www.taz.fi\/en\/wp-json\/wp\/v2\/comments?post=17879"}],"version-history":[{"count":10,"href":"https:\/\/www.taz.fi\/en\/wp-json\/wp\/v2\/pages\/17879\/revisions"}],"predecessor-version":[{"id":17889,"href":"https:\/\/www.taz.fi\/en\/wp-json\/wp\/v2\/pages\/17879\/revisions\/17889"}],"wp:featuredmedia":[{"embeddable":true,"href":"https:\/\/www.taz.fi\/en\/wp-json\/wp\/v2\/media\/4811"}],"wp:attachment":[{"href":"https:\/\/www.taz.fi\/en\/wp-json\/wp\/v2\/media?parent=17879"}],"curies":[{"name":"wp","href":"https:\/\/api.w.org\/{rel}","templated":true}]}}