{"id":17908,"date":"2025-12-18T07:15:50","date_gmt":"2025-12-18T07:15:50","guid":{"rendered":"https:\/\/www.taz.fi\/?page_id=17908"},"modified":"2025-12-18T07:18:58","modified_gmt":"2025-12-18T07:18:58","slug":"cluedetectives-swe-starting","status":"publish","type":"page","link":"https:\/\/www.taz.fi\/en\/cluedetectives-swe-starting\/","title":{"rendered":"cluedetectives-swe-starting"},"content":{"rendered":"<div data-elementor-type=\"wp-page\" data-elementor-id=\"17908\" class=\"elementor elementor-17908\" data-elementor-post-type=\"page\">\n\t\t\t\t\t\t\t\t\t<section class=\"elementor-section elementor-top-section elementor-element elementor-element-5902583 elementor-section-boxed elementor-section-height-default elementor-section-height-default\" data-id=\"5902583\" data-element_type=\"section\">\n\t\t\t\t\t\t<div class=\"elementor-container elementor-column-gap-default\">\n\t\t\t\t\t<div class=\"elementor-column elementor-col-100 elementor-top-column elementor-element elementor-element-b9652e4\" data-id=\"b9652e4\" data-element_type=\"column\">\n\t\t\t<div class=\"elementor-widget-wrap elementor-element-populated\">\n\t\t\t\t\t\t\t\t<div class=\"elementor-element elementor-element-e157b8e elementor-widget elementor-widget-spacer\" data-id=\"e157b8e\" data-element_type=\"widget\" data-widget_type=\"spacer.default\">\n\t\t\t\t<div class=\"elementor-widget-container\">\n\t\t\t\t\t<div class=\"elementor-spacer\">\n\t\t\t<div class=\"elementor-spacer-inner\"><\/div>\n\t\t<\/div>\n\t\t\t\t<\/div>\n\t\t\t\t<\/div>\n\t\t\t\t<div class=\"elementor-element elementor-element-cbe4c78 elementor-widget elementor-widget-heading\" data-id=\"cbe4c78\" data-element_type=\"widget\" data-widget_type=\"heading.default\">\n\t\t\t\t<div class=\"elementor-widget-container\">\n\t\t\t<h2 class=\"elementor-heading-title elementor-size-default\">CLUE DETECTIVES \u2013 STARTINSTRUKTIONER<\/h2>\t\t<\/div>\n\t\t\t\t<\/div>\n\t\t\t\t<section class=\"elementor-section elementor-inner-section elementor-element elementor-element-2ce9a67 elementor-section-boxed elementor-section-height-default elementor-section-height-default\" data-id=\"2ce9a67\" data-element_type=\"section\">\n\t\t\t\t\t\t<div class=\"elementor-container elementor-column-gap-default\">\n\t\t\t\t\t<div class=\"elementor-column elementor-col-100 elementor-inner-column elementor-element elementor-element-4385018\" data-id=\"4385018\" data-element_type=\"column\">\n\t\t\t<div class=\"elementor-widget-wrap elementor-element-populated\">\n\t\t\t\t\t\t\t\t<div class=\"elementor-element elementor-element-96a5b6f elementor-widget elementor-widget-heading\" data-id=\"96a5b6f\" data-element_type=\"widget\" data-widget_type=\"heading.default\">\n\t\t\t\t<div class=\"elementor-widget-container\">\n\t\t\t<h2 class=\"elementor-heading-title elementor-size-default\">F\u00f6re evenemanget<\/h2>\t\t<\/div>\n\t\t\t\t<\/div>\n\t\t\t\t<div class=\"elementor-element elementor-element-35f13f4 elementor-widget elementor-widget-text-editor\" data-id=\"35f13f4\" data-element_type=\"widget\" data-widget_type=\"text-editor.default\">\n\t\t\t\t<div class=\"elementor-widget-container\">\n\t\t\t\t\t\t\t<ul data-start=\"63\" data-end=\"286\"><li data-start=\"63\" data-end=\"140\"><p data-start=\"65\" data-end=\"140\">Se till att ni har <strong data-start=\"84\" data-end=\"104\">ANSLUTNINGSKODEN<\/strong> som ni har f\u00e5tt f\u00f6r er aktivitet.<\/p><\/li><li data-start=\"141\" data-end=\"286\"><p data-start=\"143\" data-end=\"286\">Se till att deltagarnas telefonbatterier \u00e4r s\u00e5 fulladdade som m\u00f6jligt. Detta underl\u00e4ttar ett smidigt deltagande och minskar risken f\u00f6r avbrott.<\/p><\/li><\/ul><p data-start=\"288\" data-end=\"354\">Om ni vill kan ni f\u00f6rbereda er inf\u00f6r aktiviteten p\u00e5 f\u00f6ljande s\u00e4tt:<\/p><ul data-start=\"356\" data-end=\"779\"><li data-start=\"356\" data-end=\"509\"><p data-start=\"358\" data-end=\"509\">Det rekommenderas att alla deltagare installerar den kostnadsfria <strong data-start=\"424\" data-end=\"445\">ActionTrack-appen<\/strong> (Google Play \/ App Store) p\u00e5 sina telefoner f\u00f6re evenemanget.<\/p><\/li><li data-start=\"510\" data-end=\"739\"><p data-start=\"512\" data-end=\"739\">Deltagarna kan delas in i f\u00f6rv\u00e4g i lag (= klaner) som tillsammans anv\u00e4nder fyra mobila enheter. Varje mobil enhet kan delas av 1\u20133 lagmedlemmar s\u00e5 att alla tydligt kan se uppgifterna. Rekommenderad lagstorlek \u00e4r 4\u20138 personer.<\/p><\/li><li data-start=\"740\" data-end=\"779\"><p data-start=\"742\" data-end=\"779\">Lagkaptener kan ocks\u00e5 utses i f\u00f6rv\u00e4g.<\/p><\/li><\/ul><p data-start=\"781\" data-end=\"884\">Ovanst\u00e5ende \u00e5tg\u00e4rder snabbar upp starten av evenemanget och s\u00e4kerst\u00e4ller att alla kommer ig\u00e5ng smidigt.<\/p><p data-start=\"886\" data-end=\"1094\">Normalt best\u00e5r spelet av korta omg\u00e5ngar som kan spelas med laget n\u00e4r det passar, eller enligt \u00f6verenskommelse. Spelet kan till exempel best\u00e5 av <strong data-start=\"1030\" data-end=\"1048\">4 \u00d7 10 minuter<\/strong>, <strong data-start=\"1050\" data-end=\"1068\">4 \u00d7 12 minuter<\/strong> eller <strong data-start=\"1075\" data-end=\"1093\">4 \u00d7 15 minuter<\/strong>.<\/p><p data-start=\"1096\" data-end=\"1255\">Best\u00e4m hur ni vill spela ert spel: hur m\u00e5nga omg\u00e5ngar det ska vara och n\u00e4r de ska spelas. Spelar alla samtidigt, eller kan lagen spela n\u00e4r det passar dem b\u00e4st?<\/p><p data-start=\"1257\" data-end=\"1404\">Om spelet spelas i samband med en middag kan omg\u00e5ngarna spelas vid bordet, till exempel f\u00f6re f\u00f6rr\u00e4tten, mellan r\u00e4tterna och en g\u00e5ng till p\u00e5 slutet.<\/p>\t\t\t\t\t\t<\/div>\n\t\t\t\t<\/div>\n\t\t\t\t\t<\/div>\n\t\t<\/div>\n\t\t\t\t\t\t\t<\/div>\n\t\t<\/section>\n\t\t\t\t<section class=\"elementor-section elementor-inner-section elementor-element elementor-element-ce8181d elementor-section-boxed elementor-section-height-default elementor-section-height-default\" data-id=\"ce8181d\" data-element_type=\"section\">\n\t\t\t\t\t\t<div class=\"elementor-container elementor-column-gap-default\">\n\t\t\t\t\t<div class=\"elementor-column elementor-col-100 elementor-inner-column elementor-element elementor-element-3d0fc18\" data-id=\"3d0fc18\" data-element_type=\"column\">\n\t\t\t<div class=\"elementor-widget-wrap elementor-element-populated\">\n\t\t\t\t\t\t\t\t<div class=\"elementor-element elementor-element-9a9e7cd elementor-widget elementor-widget-heading\" data-id=\"9a9e7cd\" data-element_type=\"widget\" data-widget_type=\"heading.default\">\n\t\t\t\t<div class=\"elementor-widget-container\">\n\t\t\t<h2 class=\"elementor-heading-title elementor-size-default\">Evenemang \u2013 kort introduktion<\/h2>\t\t<\/div>\n\t\t\t\t<\/div>\n\t\t\t\t<div class=\"elementor-element elementor-element-79ec3fb elementor-widget elementor-widget-text-editor\" data-id=\"79ec3fb\" data-element_type=\"widget\" data-widget_type=\"text-editor.default\">\n\t\t\t\t<div class=\"elementor-widget-container\">\n\t\t\t\t\t\t\t<p>V\u00e4lkommen till <strong data-start=\"1460\" data-end=\"1479\">Clue Detectives<\/strong>! Dela in er i lag och v\u00e4lj en kapten vars telefon fungerar som lagets huvudenhet. Kaptenen installerar ActionTrack-appen, laddar ner spelet med anslutningskoden, skapar en klan f\u00f6r laget och g\u00e5r med i klanen. Bland de \u00f6vriga lagmedlemmarna v\u00e4ljs tre som ocks\u00e5 installerar ActionTrack-appen, laddar ner spelet och ansluter till klanen efter kaptenen. N\u00e4r lagen \u00e4r redo kan spelet b\u00f6rja. Lycka till och ha roligt!<\/p>\t\t\t\t\t\t<\/div>\n\t\t\t\t<\/div>\n\t\t\t\t\t<\/div>\n\t\t<\/div>\n\t\t\t\t\t\t\t<\/div>\n\t\t<\/section>\n\t\t\t\t<section class=\"elementor-section elementor-inner-section elementor-element elementor-element-2e36d8d elementor-section-boxed elementor-section-height-default elementor-section-height-default\" data-id=\"2e36d8d\" data-element_type=\"section\">\n\t\t\t\t\t\t<div class=\"elementor-container elementor-column-gap-default\">\n\t\t\t\t\t<div class=\"elementor-column elementor-col-100 elementor-inner-column elementor-element elementor-element-a6faa33\" data-id=\"a6faa33\" data-element_type=\"column\">\n\t\t\t<div class=\"elementor-widget-wrap elementor-element-populated\">\n\t\t\t\t\t\t\t\t<div class=\"elementor-element elementor-element-709f2ff elementor-widget elementor-widget-heading\" data-id=\"709f2ff\" data-element_type=\"widget\" data-widget_type=\"heading.default\">\n\t\t\t\t<div class=\"elementor-widget-container\">\n\t\t\t<h2 class=\"elementor-heading-title elementor-size-default\">Evenemang \u2013 detaljerad introduktion<\/h2>\t\t<\/div>\n\t\t\t\t<\/div>\n\t\t\t\t<div class=\"elementor-element elementor-element-5b615b1 elementor-widget elementor-widget-text-editor\" data-id=\"5b615b1\" data-element_type=\"widget\" data-widget_type=\"text-editor.default\">\n\t\t\t\t<div class=\"elementor-widget-container\">\n\t\t\t\t\t\t\t<p data-start=\"1938\" data-end=\"2042\">K\u00e4ra deltagare, varmt v\u00e4lkomna till <strong data-start=\"1974\" data-end=\"1993\">Clue Detectives<\/strong>! Innan vi s\u00e4tter ig\u00e5ng beh\u00f6ver vi g\u00f6ra f\u00f6ljande:<\/p><h5 data-start=\"2044\" data-end=\"2060\">1. Bilda lag<\/h5><p data-start=\"2062\" data-end=\"2245\">Lagen (= klaner) anv\u00e4nder totalt fyra mobila enheter. Varje mobil enhet kan delas av 1\u20133 lagmedlemmar s\u00e5 att alla tydligt kan se uppgifterna. Rekommenderad lagstorlek \u00e4r 4\u20138 personer.<\/p><p data-start=\"2247\" data-end=\"2340\">Lagstorlekarna kan variera \u2013 det \u00e4r inget problem. V\u00e4lj en lagindelning som k\u00e4nns bra f\u00f6r er.<\/p><h5 data-start=\"2342\" data-end=\"2366\">2. V\u00e4lj en lagkapten<\/h5><p data-start=\"2368\" data-end=\"2446\">Kaptenen anv\u00e4nder lagets huvudsakliga mobila enhet (telefon eller surfplatta).<\/p><p data-start=\"2448\" data-end=\"2465\">Enheten ska vara:<\/p><ul data-start=\"2466\" data-end=\"2527\"><li data-start=\"2466\" data-end=\"2481\"><p data-start=\"2468\" data-end=\"2481\">relativt ny<\/p><\/li><li data-start=\"2482\" data-end=\"2495\"><p data-start=\"2484\" data-end=\"2495\">fulladdad<\/p><\/li><li data-start=\"2496\" data-end=\"2527\"><p data-start=\"2498\" data-end=\"2527\">utrustad med fungerande GPS<\/p><\/li><\/ul><p data-start=\"2529\" data-end=\"2638\">Obs: Spelet kan inte forts\u00e4tta p\u00e5 en annan enhet, s\u00e5 s\u00e4kerst\u00e4ll att enheten fungerar korrekt innan ni b\u00f6rjar.<\/p><h5 data-start=\"2640\" data-end=\"2685\">3. Kaptenen installerar ActionTrack-appen<\/h5><p data-start=\"2687\" data-end=\"2832\">Ladda ner den kostnadsfria ActionTrack-appen fr\u00e5n Google Play eller App Store. Ge appen alla beg\u00e4rda beh\u00f6righeter s\u00e5 att spelet fungerar korrekt.<\/p><h5 data-start=\"2834\" data-end=\"2875\">4. Ladda ner spelet och skapa en klan<\/h5><p data-start=\"2877\" data-end=\"2890\"><strong data-start=\"2877\" data-end=\"2890\">Kaptenen:<\/strong><\/p><ul data-start=\"2891\" data-end=\"3116\"><li data-start=\"2891\" data-end=\"2933\"><p data-start=\"2893\" data-end=\"2933\">Laddar ner spelet med anslutningskoden<\/p><\/li><li data-start=\"2934\" data-end=\"2959\"><p data-start=\"2936\" data-end=\"2959\">Anger sitt spelarnamn<\/p><\/li><li data-start=\"2960\" data-end=\"3010\"><p data-start=\"2962\" data-end=\"3010\">Skapar en klan f\u00f6r laget (Klanvy \u2192 \u201dSkapa ny\u201d)<\/p><\/li><li data-start=\"3011\" data-end=\"3051\"><p data-start=\"3013\" data-end=\"3051\">Ger klanen ett namn och ett l\u00f6senord<\/p><\/li><li data-start=\"3052\" data-end=\"3116\"><p data-start=\"3054\" data-end=\"3116\">G\u00e5r med i den skapade klanen f\u00f6rst genom att ange l\u00f6senordet<\/p><\/li><\/ul><p data-start=\"3118\" data-end=\"3218\">Om l\u00f6senordet gl\u00f6ms bort direkt i b\u00f6rjan kan kaptenen enkelt skapa en ny klan med ett nytt l\u00f6senord.<\/p><p data-start=\"3220\" data-end=\"3244\"><strong data-start=\"3220\" data-end=\"3244\">\u00d6vriga lagmedlemmar:<\/strong><\/p><p data-start=\"3246\" data-end=\"3272\">V\u00e4lj tre lagmedlemmar som:<\/p><ul data-start=\"3273\" data-end=\"3479\"><li data-start=\"3273\" data-end=\"3306\"><p data-start=\"3275\" data-end=\"3306\">Installerar ActionTrack-appen<\/p><\/li><li data-start=\"3307\" data-end=\"3349\"><p data-start=\"3309\" data-end=\"3349\">Laddar ner spelet med anslutningskoden<\/p><\/li><li data-start=\"3350\" data-end=\"3381\"><p data-start=\"3352\" data-end=\"3381\">Anger sitt valda spelarnamn<\/p><\/li><li data-start=\"3382\" data-end=\"3479\"><p data-start=\"3384\" data-end=\"3479\">Ansluter till klanen som kaptenen har skapat genom att v\u00e4lja den i listan och ange l\u00f6senordet<\/p><\/li><\/ul>\t\t\t\t\t\t<\/div>\n\t\t\t\t<\/div>\n\t\t\t\t\t<\/div>\n\t\t<\/div>\n\t\t\t\t\t\t\t<\/div>\n\t\t<\/section>\n\t\t\t\t<section class=\"elementor-section elementor-inner-section elementor-element elementor-element-7e5ff61 elementor-section-boxed elementor-section-height-default elementor-section-height-default\" data-id=\"7e5ff61\" data-element_type=\"section\">\n\t\t\t\t\t\t<div class=\"elementor-container elementor-column-gap-default\">\n\t\t\t\t\t<div class=\"elementor-column elementor-col-100 elementor-inner-column elementor-element elementor-element-22d9d80\" data-id=\"22d9d80\" data-element_type=\"column\">\n\t\t\t<div class=\"elementor-widget-wrap elementor-element-populated\">\n\t\t\t\t\t\t\t\t<div class=\"elementor-element elementor-element-ea334e7 elementor-widget elementor-widget-heading\" data-id=\"ea334e7\" data-element_type=\"widget\" data-widget_type=\"heading.default\">\n\t\t\t\t<div class=\"elementor-widget-container\">\n\t\t\t<h2 class=\"elementor-heading-title elementor-size-default\">KORT OM CLUE DETECTIVES-AKTIVITETEN<\/h2>\t\t<\/div>\n\t\t\t\t<\/div>\n\t\t\t\t\t<\/div>\n\t\t<\/div>\n\t\t\t\t\t\t\t<\/div>\n\t\t<\/section>\n\t\t\t\t<div class=\"elementor-element elementor-element-c231056 elementor-widget elementor-widget-heading\" data-id=\"c231056\" data-element_type=\"widget\" data-widget_type=\"heading.default\">\n\t\t\t\t<div class=\"elementor-widget-container\">\n\t\t\t<h2 class=\"elementor-heading-title elementor-size-default\">Instruktioner f\u00f6r sj\u00e4lva spelet<\/h2>\t\t<\/div>\n\t\t\t\t<\/div>\n\t\t\t\t<div class=\"elementor-element elementor-element-ac987fe elementor-widget elementor-widget-text-editor\" data-id=\"ac987fe\" data-element_type=\"widget\" data-widget_type=\"text-editor.default\">\n\t\t\t\t<div class=\"elementor-widget-container\">\n\t\t\t\t\t\t\t<p data-start=\"3563\" data-end=\"3963\">I denna helt nya typ av \u201dfr\u00e5gespel\u201d har varje lag fyra mobila enheter till sitt f\u00f6rfogande och ska l\u00f6sa ledtr\u00e5dsbaserade utmaningar inom valda \u00e4mnesomr\u00e5den. Varje mobil enhet f\u00e5r med korta intervaller flera unika ledtr\u00e5dar. Genom att granska, j\u00e4mf\u00f6ra och diskutera ledtr\u00e5darna ska laget s\u00e5 snabbt som m\u00f6jligt komma fram till det svar som binder ihop dem. Svaret kan endast hittas genom samarbete.<\/p><p data-start=\"3965\" data-end=\"4227\">Under spelets g\u00e5ng styr lagkaptenen tempot. N\u00e4r kaptenen aktiverar n\u00e4sta ledtr\u00e5dsutmaning visas utmaningens unika ledtr\u00e5dar snart p\u00e5 alla lagets mobila enheter. N\u00e4r kaptenen skickar in svaret g\u00e5r de \u00f6vriga enheterna \u00f6ver i v\u00e4ntel\u00e4ge inf\u00f6r n\u00e4sta ledtr\u00e5dsutmaning.<\/p><p data-start=\"4229\" data-end=\"4360\" data-is-last-node=\"\" data-is-only-node=\"\">Mellan omg\u00e5ngarna kan spelarna fritt l\u00e4mna spelet och \u00e5terv\u00e4nda till det. Spelet finns i fliken \u201dP\u00e5g\u00e5ende\u201d i ActionTrack-appen.<\/p>\t\t\t\t\t\t<\/div>\n\t\t\t\t<\/div>\n\t\t\t\t<div class=\"elementor-element elementor-element-a274195 elementor-align-center elementor-widget elementor-widget-button\" data-id=\"a274195\" data-element_type=\"widget\" data-widget_type=\"button.default\">\n\t\t\t\t<div class=\"elementor-widget-container\">\n\t\t\t\t\t<div class=\"elementor-button-wrapper\">\n\t\t\t<a class=\"elementor-button elementor-button-link elementor-size-md elementor-animation-grow\" href=\"https:\/\/www.taz.fi\/fi\/cluedetectives-eng\/\">\n\t\t\t\t\t\t<span class=\"elementor-button-content-wrapper\">\n\t\t\t\t\t\t<span class=\"elementor-button-text\">L\u00e4s mer om spelet<\/span>\n\t\t<\/span>\n\t\t\t\t\t<\/a>\n\t\t<\/div>\n\t\t\t\t<\/div>\n\t\t\t\t<\/div>\n\t\t\t\t<div class=\"elementor-element elementor-element-d2a0df7 elementor-widget elementor-widget-spacer\" data-id=\"d2a0df7\" data-element_type=\"widget\" data-widget_type=\"spacer.default\">\n\t\t\t\t<div class=\"elementor-widget-container\">\n\t\t\t\t\t<div class=\"elementor-spacer\">\n\t\t\t<div class=\"elementor-spacer-inner\"><\/div>\n\t\t<\/div>\n\t\t\t\t<\/div>\n\t\t\t\t<\/div>\n\t\t\t\t\t<\/div>\n\t\t<\/div>\n\t\t\t\t\t\t\t<\/div>\n\t\t<\/section>\n\t\t\t\t\t\t\t<\/div>","protected":false},"excerpt":{"rendered":"<p>CLUE DETECTIVES \u2013 STARTINSTRUKTIONER F\u00f6re evenemanget Se till att ni har ANSLUTNINGSKODEN som ni har f\u00e5tt f\u00f6r er aktivitet. Se till att deltagarnas telefonbatterier \u00e4r s\u00e5 fulladdade som m\u00f6jligt. Detta underl\u00e4ttar ett smidigt deltagande och minskar risken f\u00f6r avbrott. Om ni vill kan ni f\u00f6rbereda er inf\u00f6r aktiviteten p\u00e5 f\u00f6ljande s\u00e4tt: Det rekommenderas att alla [&hellip;]<\/p>","protected":false},"author":3,"featured_media":16085,"parent":0,"menu_order":0,"comment_status":"closed","ping_status":"closed","template":"elementor_canvas","meta":[],"aioseo_notices":[],"_links":{"self":[{"href":"https:\/\/www.taz.fi\/en\/wp-json\/wp\/v2\/pages\/17908"}],"collection":[{"href":"https:\/\/www.taz.fi\/en\/wp-json\/wp\/v2\/pages"}],"about":[{"href":"https:\/\/www.taz.fi\/en\/wp-json\/wp\/v2\/types\/page"}],"author":[{"embeddable":true,"href":"https:\/\/www.taz.fi\/en\/wp-json\/wp\/v2\/users\/3"}],"replies":[{"embeddable":true,"href":"https:\/\/www.taz.fi\/en\/wp-json\/wp\/v2\/comments?post=17908"}],"version-history":[{"count":7,"href":"https:\/\/www.taz.fi\/en\/wp-json\/wp\/v2\/pages\/17908\/revisions"}],"predecessor-version":[{"id":17915,"href":"https:\/\/www.taz.fi\/en\/wp-json\/wp\/v2\/pages\/17908\/revisions\/17915"}],"wp:featuredmedia":[{"embeddable":true,"href":"https:\/\/www.taz.fi\/en\/wp-json\/wp\/v2\/media\/16085"}],"wp:attachment":[{"href":"https:\/\/www.taz.fi\/en\/wp-json\/wp\/v2\/media?parent=17908"}],"curies":[{"name":"wp","href":"https:\/\/api.w.org\/{rel}","templated":true}]}}