{"id":17916,"date":"2025-12-18T07:20:43","date_gmt":"2025-12-18T07:20:43","guid":{"rendered":"https:\/\/www.taz.fi\/?page_id=17916"},"modified":"2025-12-18T07:23:51","modified_gmt":"2025-12-18T07:23:51","slug":"thefourmysteryboxescape-swe-starting","status":"publish","type":"page","link":"https:\/\/www.taz.fi\/en\/thefourmysteryboxescape-swe-starting\/","title":{"rendered":"thefourmysteryboxescape-swe-starting"},"content":{"rendered":"<div data-elementor-type=\"wp-page\" data-elementor-id=\"17916\" class=\"elementor elementor-17916\" data-elementor-post-type=\"page\">\n\t\t\t\t\t\t\t\t\t<section class=\"elementor-section elementor-top-section elementor-element elementor-element-5902583 elementor-section-boxed elementor-section-height-default elementor-section-height-default\" data-id=\"5902583\" data-element_type=\"section\">\n\t\t\t\t\t\t<div class=\"elementor-container elementor-column-gap-default\">\n\t\t\t\t\t<div class=\"elementor-column elementor-col-100 elementor-top-column elementor-element elementor-element-b9652e4\" data-id=\"b9652e4\" data-element_type=\"column\">\n\t\t\t<div class=\"elementor-widget-wrap elementor-element-populated\">\n\t\t\t\t\t\t\t\t<div class=\"elementor-element elementor-element-e157b8e elementor-widget elementor-widget-spacer\" data-id=\"e157b8e\" data-element_type=\"widget\" data-widget_type=\"spacer.default\">\n\t\t\t\t<div class=\"elementor-widget-container\">\n\t\t\t\t\t<div class=\"elementor-spacer\">\n\t\t\t<div class=\"elementor-spacer-inner\"><\/div>\n\t\t<\/div>\n\t\t\t\t<\/div>\n\t\t\t\t<\/div>\n\t\t\t\t<div class=\"elementor-element elementor-element-cbe4c78 elementor-widget elementor-widget-heading\" data-id=\"cbe4c78\" data-element_type=\"widget\" data-widget_type=\"heading.default\">\n\t\t\t\t<div class=\"elementor-widget-container\">\n\t\t\t<h2 class=\"elementor-heading-title elementor-size-default\">THE FOUR MYSTERY BOX ESCAPE \u2013 STARTINSTRUKTIONER<\/h2>\t\t<\/div>\n\t\t\t\t<\/div>\n\t\t\t\t<section class=\"elementor-section elementor-inner-section elementor-element elementor-element-2ce9a67 elementor-section-boxed elementor-section-height-default elementor-section-height-default\" data-id=\"2ce9a67\" data-element_type=\"section\">\n\t\t\t\t\t\t<div class=\"elementor-container elementor-column-gap-default\">\n\t\t\t\t\t<div class=\"elementor-column elementor-col-100 elementor-inner-column elementor-element elementor-element-4385018\" data-id=\"4385018\" data-element_type=\"column\">\n\t\t\t<div class=\"elementor-widget-wrap elementor-element-populated\">\n\t\t\t\t\t\t\t\t<div class=\"elementor-element elementor-element-96a5b6f elementor-widget elementor-widget-heading\" data-id=\"96a5b6f\" data-element_type=\"widget\" data-widget_type=\"heading.default\">\n\t\t\t\t<div class=\"elementor-widget-container\">\n\t\t\t<h2 class=\"elementor-heading-title elementor-size-default\">F\u00f6re evenemanget<\/h2>\t\t<\/div>\n\t\t\t\t<\/div>\n\t\t\t\t<div class=\"elementor-element elementor-element-35f13f4 elementor-widget elementor-widget-text-editor\" data-id=\"35f13f4\" data-element_type=\"widget\" data-widget_type=\"text-editor.default\">\n\t\t\t\t<div class=\"elementor-widget-container\">\n\t\t\t\t\t\t\t<ul data-start=\"75\" data-end=\"298\"><li data-start=\"75\" data-end=\"152\"><p data-start=\"77\" data-end=\"152\">Se till att ni har <strong data-start=\"96\" data-end=\"116\">ANSLUTNINGSKODEN<\/strong> som ni har f\u00e5tt f\u00f6r er aktivitet.<\/p><\/li><li data-start=\"153\" data-end=\"298\"><p data-start=\"155\" data-end=\"298\">Se till att deltagarnas telefonbatterier \u00e4r s\u00e5 fulladdade som m\u00f6jligt. Detta underl\u00e4ttar ett smidigt deltagande och minskar risken f\u00f6r avbrott.<\/p><\/li><\/ul><p data-start=\"300\" data-end=\"366\">Om ni vill kan ni f\u00f6rbereda er inf\u00f6r aktiviteten p\u00e5 f\u00f6ljande s\u00e4tt:<\/p><ul data-start=\"368\" data-end=\"791\"><li data-start=\"368\" data-end=\"521\"><p data-start=\"370\" data-end=\"521\">Det rekommenderas att alla deltagare installerar den kostnadsfria <strong data-start=\"436\" data-end=\"457\">ActionTrack-appen<\/strong> (Google Play \/ App Store) p\u00e5 sina telefoner f\u00f6re evenemanget.<\/p><\/li><li data-start=\"522\" data-end=\"751\"><p data-start=\"524\" data-end=\"751\">Deltagarna kan delas in i f\u00f6rv\u00e4g i lag (= klaner) som tillsammans anv\u00e4nder fyra mobila enheter. Varje mobil enhet kan delas av 1\u20133 lagmedlemmar s\u00e5 att alla tydligt kan se uppgifterna. Rekommenderad lagstorlek \u00e4r 4\u20138 personer.<\/p><\/li><li data-start=\"752\" data-end=\"791\"><p data-start=\"754\" data-end=\"791\">Lagkaptener kan ocks\u00e5 utses i f\u00f6rv\u00e4g.<\/p><\/li><\/ul><p data-start=\"793\" data-end=\"896\">Ovanst\u00e5ende \u00e5tg\u00e4rder snabbar upp starten av evenemanget och s\u00e4kerst\u00e4ller att alla kommer ig\u00e5ng smidigt.<\/p>\t\t\t\t\t\t<\/div>\n\t\t\t\t<\/div>\n\t\t\t\t\t<\/div>\n\t\t<\/div>\n\t\t\t\t\t\t\t<\/div>\n\t\t<\/section>\n\t\t\t\t<section class=\"elementor-section elementor-inner-section elementor-element elementor-element-ce8181d elementor-section-boxed elementor-section-height-default elementor-section-height-default\" data-id=\"ce8181d\" data-element_type=\"section\">\n\t\t\t\t\t\t<div class=\"elementor-container elementor-column-gap-default\">\n\t\t\t\t\t<div class=\"elementor-column elementor-col-100 elementor-inner-column elementor-element elementor-element-3d0fc18\" data-id=\"3d0fc18\" data-element_type=\"column\">\n\t\t\t<div class=\"elementor-widget-wrap elementor-element-populated\">\n\t\t\t\t\t\t\t\t<div class=\"elementor-element elementor-element-9a9e7cd elementor-widget elementor-widget-heading\" data-id=\"9a9e7cd\" data-element_type=\"widget\" data-widget_type=\"heading.default\">\n\t\t\t\t<div class=\"elementor-widget-container\">\n\t\t\t<h2 class=\"elementor-heading-title elementor-size-default\">Evenemang \u2013 kort introduktion<\/h2>\t\t<\/div>\n\t\t\t\t<\/div>\n\t\t\t\t<div class=\"elementor-element elementor-element-79ec3fb elementor-widget elementor-widget-text-editor\" data-id=\"79ec3fb\" data-element_type=\"widget\" data-widget_type=\"text-editor.default\">\n\t\t\t\t<div class=\"elementor-widget-container\">\n\t\t\t\t\t\t\t<p>V\u00e4lkommen till <strong data-start=\"952\" data-end=\"983\">The Four Mystery Box Escape<\/strong>! Dela in er i lag och v\u00e4lj en kapten vars telefon fungerar som lagets huvudenhet. Kaptenen installerar ActionTrack-appen, laddar ner spelet med anslutningskoden, skapar en klan f\u00f6r laget och g\u00e5r med i klanen. Bland de \u00f6vriga lagmedlemmarna v\u00e4ljs tre som ocks\u00e5 installerar ActionTrack-appen, laddar ner spelet och ansluter till klanen efter kaptenen. N\u00e4r lagen \u00e4r redo kan \u00e4ventyret b\u00f6rja. Lycka till och ha roligt!<\/p>\t\t\t\t\t\t<\/div>\n\t\t\t\t<\/div>\n\t\t\t\t\t<\/div>\n\t\t<\/div>\n\t\t\t\t\t\t\t<\/div>\n\t\t<\/section>\n\t\t\t\t<section class=\"elementor-section elementor-inner-section elementor-element elementor-element-2e36d8d elementor-section-boxed elementor-section-height-default elementor-section-height-default\" data-id=\"2e36d8d\" data-element_type=\"section\">\n\t\t\t\t\t\t<div class=\"elementor-container elementor-column-gap-default\">\n\t\t\t\t\t<div class=\"elementor-column elementor-col-100 elementor-inner-column elementor-element elementor-element-a6faa33\" data-id=\"a6faa33\" data-element_type=\"column\">\n\t\t\t<div class=\"elementor-widget-wrap elementor-element-populated\">\n\t\t\t\t\t\t\t\t<div class=\"elementor-element elementor-element-709f2ff elementor-widget elementor-widget-heading\" data-id=\"709f2ff\" data-element_type=\"widget\" data-widget_type=\"heading.default\">\n\t\t\t\t<div class=\"elementor-widget-container\">\n\t\t\t<h2 class=\"elementor-heading-title elementor-size-default\">Evenemang \u2013 detaljerad introduktion<\/h2>\t\t<\/div>\n\t\t\t\t<\/div>\n\t\t\t\t<div class=\"elementor-element elementor-element-5b615b1 elementor-widget elementor-widget-text-editor\" data-id=\"5b615b1\" data-element_type=\"widget\" data-widget_type=\"text-editor.default\">\n\t\t\t\t<div class=\"elementor-widget-container\">\n\t\t\t\t\t\t\t<p data-start=\"1445\" data-end=\"1561\">K\u00e4ra deltagare, varmt v\u00e4lkomna till <strong data-start=\"1481\" data-end=\"1512\">The Four Mystery Box Escape<\/strong>! Innan vi s\u00e4tter ig\u00e5ng beh\u00f6ver vi g\u00f6ra f\u00f6ljande:<\/p><h5 data-start=\"1563\" data-end=\"1579\">1. Bilda lag<\/h5><p data-start=\"1581\" data-end=\"1764\">Lagen (= klaner) anv\u00e4nder totalt fyra mobila enheter. Varje mobil enhet kan delas av 1\u20133 lagmedlemmar s\u00e5 att alla tydligt kan se uppgifterna. Rekommenderad lagstorlek \u00e4r 4\u20138 personer.<\/p><p data-start=\"1766\" data-end=\"1859\">Lagstorlekarna kan variera \u2013 det \u00e4r inget problem. V\u00e4lj en lagindelning som k\u00e4nns bra f\u00f6r er.<\/p><h5 data-start=\"1861\" data-end=\"1885\">2. V\u00e4lj en lagkapten<\/h5><p data-start=\"1887\" data-end=\"1965\">Kaptenen anv\u00e4nder lagets huvudsakliga mobila enhet (telefon eller surfplatta).<\/p><p data-start=\"1967\" data-end=\"1984\">Enheten ska vara:<\/p><ul data-start=\"1985\" data-end=\"2046\"><li data-start=\"1985\" data-end=\"2000\"><p data-start=\"1987\" data-end=\"2000\">relativt ny<\/p><\/li><li data-start=\"2001\" data-end=\"2014\"><p data-start=\"2003\" data-end=\"2014\">fulladdad<\/p><\/li><li data-start=\"2015\" data-end=\"2046\"><p data-start=\"2017\" data-end=\"2046\">utrustad med fungerande GPS<\/p><\/li><\/ul><p data-start=\"2048\" data-end=\"2157\">Obs: Spelet kan inte forts\u00e4tta p\u00e5 en annan enhet, s\u00e5 s\u00e4kerst\u00e4ll att enheten fungerar korrekt innan ni b\u00f6rjar.<\/p><h5 data-start=\"2159\" data-end=\"2204\">3. Kaptenen installerar ActionTrack-appen<\/h5><p data-start=\"2206\" data-end=\"2351\">Ladda ner den kostnadsfria ActionTrack-appen fr\u00e5n Google Play eller App Store. Ge appen alla beg\u00e4rda beh\u00f6righeter s\u00e5 att spelet fungerar korrekt.<\/p><h5 data-start=\"2353\" data-end=\"2394\">4. Ladda ner spelet och skapa en klan<\/h5><p data-start=\"2396\" data-end=\"2409\"><strong data-start=\"2396\" data-end=\"2409\">Kaptenen:<\/strong><\/p><ul data-start=\"2410\" data-end=\"2635\"><li data-start=\"2410\" data-end=\"2452\"><p data-start=\"2412\" data-end=\"2452\">Laddar ner spelet med anslutningskoden<\/p><\/li><li data-start=\"2453\" data-end=\"2478\"><p data-start=\"2455\" data-end=\"2478\">Anger sitt spelarnamn<\/p><\/li><li data-start=\"2479\" data-end=\"2529\"><p data-start=\"2481\" data-end=\"2529\">Skapar en klan f\u00f6r laget (Klanvy \u2192 \u201dSkapa ny\u201d)<\/p><\/li><li data-start=\"2530\" data-end=\"2570\"><p data-start=\"2532\" data-end=\"2570\">Ger klanen ett namn och ett l\u00f6senord<\/p><\/li><li data-start=\"2571\" data-end=\"2635\"><p data-start=\"2573\" data-end=\"2635\">G\u00e5r med i den skapade klanen f\u00f6rst genom att ange l\u00f6senordet<\/p><\/li><\/ul><p data-start=\"2637\" data-end=\"2737\">Om l\u00f6senordet gl\u00f6ms bort direkt i b\u00f6rjan kan kaptenen enkelt skapa en ny klan med ett nytt l\u00f6senord.<\/p><p data-start=\"2739\" data-end=\"2763\"><strong data-start=\"2739\" data-end=\"2763\">\u00d6vriga lagmedlemmar:<\/strong><\/p><p data-start=\"2765\" data-end=\"2791\">V\u00e4lj tre lagmedlemmar som:<\/p><ul data-start=\"2792\" data-end=\"2998\"><li data-start=\"2792\" data-end=\"2825\"><p data-start=\"2794\" data-end=\"2825\">Installerar ActionTrack-appen<\/p><\/li><li data-start=\"2826\" data-end=\"2868\"><p data-start=\"2828\" data-end=\"2868\">Laddar ner spelet med anslutningskoden<\/p><\/li><li data-start=\"2869\" data-end=\"2900\"><p data-start=\"2871\" data-end=\"2900\">Anger sitt valda spelarnamn<\/p><\/li><li data-start=\"2901\" data-end=\"2998\"><p data-start=\"2903\" data-end=\"2998\">Ansluter till klanen som kaptenen har skapat genom att v\u00e4lja den i listan och ange l\u00f6senordet<\/p><\/li><\/ul>\t\t\t\t\t\t<\/div>\n\t\t\t\t<\/div>\n\t\t\t\t\t<\/div>\n\t\t<\/div>\n\t\t\t\t\t\t\t<\/div>\n\t\t<\/section>\n\t\t\t\t<section class=\"elementor-section elementor-inner-section elementor-element elementor-element-7e5ff61 elementor-section-boxed elementor-section-height-default elementor-section-height-default\" data-id=\"7e5ff61\" data-element_type=\"section\">\n\t\t\t\t\t\t<div class=\"elementor-container elementor-column-gap-default\">\n\t\t\t\t\t<div class=\"elementor-column elementor-col-100 elementor-inner-column elementor-element elementor-element-22d9d80\" data-id=\"22d9d80\" data-element_type=\"column\">\n\t\t\t<div class=\"elementor-widget-wrap elementor-element-populated\">\n\t\t\t\t\t\t\t\t<div class=\"elementor-element elementor-element-ea334e7 elementor-widget elementor-widget-heading\" data-id=\"ea334e7\" data-element_type=\"widget\" data-widget_type=\"heading.default\">\n\t\t\t\t<div class=\"elementor-widget-container\">\n\t\t\t<h2 class=\"elementor-heading-title elementor-size-default\">KORT OM THE FOUR MYSTERY BOX ESCAPE-AKTIVITETEN<\/h2>\t\t<\/div>\n\t\t\t\t<\/div>\n\t\t\t\t\t<\/div>\n\t\t<\/div>\n\t\t\t\t\t\t\t<\/div>\n\t\t<\/section>\n\t\t\t\t<div class=\"elementor-element elementor-element-c231056 elementor-widget elementor-widget-heading\" data-id=\"c231056\" data-element_type=\"widget\" data-widget_type=\"heading.default\">\n\t\t\t\t<div class=\"elementor-widget-container\">\n\t\t\t<h2 class=\"elementor-heading-title elementor-size-default\">Instruktioner f\u00f6r sj\u00e4lva spelet<\/h2>\t\t<\/div>\n\t\t\t\t<\/div>\n\t\t\t\t<div class=\"elementor-element elementor-element-ac987fe elementor-widget elementor-widget-text-editor\" data-id=\"ac987fe\" data-element_type=\"widget\" data-widget_type=\"text-editor.default\">\n\t\t\t\t<div class=\"elementor-widget-container\">\n\t\t\t\t\t\t\t<p data-start=\"3094\" data-end=\"3273\"><strong>Observera:<\/strong> Spelet ger all v\u00e4gledning ni beh\u00f6ver. <strong data-start=\"3143\" data-end=\"3156\">Game Info<\/strong> finns alltid tillg\u00e4nglig, och det rekommenderas starkt att ni k\u00f6per extra <strong data-start=\"3231\" data-end=\"3239\">Help<\/strong>-ledtr\u00e5dar med de po\u00e4ng ni tj\u00e4nar.<\/p><p data-start=\"3275\" data-end=\"3421\">Precis som i klassiska mystery box- och escape room-spel kr\u00e4ver detta spel ett <strong data-start=\"3354\" data-end=\"3373\">trial-and-error<\/strong>-f\u00f6rh\u00e5llningss\u00e4tt. Om ni \u00e4r os\u00e4kra \u2013 v\u00e5ga testa.<\/p><p data-start=\"3423\" data-end=\"3608\">Uppgifterna p\u00e5 nyb\u00f6rjarniv\u00e5 \u00e4r utformade f\u00f6r att hj\u00e4lpa spelarna att l\u00e4ra sig spelets grundregler och mekanik, medan senare niv\u00e5er fokuserar p\u00e5 att testa lagarbete och samarbetsf\u00f6rm\u00e5ga.<\/p><p data-start=\"3610\" data-end=\"3790\">P\u00e5 den f\u00f6rsta niv\u00e5n l\u00e4r sig spelarna spelets grundl\u00e4ggande regler och funktioner. En spelare ansvarar f\u00f6r att skicka in r\u00e4tt svar, medan de andra kontrollerar reglerna och st\u00f6ttar.<\/p><p data-start=\"3792\" data-end=\"3976\">Den andra niv\u00e5n utmanar spelarna att fungera som ett verkligt lag. I pusslet <strong data-start=\"3869\" data-end=\"3889\">\u201dWall of Lights\u201d<\/strong> har alla en lika viktig roll \u2013 framg\u00e5ngen beror p\u00e5 samarbete och tydlig kommunikation.<\/p><p data-start=\"3978\" data-end=\"4214\">P\u00e5 den sista niv\u00e5n st\u00e4lls spelarna inf\u00f6r <strong data-start=\"4019\" data-end=\"4041\">fyra Mystery Boxes<\/strong>, var och en l\u00e5st med fyra l\u00e5s, d\u00e4r \u00f6ppningen kr\u00e4ver flera steg i f\u00f6ljd. Spelarna kan v\u00e4lja om de vill fokusera p\u00e5 att \u00f6ppna en enda box eller f\u00f6rs\u00f6ka \u00f6ppna flera samtidigt.<\/p><p data-start=\"4216\" data-end=\"4299\">Endast spelare med r\u00e4tt nummer kan aktivera n\u00e4sta steg i uppl\u00e5sningen av varje l\u00e5s.<\/p><p data-start=\"4301\" data-end=\"4520\" data-is-last-node=\"\" data-is-only-node=\"\">I varje steg finns pussel och utmaningar som \u00e4r utformade f\u00f6r en, tv\u00e5 eller fyra spelare. F\u00f6r att lyckas m\u00e5ste laget noggrant planera ordningen p\u00e5 sina handlingar \u2013 med h\u00e4nsyn till vilka spelare som beh\u00f6vs i varje steg.<\/p>\t\t\t\t\t\t<\/div>\n\t\t\t\t<\/div>\n\t\t\t\t<div class=\"elementor-element elementor-element-a274195 elementor-align-center elementor-widget elementor-widget-button\" data-id=\"a274195\" data-element_type=\"widget\" data-widget_type=\"button.default\">\n\t\t\t\t<div class=\"elementor-widget-container\">\n\t\t\t\t\t<div class=\"elementor-button-wrapper\">\n\t\t\t<a class=\"elementor-button elementor-button-link elementor-size-md elementor-animation-grow\" href=\"https:\/\/www.taz.fi\/en\/thefourmysteryboxescape-swe\/\">\n\t\t\t\t\t\t<span class=\"elementor-button-content-wrapper\">\n\t\t\t\t\t\t<span class=\"elementor-button-text\">L\u00e4s mer om spelet<\/span>\n\t\t<\/span>\n\t\t\t\t\t<\/a>\n\t\t<\/div>\n\t\t\t\t<\/div>\n\t\t\t\t<\/div>\n\t\t\t\t<div class=\"elementor-element elementor-element-d2a0df7 elementor-widget elementor-widget-spacer\" data-id=\"d2a0df7\" data-element_type=\"widget\" data-widget_type=\"spacer.default\">\n\t\t\t\t<div class=\"elementor-widget-container\">\n\t\t\t\t\t<div class=\"elementor-spacer\">\n\t\t\t<div class=\"elementor-spacer-inner\"><\/div>\n\t\t<\/div>\n\t\t\t\t<\/div>\n\t\t\t\t<\/div>\n\t\t\t\t\t<\/div>\n\t\t<\/div>\n\t\t\t\t\t\t\t<\/div>\n\t\t<\/section>\n\t\t\t\t\t\t\t<\/div>","protected":false},"excerpt":{"rendered":"<p>THE FOUR MYSTERY BOX ESCAPE \u2013 STARTINSTRUKTIONER F\u00f6re evenemanget Se till att ni har ANSLUTNINGSKODEN som ni har f\u00e5tt f\u00f6r er aktivitet. Se till att deltagarnas telefonbatterier \u00e4r s\u00e5 fulladdade som m\u00f6jligt. Detta underl\u00e4ttar ett smidigt deltagande och minskar risken f\u00f6r avbrott. Om ni vill kan ni f\u00f6rbereda er inf\u00f6r aktiviteten p\u00e5 f\u00f6ljande s\u00e4tt: Det [&hellip;]<\/p>","protected":false},"author":3,"featured_media":17444,"parent":0,"menu_order":0,"comment_status":"closed","ping_status":"closed","template":"elementor_canvas","meta":[],"aioseo_notices":[],"_links":{"self":[{"href":"https:\/\/www.taz.fi\/en\/wp-json\/wp\/v2\/pages\/17916"}],"collection":[{"href":"https:\/\/www.taz.fi\/en\/wp-json\/wp\/v2\/pages"}],"about":[{"href":"https:\/\/www.taz.fi\/en\/wp-json\/wp\/v2\/types\/page"}],"author":[{"embeddable":true,"href":"https:\/\/www.taz.fi\/en\/wp-json\/wp\/v2\/users\/3"}],"replies":[{"embeddable":true,"href":"https:\/\/www.taz.fi\/en\/wp-json\/wp\/v2\/comments?post=17916"}],"version-history":[{"count":7,"href":"https:\/\/www.taz.fi\/en\/wp-json\/wp\/v2\/pages\/17916\/revisions"}],"predecessor-version":[{"id":17923,"href":"https:\/\/www.taz.fi\/en\/wp-json\/wp\/v2\/pages\/17916\/revisions\/17923"}],"wp:featuredmedia":[{"embeddable":true,"href":"https:\/\/www.taz.fi\/en\/wp-json\/wp\/v2\/media\/17444"}],"wp:attachment":[{"href":"https:\/\/www.taz.fi\/en\/wp-json\/wp\/v2\/media?parent=17916"}],"curies":[{"name":"wp","href":"https:\/\/api.w.org\/{rel}","templated":true}]}}