{"id":17978,"date":"2025-12-18T08:32:46","date_gmt":"2025-12-18T08:32:46","guid":{"rendered":"https:\/\/www.taz.fi\/?page_id=17978"},"modified":"2025-12-18T09:55:40","modified_gmt":"2025-12-18T09:55:40","slug":"move_and_solve-nor-starting","status":"publish","type":"page","link":"https:\/\/www.taz.fi\/en\/move_and_solve-nor-starting\/","title":{"rendered":"move_and_solve-nor-starting"},"content":{"rendered":"<div data-elementor-type=\"wp-page\" data-elementor-id=\"17978\" class=\"elementor elementor-17978\" data-elementor-post-type=\"page\">\n\t\t\t\t\t\t\t\t\t<section class=\"elementor-section elementor-top-section elementor-element elementor-element-5902583 elementor-section-boxed elementor-section-height-default elementor-section-height-default\" data-id=\"5902583\" data-element_type=\"section\">\n\t\t\t\t\t\t<div class=\"elementor-container elementor-column-gap-default\">\n\t\t\t\t\t<div class=\"elementor-column elementor-col-100 elementor-top-column elementor-element elementor-element-b9652e4\" data-id=\"b9652e4\" data-element_type=\"column\">\n\t\t\t<div class=\"elementor-widget-wrap elementor-element-populated\">\n\t\t\t\t\t\t\t\t<div class=\"elementor-element elementor-element-e157b8e elementor-widget elementor-widget-spacer\" data-id=\"e157b8e\" data-element_type=\"widget\" data-widget_type=\"spacer.default\">\n\t\t\t\t<div class=\"elementor-widget-container\">\n\t\t\t\t\t<div class=\"elementor-spacer\">\n\t\t\t<div class=\"elementor-spacer-inner\"><\/div>\n\t\t<\/div>\n\t\t\t\t<\/div>\n\t\t\t\t<\/div>\n\t\t\t\t<div class=\"elementor-element elementor-element-cbe4c78 elementor-widget elementor-widget-heading\" data-id=\"cbe4c78\" data-element_type=\"widget\" data-widget_type=\"heading.default\">\n\t\t\t\t<div class=\"elementor-widget-container\">\n\t\t\t<h2 class=\"elementor-heading-title elementor-size-default\">MOVE & SOLVE \u2013 STARTINSTRUKSJONER<\/h2>\t\t<\/div>\n\t\t\t\t<\/div>\n\t\t\t\t<section class=\"elementor-section elementor-inner-section elementor-element elementor-element-2ce9a67 elementor-section-boxed elementor-section-height-default elementor-section-height-default\" data-id=\"2ce9a67\" data-element_type=\"section\">\n\t\t\t\t\t\t<div class=\"elementor-container elementor-column-gap-default\">\n\t\t\t\t\t<div class=\"elementor-column elementor-col-100 elementor-inner-column elementor-element elementor-element-4385018\" data-id=\"4385018\" data-element_type=\"column\">\n\t\t\t<div class=\"elementor-widget-wrap elementor-element-populated\">\n\t\t\t\t\t\t\t\t<div class=\"elementor-element elementor-element-96a5b6f elementor-widget elementor-widget-heading\" data-id=\"96a5b6f\" data-element_type=\"widget\" data-widget_type=\"heading.default\">\n\t\t\t\t<div class=\"elementor-widget-container\">\n\t\t\t<h2 class=\"elementor-heading-title elementor-size-default\">F\u00f8r arrangementet<\/h2>\t\t<\/div>\n\t\t\t\t<\/div>\n\t\t\t\t<div class=\"elementor-element elementor-element-35f13f4 elementor-widget elementor-widget-text-editor\" data-id=\"35f13f4\" data-element_type=\"widget\" data-widget_type=\"text-editor.default\">\n\t\t\t\t<div class=\"elementor-widget-container\">\n\t\t\t\t\t\t\t<ul data-start=\"61\" data-end=\"283\"><li data-start=\"61\" data-end=\"144\"><p data-start=\"63\" data-end=\"144\">S\u00f8rg for at dere har <strong data-start=\"84\" data-end=\"104\">TILKOBLINGSKODEN<\/strong> som dere har mottatt for aktiviteten.<\/p><\/li><li data-start=\"145\" data-end=\"283\"><p data-start=\"147\" data-end=\"283\">S\u00f8rg for at deltakernes telefonbatterier er s\u00e5 fulladet som mulig. Dette bidrar til smidig deltakelse og reduserer risikoen for avbrudd.<\/p><\/li><\/ul><p data-start=\"285\" data-end=\"371\">Hvis dere \u00f8nsker, kan dere forberede dere til aktiviteten p\u00e5 forh\u00e5nd p\u00e5 f\u00f8lgende m\u00e5te:<\/p><ul data-start=\"373\" data-end=\"769\"><li data-start=\"373\" data-end=\"499\"><p data-start=\"375\" data-end=\"499\">Det anbefales at alle deltakere installerer den gratis <strong data-start=\"430\" data-end=\"451\">ActionTrack-appen<\/strong> (Google Play \/ App Store) p\u00e5 telefonene sine.<\/p><\/li><li data-start=\"500\" data-end=\"725\"><p data-start=\"502\" data-end=\"725\">Deltakerne kan deles inn i lag p\u00e5 forh\u00e5nd (= klaner) som til sammen bruker fire mobile enheter. Hver mobile enhet kan deles av 1\u20133 lagmedlemmer slik at alle tydelig kan se oppgavene. Anbefalt lagst\u00f8rrelse er 4\u20138 personer.<\/p><\/li><li data-start=\"726\" data-end=\"769\"><p data-start=\"728\" data-end=\"769\">Lagkapteiner kan ogs\u00e5 utpekes p\u00e5 forh\u00e5nd.<\/p><\/li><\/ul><p data-start=\"771\" data-end=\"864\">Tiltakene over vil gj\u00f8re oppstarten raskere og sikre at alle kommer i gang p\u00e5 en smidig m\u00e5te.<\/p>\t\t\t\t\t\t<\/div>\n\t\t\t\t<\/div>\n\t\t\t\t\t<\/div>\n\t\t<\/div>\n\t\t\t\t\t\t\t<\/div>\n\t\t<\/section>\n\t\t\t\t<section class=\"elementor-section elementor-inner-section elementor-element elementor-element-ce8181d elementor-section-boxed elementor-section-height-default elementor-section-height-default\" data-id=\"ce8181d\" data-element_type=\"section\">\n\t\t\t\t\t\t<div class=\"elementor-container elementor-column-gap-default\">\n\t\t\t\t\t<div class=\"elementor-column elementor-col-100 elementor-inner-column elementor-element elementor-element-3d0fc18\" data-id=\"3d0fc18\" data-element_type=\"column\">\n\t\t\t<div class=\"elementor-widget-wrap elementor-element-populated\">\n\t\t\t\t\t\t\t\t<div class=\"elementor-element elementor-element-9a9e7cd elementor-widget elementor-widget-heading\" data-id=\"9a9e7cd\" data-element_type=\"widget\" data-widget_type=\"heading.default\">\n\t\t\t\t<div class=\"elementor-widget-container\">\n\t\t\t<h2 class=\"elementor-heading-title elementor-size-default\">Arrangement \u2013 kort introduksjon<\/h2>\t\t<\/div>\n\t\t\t\t<\/div>\n\t\t\t\t<div class=\"elementor-element elementor-element-79ec3fb elementor-widget elementor-widget-text-editor\" data-id=\"79ec3fb\" data-element_type=\"widget\" data-widget_type=\"text-editor.default\">\n\t\t\t\t<div class=\"elementor-widget-container\">\n\t\t\t\t\t\t\t<p data-start=\"683\" data-end=\"799\">Velkommen til <strong data-start=\"921\" data-end=\"937\">Move &amp; Solve<\/strong>! Del dere inn i lag og velg en kaptein hvis telefon fungerer som lagets hovedenhet. Kapteinen installerer ActionTrack-appen, laster ned spillet med tilkoblingskoden, oppretter en klan for laget og blir med i klanen. Blant de \u00f8vrige lagmedlemmene velges tre som ogs\u00e5 installerer ActionTrack-appen, laster ned spillet og blir med i klanen etter kapteinen. N\u00e5r lagene er klare, kan dere starte eventyret. Lykke til og ha det g\u00f8y!<\/p>\t\t\t\t\t\t<\/div>\n\t\t\t\t<\/div>\n\t\t\t\t\t<\/div>\n\t\t<\/div>\n\t\t\t\t\t\t\t<\/div>\n\t\t<\/section>\n\t\t\t\t<section class=\"elementor-section elementor-inner-section elementor-element elementor-element-c122f0b elementor-section-boxed elementor-section-height-default elementor-section-height-default\" data-id=\"c122f0b\" data-element_type=\"section\">\n\t\t\t\t\t\t<div class=\"elementor-container elementor-column-gap-default\">\n\t\t\t\t\t<div class=\"elementor-column elementor-col-100 elementor-inner-column elementor-element elementor-element-82d5e09\" data-id=\"82d5e09\" data-element_type=\"column\">\n\t\t\t<div class=\"elementor-widget-wrap elementor-element-populated\">\n\t\t\t\t\t\t\t\t<div class=\"elementor-element elementor-element-7bef447 elementor-widget elementor-widget-heading\" data-id=\"7bef447\" data-element_type=\"widget\" data-widget_type=\"heading.default\">\n\t\t\t\t<div class=\"elementor-widget-container\">\n\t\t\t<h2 class=\"elementor-heading-title elementor-size-default\">Arrangement \u2013 detaljert introduksjon<\/h2>\t\t<\/div>\n\t\t\t\t<\/div>\n\t\t\t\t<div class=\"elementor-element elementor-element-c022c07 elementor-widget elementor-widget-text-editor\" data-id=\"c022c07\" data-element_type=\"widget\" data-widget_type=\"text-editor.default\">\n\t\t\t\t<div class=\"elementor-widget-container\">\n\t\t\t\t\t\t\t<p data-start=\"1412\" data-end=\"1514\">Kj\u00e6re deltakere, hjertelig velkommen til <strong data-start=\"1453\" data-end=\"1469\">Move &amp; Solve<\/strong>! F\u00f8r vi setter i gang, m\u00e5 vi gj\u00f8re f\u00f8lgende:<\/p><h5 data-start=\"1516\" data-end=\"1541\">1. Del dere inn i lag<\/h5><p data-start=\"1543\" data-end=\"1721\">Lagene (= klaner) bruker totalt fire mobile enheter. Hver mobile enhet kan deles av 1\u20133 lagmedlemmer slik at alle tydelig kan se oppgavene. Anbefalt lagst\u00f8rrelse er 4\u20138 personer.<\/p><p data-start=\"1723\" data-end=\"1813\">Lagst\u00f8rrelsene kan variere \u2013 det er helt greit. Velg en laginndeling som passer dere best.<\/p><h5 data-start=\"1815\" data-end=\"1840\">2. Velg en lagkaptein<\/h5><p data-start=\"1842\" data-end=\"1903\">Kapteinen bruker lagets hovedenhet (telefon eller nettbrett).<\/p><p data-start=\"1905\" data-end=\"1922\">Enheten b\u00f8r v\u00e6re:<\/p><ul data-start=\"1923\" data-end=\"2004\"><li data-start=\"1923\" data-end=\"1938\"><p data-start=\"1925\" data-end=\"1938\">relativt ny<\/p><\/li><li data-start=\"1939\" data-end=\"1973\"><p data-start=\"1941\" data-end=\"1973\">fulladet (powerbank anbefales)<\/p><\/li><li data-start=\"1974\" data-end=\"2004\"><p data-start=\"1976\" data-end=\"2004\">utstyrt med fungerende GPS<\/p><\/li><\/ul><p data-start=\"2006\" data-end=\"2121\">Merk: Spillet kan ikke fortsettes p\u00e5 en annen enhet, s\u00e5 s\u00f8rg for at enheten fungerer som den skal f\u00f8r dere starter.<\/p><h5 data-start=\"2123\" data-end=\"2169\">3. Kapteinen installerer ActionTrack-appen<\/h5><p data-start=\"2171\" data-end=\"2312\">Last ned den gratis ActionTrack-appen fra Google Play eller App Store. Gi appen alle forespurte tillatelser slik at spillet fungerer korrekt.<\/p><h5 data-start=\"2314\" data-end=\"2358\">4. Laste ned spillet og opprette en klan<\/h5><p data-start=\"2360\" data-end=\"2372\"><strong data-start=\"2360\" data-end=\"2372\">Kaptein:<\/strong><\/p><ul data-start=\"2373\" data-end=\"2612\"><li data-start=\"2373\" data-end=\"2416\"><p data-start=\"2375\" data-end=\"2416\">Laster ned spillet med tilkoblingskoden<\/p><\/li><li data-start=\"2417\" data-end=\"2443\"><p data-start=\"2419\" data-end=\"2443\">Angir sitt spillernavn<\/p><\/li><li data-start=\"2444\" data-end=\"2505\"><p data-start=\"2446\" data-end=\"2505\">Oppretter en klan for laget (Klan-visning \u2192 \u00abOpprett ny\u00bb)<\/p><\/li><li data-start=\"2506\" data-end=\"2542\"><p data-start=\"2508\" data-end=\"2542\">Gir klanen et navn og et passord<\/p><\/li><li data-start=\"2543\" data-end=\"2612\"><p data-start=\"2545\" data-end=\"2612\">Blir med i den opprettede klanen f\u00f8rst ved \u00e5 skrive inn passordet<\/p><\/li><\/ul><p data-start=\"2614\" data-end=\"2714\">Hvis passordet glemmes helt i starten, kan kapteinen enkelt opprette en ny klan med et nytt passord.<\/p><p data-start=\"2716\" data-end=\"2739\"><strong data-start=\"2716\" data-end=\"2739\">Andre lagmedlemmer:<\/strong><\/p><p data-start=\"2741\" data-end=\"2767\">Velg tre lagmedlemmer som:<\/p><ul data-start=\"2768\" data-end=\"2975\"><li data-start=\"2768\" data-end=\"2801\"><p data-start=\"2770\" data-end=\"2801\">Installerer ActionTrack-appen<\/p><\/li><li data-start=\"2802\" data-end=\"2845\"><p data-start=\"2804\" data-end=\"2845\">Laster ned spillet med tilkoblingskoden<\/p><\/li><li data-start=\"2846\" data-end=\"2874\"><p data-start=\"2848\" data-end=\"2874\">Angir \u00f8nsket spillernavn<\/p><\/li><li data-start=\"2875\" data-end=\"2975\"><p data-start=\"2877\" data-end=\"2975\">Blir med i klanen som kapteinen har opprettet ved \u00e5 velge den fra listen og skrive inn passordet<\/p><\/li><\/ul>\t\t\t\t\t\t<\/div>\n\t\t\t\t<\/div>\n\t\t\t\t\t<\/div>\n\t\t<\/div>\n\t\t\t\t\t\t\t<\/div>\n\t\t<\/section>\n\t\t\t\t<section class=\"elementor-section elementor-inner-section elementor-element elementor-element-7e5ff61 elementor-section-boxed elementor-section-height-default elementor-section-height-default\" data-id=\"7e5ff61\" data-element_type=\"section\">\n\t\t\t\t\t\t<div class=\"elementor-container elementor-column-gap-default\">\n\t\t\t\t\t<div class=\"elementor-column elementor-col-100 elementor-inner-column elementor-element elementor-element-22d9d80\" data-id=\"22d9d80\" data-element_type=\"column\">\n\t\t\t<div class=\"elementor-widget-wrap elementor-element-populated\">\n\t\t\t\t\t\t\t\t<div class=\"elementor-element elementor-element-ea334e7 elementor-widget elementor-widget-heading\" data-id=\"ea334e7\" data-element_type=\"widget\" data-widget_type=\"heading.default\">\n\t\t\t\t<div class=\"elementor-widget-container\">\n\t\t\t<h2 class=\"elementor-heading-title elementor-size-default\">KORT OM MOVE & SOLVE-AKTIVITETEN<\/h2>\t\t<\/div>\n\t\t\t\t<\/div>\n\t\t\t\t\t<\/div>\n\t\t<\/div>\n\t\t\t\t\t\t\t<\/div>\n\t\t<\/section>\n\t\t\t\t<div class=\"elementor-element elementor-element-c231056 elementor-widget elementor-widget-heading\" data-id=\"c231056\" data-element_type=\"widget\" data-widget_type=\"heading.default\">\n\t\t\t\t<div class=\"elementor-widget-container\">\n\t\t\t<h2 class=\"elementor-heading-title elementor-size-default\">Instruksjoner for selve spillet<\/h2>\t\t<\/div>\n\t\t\t\t<\/div>\n\t\t\t\t<div class=\"elementor-element elementor-element-ac987fe elementor-widget elementor-widget-text-editor\" data-id=\"ac987fe\" data-element_type=\"widget\" data-widget_type=\"text-editor.default\">\n\t\t\t\t<div class=\"elementor-widget-container\">\n\t\t\t\t\t\t\t<p data-start=\"3056\" data-end=\"3211\">Spillet starter utend\u00f8rs, der hvert lag kan bevege seg i valgfri retning over en gitt avstand for \u00e5 f\u00e5 sine f\u00f8rste poeng og l\u00e5se opp det f\u00f8rste sp\u00f8rsm\u00e5let.<\/p><p data-start=\"3213\" data-end=\"3331\">P\u00e5 kapteinens mobile enhet vises den gjenv\u00e6rende avstanden. N\u00e5r denne n\u00e5r null, kan kapteinen aktivere neste sp\u00f8rsm\u00e5l.<\/p><p data-start=\"3333\" data-end=\"3442\">Sp\u00f8rsm\u00e5let som kapteinen aktiverer, er synlig for alle lagmedlemmer, men bare kapteinen kan sende inn svaret.<\/p><p data-start=\"3444\" data-end=\"3650\">Lagmedlemmene kan enten se kapteinens sp\u00f8rsm\u00e5l n\u00f8yaktig slik det vises p\u00e5 sine egne telefoner, eller de kan se enhetsspesifikt innhold som andre ikke ser. Uansett m\u00e5 laget diskutere og l\u00f8se oppgaven sammen.<\/p><p data-start=\"3652\" data-end=\"3775\">Poeng tildeles basert p\u00e5 hvor korrekt kapteinens innsendte svar er, og i noen sp\u00f8rsm\u00e5l p\u00e5virker ogs\u00e5 hastighet poengsummen.<\/p><p data-start=\"3777\" data-end=\"3936\">Etter hvert svar beveger laget seg igjen den p\u00e5krevde avstanden for \u00e5 l\u00e5se opp neste sp\u00f8rsm\u00e5l. Merk: Sp\u00f8rsm\u00e5lene presenteres for lagene i tilfeldig rekkef\u00f8lge.<\/p><p data-start=\"3938\" data-end=\"4002\" data-is-last-node=\"\" data-is-only-node=\"\">N\u00e5r alle sp\u00f8rsm\u00e5l er l\u00f8st eller tiden er ute, avsluttes spillet.<\/p>\t\t\t\t\t\t<\/div>\n\t\t\t\t<\/div>\n\t\t\t\t<div class=\"elementor-element elementor-element-a274195 elementor-align-center elementor-widget elementor-widget-button\" data-id=\"a274195\" data-element_type=\"widget\" data-widget_type=\"button.default\">\n\t\t\t\t<div class=\"elementor-widget-container\">\n\t\t\t\t\t<div class=\"elementor-button-wrapper\">\n\t\t\t<a class=\"elementor-button elementor-button-link elementor-size-md elementor-animation-grow\" href=\"https:\/\/www.taz.fi\/en\/move_and_solve-nor\/\">\n\t\t\t\t\t\t<span class=\"elementor-button-content-wrapper\">\n\t\t\t\t\t\t<span class=\"elementor-button-text\">Les mer om spillet<\/span>\n\t\t<\/span>\n\t\t\t\t\t<\/a>\n\t\t<\/div>\n\t\t\t\t<\/div>\n\t\t\t\t<\/div>\n\t\t\t\t<div class=\"elementor-element elementor-element-d2a0df7 elementor-widget elementor-widget-spacer\" data-id=\"d2a0df7\" data-element_type=\"widget\" data-widget_type=\"spacer.default\">\n\t\t\t\t<div class=\"elementor-widget-container\">\n\t\t\t\t\t<div class=\"elementor-spacer\">\n\t\t\t<div class=\"elementor-spacer-inner\"><\/div>\n\t\t<\/div>\n\t\t\t\t<\/div>\n\t\t\t\t<\/div>\n\t\t\t\t\t<\/div>\n\t\t<\/div>\n\t\t\t\t\t\t\t<\/div>\n\t\t<\/section>\n\t\t\t\t\t\t\t<\/div>","protected":false},"excerpt":{"rendered":"<p>MOVE &#038; SOLVE \u2013 STARTINSTRUKSJONER F\u00f8r arrangementet S\u00f8rg for at dere har TILKOBLINGSKODEN som dere har mottatt for aktiviteten. S\u00f8rg for at deltakernes telefonbatterier er s\u00e5 fulladet som mulig. Dette bidrar til smidig deltakelse og reduserer risikoen for avbrudd. Hvis dere \u00f8nsker, kan dere forberede dere til aktiviteten p\u00e5 forh\u00e5nd p\u00e5 f\u00f8lgende m\u00e5te: Det anbefales [&hellip;]<\/p>","protected":false},"author":3,"featured_media":7502,"parent":0,"menu_order":0,"comment_status":"closed","ping_status":"closed","template":"elementor_canvas","meta":[],"aioseo_notices":[],"_links":{"self":[{"href":"https:\/\/www.taz.fi\/en\/wp-json\/wp\/v2\/pages\/17978"}],"collection":[{"href":"https:\/\/www.taz.fi\/en\/wp-json\/wp\/v2\/pages"}],"about":[{"href":"https:\/\/www.taz.fi\/en\/wp-json\/wp\/v2\/types\/page"}],"author":[{"embeddable":true,"href":"https:\/\/www.taz.fi\/en\/wp-json\/wp\/v2\/users\/3"}],"replies":[{"embeddable":true,"href":"https:\/\/www.taz.fi\/en\/wp-json\/wp\/v2\/comments?post=17978"}],"version-history":[{"count":13,"href":"https:\/\/www.taz.fi\/en\/wp-json\/wp\/v2\/pages\/17978\/revisions"}],"predecessor-version":[{"id":17991,"href":"https:\/\/www.taz.fi\/en\/wp-json\/wp\/v2\/pages\/17978\/revisions\/17991"}],"wp:featuredmedia":[{"embeddable":true,"href":"https:\/\/www.taz.fi\/en\/wp-json\/wp\/v2\/media\/7502"}],"wp:attachment":[{"href":"https:\/\/www.taz.fi\/en\/wp-json\/wp\/v2\/media?parent=17978"}],"curies":[{"name":"wp","href":"https:\/\/api.w.org\/{rel}","templated":true}]}}