{"id":17992,"date":"2025-12-18T10:01:09","date_gmt":"2025-12-18T10:01:09","guid":{"rendered":"https:\/\/www.taz.fi\/?page_id=17992"},"modified":"2025-12-18T10:05:41","modified_gmt":"2025-12-18T10:05:41","slug":"flaghunt-nor-starting","status":"publish","type":"page","link":"https:\/\/www.taz.fi\/en\/flaghunt-nor-starting\/","title":{"rendered":"flaghunt-nor-starting"},"content":{"rendered":"<div data-elementor-type=\"wp-page\" data-elementor-id=\"17992\" class=\"elementor elementor-17992\" data-elementor-post-type=\"page\">\n\t\t\t\t\t\t\t\t\t<section class=\"elementor-section elementor-top-section elementor-element elementor-element-5902583 elementor-section-boxed elementor-section-height-default elementor-section-height-default\" data-id=\"5902583\" data-element_type=\"section\">\n\t\t\t\t\t\t<div class=\"elementor-container elementor-column-gap-default\">\n\t\t\t\t\t<div class=\"elementor-column elementor-col-100 elementor-top-column elementor-element elementor-element-b9652e4\" data-id=\"b9652e4\" data-element_type=\"column\">\n\t\t\t<div class=\"elementor-widget-wrap elementor-element-populated\">\n\t\t\t\t\t\t\t\t<div class=\"elementor-element elementor-element-e157b8e elementor-widget elementor-widget-spacer\" data-id=\"e157b8e\" data-element_type=\"widget\" data-widget_type=\"spacer.default\">\n\t\t\t\t<div class=\"elementor-widget-container\">\n\t\t\t\t\t<div class=\"elementor-spacer\">\n\t\t\t<div class=\"elementor-spacer-inner\"><\/div>\n\t\t<\/div>\n\t\t\t\t<\/div>\n\t\t\t\t<\/div>\n\t\t\t\t<div class=\"elementor-element elementor-element-cbe4c78 elementor-widget elementor-widget-heading\" data-id=\"cbe4c78\" data-element_type=\"widget\" data-widget_type=\"heading.default\">\n\t\t\t\t<div class=\"elementor-widget-container\">\n\t\t\t<h2 class=\"elementor-heading-title elementor-size-default\">FLAGHUNT \u2013 STARTINSTRUKSJONER<\/h2>\t\t<\/div>\n\t\t\t\t<\/div>\n\t\t\t\t<section class=\"elementor-section elementor-inner-section elementor-element elementor-element-2ce9a67 elementor-section-boxed elementor-section-height-default elementor-section-height-default\" data-id=\"2ce9a67\" data-element_type=\"section\">\n\t\t\t\t\t\t<div class=\"elementor-container elementor-column-gap-default\">\n\t\t\t\t\t<div class=\"elementor-column elementor-col-100 elementor-inner-column elementor-element elementor-element-4385018\" data-id=\"4385018\" data-element_type=\"column\">\n\t\t\t<div class=\"elementor-widget-wrap elementor-element-populated\">\n\t\t\t\t\t\t\t\t<div class=\"elementor-element elementor-element-96a5b6f elementor-widget elementor-widget-heading\" data-id=\"96a5b6f\" data-element_type=\"widget\" data-widget_type=\"heading.default\">\n\t\t\t\t<div class=\"elementor-widget-container\">\n\t\t\t<h2 class=\"elementor-heading-title elementor-size-default\">F\u00f8r arrangementet<\/h2>\t\t<\/div>\n\t\t\t\t<\/div>\n\t\t\t\t<div class=\"elementor-element elementor-element-35f13f4 elementor-widget elementor-widget-text-editor\" data-id=\"35f13f4\" data-element_type=\"widget\" data-widget_type=\"text-editor.default\">\n\t\t\t\t<div class=\"elementor-widget-container\">\n\t\t\t\t\t\t\t<ul data-start=\"57\" data-end=\"279\"><li data-start=\"57\" data-end=\"140\"><p data-start=\"59\" data-end=\"140\">S\u00f8rg for at dere har <strong data-start=\"80\" data-end=\"100\">TILKOBLINGSKODEN<\/strong> som dere har mottatt for aktiviteten.<\/p><\/li><li data-start=\"141\" data-end=\"279\"><p data-start=\"143\" data-end=\"279\">S\u00f8rg for at deltakernes telefonbatterier er s\u00e5 fulladet som mulig. Dette bidrar til smidig deltakelse og reduserer risikoen for avbrudd.<\/p><\/li><\/ul><p data-start=\"281\" data-end=\"367\">Hvis dere \u00f8nsker, kan dere forberede dere til aktiviteten p\u00e5 forh\u00e5nd p\u00e5 f\u00f8lgende m\u00e5te:<\/p><ul data-start=\"369\" data-end=\"737\"><li data-start=\"369\" data-end=\"513\"><p data-start=\"371\" data-end=\"513\">Det anbefales at alle deltakere installerer den gratis <strong data-start=\"426\" data-end=\"447\">ActionTrack-appen<\/strong> (Google Play \/ App Store) p\u00e5 telefonene sine f\u00f8r arrangementet.<\/p><\/li><li data-start=\"514\" data-end=\"737\"><p data-start=\"516\" data-end=\"737\">Deltakerne kan deles inn i lag p\u00e5 forh\u00e5nd (= klaner) som til sammen bruker fire mobile enheter. Hver mobile enhet kan deles av 1\u20133 lagmedlemmer slik at alle tydelig kan se oppgavene. Anbefalt lagst\u00f8rrelse er 4\u20138 personer.<\/p><\/li><\/ul><p data-start=\"739\" data-end=\"832\">Tiltakene over vil gj\u00f8re oppstarten raskere og sikre at alle kommer i gang p\u00e5 en smidig m\u00e5te.<\/p>\t\t\t\t\t\t<\/div>\n\t\t\t\t<\/div>\n\t\t\t\t\t<\/div>\n\t\t<\/div>\n\t\t\t\t\t\t\t<\/div>\n\t\t<\/section>\n\t\t\t\t<section class=\"elementor-section elementor-inner-section elementor-element elementor-element-ce8181d elementor-section-boxed elementor-section-height-default elementor-section-height-default\" data-id=\"ce8181d\" data-element_type=\"section\">\n\t\t\t\t\t\t<div class=\"elementor-container elementor-column-gap-default\">\n\t\t\t\t\t<div class=\"elementor-column elementor-col-100 elementor-inner-column elementor-element elementor-element-3d0fc18\" data-id=\"3d0fc18\" data-element_type=\"column\">\n\t\t\t<div class=\"elementor-widget-wrap elementor-element-populated\">\n\t\t\t\t\t\t\t\t<div class=\"elementor-element elementor-element-9a9e7cd elementor-widget elementor-widget-heading\" data-id=\"9a9e7cd\" data-element_type=\"widget\" data-widget_type=\"heading.default\">\n\t\t\t\t<div class=\"elementor-widget-container\">\n\t\t\t<h2 class=\"elementor-heading-title elementor-size-default\">Arrangement \u2013 kort introduksjon<\/h2>\t\t<\/div>\n\t\t\t\t<\/div>\n\t\t\t\t<div class=\"elementor-element elementor-element-79ec3fb elementor-widget elementor-widget-text-editor\" data-id=\"79ec3fb\" data-element_type=\"widget\" data-widget_type=\"text-editor.default\">\n\t\t\t\t<div class=\"elementor-widget-container\">\n\t\t\t\t\t\t\t<p>Velkommen til <strong data-start=\"889\" data-end=\"901\">FlagHunt<\/strong>! Del dere inn i lag og velg en kaptein. Kapteinen installerer ActionTrack-appen, laster ned spillet med tilkoblingskoden, oppretter en klan for laget og blir med i klanen. Blant de \u00f8vrige lagmedlemmene velges tre som ogs\u00e5 installerer ActionTrack-appen, laster ned spillet og blir med i klanen etter kapteinen. N\u00e5r lagene er klare, kan dere starte eventyret. Lykke til og ha det g\u00f8y!<\/p>\t\t\t\t\t\t<\/div>\n\t\t\t\t<\/div>\n\t\t\t\t\t<\/div>\n\t\t<\/div>\n\t\t\t\t\t\t\t<\/div>\n\t\t<\/section>\n\t\t\t\t<section class=\"elementor-section elementor-inner-section elementor-element elementor-element-2e36d8d elementor-section-boxed elementor-section-height-default elementor-section-height-default\" data-id=\"2e36d8d\" data-element_type=\"section\">\n\t\t\t\t\t\t<div class=\"elementor-container elementor-column-gap-default\">\n\t\t\t\t\t<div class=\"elementor-column elementor-col-100 elementor-inner-column elementor-element elementor-element-a6faa33\" data-id=\"a6faa33\" data-element_type=\"column\">\n\t\t\t<div class=\"elementor-widget-wrap elementor-element-populated\">\n\t\t\t\t\t\t\t\t<div class=\"elementor-element elementor-element-709f2ff elementor-widget elementor-widget-heading\" data-id=\"709f2ff\" data-element_type=\"widget\" data-widget_type=\"heading.default\">\n\t\t\t\t<div class=\"elementor-widget-container\">\n\t\t\t<h2 class=\"elementor-heading-title elementor-size-default\">Arrangement \u2013 detaljert introduksjon<\/h2>\t\t<\/div>\n\t\t\t\t<\/div>\n\t\t\t\t<div class=\"elementor-element elementor-element-5b615b1 elementor-widget elementor-widget-text-editor\" data-id=\"5b615b1\" data-element_type=\"widget\" data-widget_type=\"text-editor.default\">\n\t\t\t\t<div class=\"elementor-widget-container\">\n\t\t\t\t\t\t\t<p data-start=\"1332\" data-end=\"1430\">Kj\u00e6re deltakere, hjertelig velkommen til <strong data-start=\"1373\" data-end=\"1385\">FlagHunt<\/strong>! F\u00f8r vi setter i gang, m\u00e5 vi gj\u00f8re f\u00f8lgende:<\/p><h5 data-start=\"1432\" data-end=\"1457\">1. Del dere inn i lag<\/h5><p data-start=\"1459\" data-end=\"1637\">Lagene (= klaner) bruker totalt fire mobile enheter. Hver mobile enhet kan deles av 1\u20133 lagmedlemmer slik at alle tydelig kan se oppgavene. Anbefalt lagst\u00f8rrelse er 4\u20138 personer.<\/p><p data-start=\"1639\" data-end=\"1729\">Lagst\u00f8rrelsene kan variere \u2013 det er helt greit. Velg en laginndeling som passer dere best.<\/p><h5 data-start=\"1731\" data-end=\"1756\">2. Velg en lagkaptein<\/h5><p data-start=\"1758\" data-end=\"1829\">Kapteinen bruker \u00e9n av lagets mobile enheter (telefon eller nettbrett).<\/p><p data-start=\"1831\" data-end=\"1848\">Enheten b\u00f8r v\u00e6re:<\/p><ul data-start=\"1849\" data-end=\"1930\"><li data-start=\"1849\" data-end=\"1864\"><p data-start=\"1851\" data-end=\"1864\">relativt ny<\/p><\/li><li data-start=\"1865\" data-end=\"1899\"><p data-start=\"1867\" data-end=\"1899\">fulladet (powerbank anbefales)<\/p><\/li><li data-start=\"1900\" data-end=\"1930\"><p data-start=\"1902\" data-end=\"1930\">utstyrt med fungerende GPS<\/p><\/li><\/ul><p data-start=\"1932\" data-end=\"2047\">Merk: Spillet kan ikke fortsettes p\u00e5 en annen enhet, s\u00e5 s\u00f8rg for at enheten fungerer som den skal f\u00f8r dere starter.<\/p><h5 data-start=\"2049\" data-end=\"2095\">3. Kapteinen installerer ActionTrack-appen<\/h5><p data-start=\"2097\" data-end=\"2238\">Last ned den gratis ActionTrack-appen fra Google Play eller App Store. Gi appen alle forespurte tillatelser slik at spillet fungerer korrekt.<\/p><h5 data-start=\"2240\" data-end=\"2284\">4. Laste ned spillet og opprette en klan<\/h5><p data-start=\"2286\" data-end=\"2298\"><strong data-start=\"2286\" data-end=\"2298\">Kaptein:<\/strong><\/p><ul data-start=\"2299\" data-end=\"2538\"><li data-start=\"2299\" data-end=\"2342\"><p data-start=\"2301\" data-end=\"2342\">Laster ned spillet med tilkoblingskoden<\/p><\/li><li data-start=\"2343\" data-end=\"2369\"><p data-start=\"2345\" data-end=\"2369\">Angir sitt spillernavn<\/p><\/li><li data-start=\"2370\" data-end=\"2431\"><p data-start=\"2372\" data-end=\"2431\">Oppretter en klan for laget (Klan-visning \u2192 \u00abOpprett ny\u00bb)<\/p><\/li><li data-start=\"2432\" data-end=\"2468\"><p data-start=\"2434\" data-end=\"2468\">Gir klanen et navn og et passord<\/p><\/li><li data-start=\"2469\" data-end=\"2538\"><p data-start=\"2471\" data-end=\"2538\">Blir med i den opprettede klanen f\u00f8rst ved \u00e5 skrive inn passordet<\/p><\/li><\/ul><p data-start=\"2540\" data-end=\"2640\">Hvis passordet glemmes helt i starten, kan kapteinen enkelt opprette en ny klan med et nytt passord.<\/p><p data-start=\"2642\" data-end=\"2665\"><strong data-start=\"2642\" data-end=\"2665\">Andre lagmedlemmer:<\/strong><\/p><p data-start=\"2667\" data-end=\"2693\">Velg tre lagmedlemmer som:<\/p><ul data-start=\"2694\" data-end=\"2901\"><li data-start=\"2694\" data-end=\"2727\"><p data-start=\"2696\" data-end=\"2727\">Installerer ActionTrack-appen<\/p><\/li><li data-start=\"2728\" data-end=\"2771\"><p data-start=\"2730\" data-end=\"2771\">Laster ned spillet med tilkoblingskoden<\/p><\/li><li data-start=\"2772\" data-end=\"2800\"><p data-start=\"2774\" data-end=\"2800\">Angir \u00f8nsket spillernavn<\/p><\/li><li data-start=\"2801\" data-end=\"2901\"><p data-start=\"2803\" data-end=\"2901\">Blir med i klanen som kapteinen har opprettet ved \u00e5 velge den fra listen og skrive inn passordet<\/p><\/li><\/ul>\t\t\t\t\t\t<\/div>\n\t\t\t\t<\/div>\n\t\t\t\t\t<\/div>\n\t\t<\/div>\n\t\t\t\t\t\t\t<\/div>\n\t\t<\/section>\n\t\t\t\t<section class=\"elementor-section elementor-inner-section elementor-element elementor-element-7e5ff61 elementor-section-boxed elementor-section-height-default elementor-section-height-default\" data-id=\"7e5ff61\" data-element_type=\"section\">\n\t\t\t\t\t\t<div class=\"elementor-container elementor-column-gap-default\">\n\t\t\t\t\t<div class=\"elementor-column elementor-col-100 elementor-inner-column elementor-element elementor-element-22d9d80\" data-id=\"22d9d80\" data-element_type=\"column\">\n\t\t\t<div class=\"elementor-widget-wrap elementor-element-populated\">\n\t\t\t\t\t\t\t\t<div class=\"elementor-element elementor-element-ea334e7 elementor-widget elementor-widget-heading\" data-id=\"ea334e7\" data-element_type=\"widget\" data-widget_type=\"heading.default\">\n\t\t\t\t<div class=\"elementor-widget-container\">\n\t\t\t<h2 class=\"elementor-heading-title elementor-size-default\">KORT OM FLAGHUNT-AKTIVITETEN<\/h2>\t\t<\/div>\n\t\t\t\t<\/div>\n\t\t\t\t\t<\/div>\n\t\t<\/div>\n\t\t\t\t\t\t\t<\/div>\n\t\t<\/section>\n\t\t\t\t<div class=\"elementor-element elementor-element-c231056 elementor-widget elementor-widget-heading\" data-id=\"c231056\" data-element_type=\"widget\" data-widget_type=\"heading.default\">\n\t\t\t\t<div class=\"elementor-widget-container\">\n\t\t\t<h2 class=\"elementor-heading-title elementor-size-default\">Instruksjoner for selve spillet<\/h2>\t\t<\/div>\n\t\t\t\t<\/div>\n\t\t\t\t<div class=\"elementor-element elementor-element-ac987fe elementor-widget elementor-widget-text-editor\" data-id=\"ac987fe\" data-element_type=\"widget\" data-widget_type=\"text-editor.default\">\n\t\t\t\t<div class=\"elementor-widget-container\">\n\t\t\t\t\t\t\t<p data-start=\"2978\" data-end=\"3315\">I dette smarte og fartsfylte utend\u00f8rs lagspillet som oppmuntrer til fysisk aktivitet, samler lagmedlemmene virtuelle flagg som dukker opp i spillomr\u00e5det, leter etter skjulte skatter og inng\u00e5r allianser med r\u00f8vere de m\u00f8ter. Underveis l\u00f8ser lagene ogs\u00e5 g\u00e5ter og gjennomf\u00f8rer ulike bonusutfordringer. Laget med h\u00f8yest total poengsum vinner.<\/p><p data-start=\"3317\" data-end=\"3448\">Hvert lag (= klan) kan bestemme sin egen spillstrategi. For eksempel kan lagmedlemmene spre seg eller bevege seg mest mulig sammen.<\/p><p data-start=\"3450\" data-end=\"3511\"><strong>Merk:<\/strong> Selve spillet inneholder alle n\u00f8dvendige instruksjoner.<\/p><p data-start=\"3513\" data-end=\"3601\"><strong>I starten av spillet m\u00e5 hver spiller f\u00f8rst g\u00e5 til startomr\u00e5det<\/strong>, som vises p\u00e5 kartet.<\/p><p data-start=\"3603\" data-end=\"3862\"><strong>Spillet inneholder virtuelle flagg<\/strong> verdt 20\u201360 poeng. Til enhver tid kan flere aktive flagg vises p\u00e5 kartet. Spillerne kan g\u00e5 til hvilket som helst av dem. Ved \u00e5 trykke p\u00e5 flaggikonene p\u00e5 mobilskjermen kan spillerne se de n\u00f8yaktige flaggomr\u00e5dene de m\u00e5 n\u00e5.<\/p><p data-start=\"3864\" data-end=\"4027\">N\u00e5r tre spillere har bes\u00f8kt et bestemt flagg, vil flagget snart forsvinne fra alle spillernes kartvisning, og et nytt flagg blir tilfeldig generert i spillomr\u00e5det.<\/p><p data-start=\"4029\" data-end=\"4118\">Laget som f\u00f8rst fanger 10 gr\u00f8nne flagg tjener 500 poeng til alle medlemmene sine.<\/p><p data-start=\"4120\" data-end=\"4566\"><strong>Det finnes ogs\u00e5 10 skjulte skatter<\/strong> i spillomr\u00e5det, hver verdt 200\u2013600 poeng. Spillerne m\u00e5 bevege seg rundt i omr\u00e5det for \u00e5 finne en aktiv skatt. N\u00e5r en spiller kommer n\u00e6r nok en skatt, mottar han eller hun et varsel om at en \u00abSkatt i n\u00e6rheten\u00bb. N\u00e5r spilleren kommer enda n\u00e6rmere, vises skatten p\u00e5 kartet i appen. Den f\u00f8rste spilleren som n\u00e5r skatten, samler den inn. Deretter aktiveres neste skatt slik at alle spillere kan finne den.<\/p><p data-start=\"4568\" data-end=\"4842\"><strong>Spillet inneholder ogs\u00e5 fem r\u00f8vere<\/strong> som spillerne kan inng\u00e5 allianser med. Hvis en spiller lykkes med \u00e5 alliere seg med en r\u00f8ver, vil r\u00f8veren rane medlemmer av andre klaner som kommer for n\u00e6r. For hvert ran gir r\u00f8veren en del av poengene til spilleren han er alliert med.<\/p><p data-start=\"4844\" data-end=\"5106\"><strong>Spillet inneholder ogs\u00e5 40 g\u00e5ter<\/strong> som dukker opp p\u00e5 kartet etter hvert som spillet skrider frem. Hvert fangede flagg l\u00e5ser opp \u00e9n tilfeldig valgt g\u00e5te p\u00e5 spillerens kart. Ved \u00e5 l\u00f8se g\u00e5ten f\u00e5r spilleren verdifulle bonuspoeng, vanligvis rundt 100\u2013200 poeng.<\/p><p data-start=\"5108\" data-end=\"5200\">Spillere kan f\u00e5 ulike bonusmuligheter i en begrenset tidsperiode. \u00c5 v\u00e6re \u00e5rv\u00e5ken l\u00f8nner seg!<\/p><p data-start=\"5202\" data-end=\"5266\" data-is-last-node=\"\" data-is-only-node=\"\">Klanen og den individuelle spilleren med h\u00f8yest poengsum vinner!<\/p>\t\t\t\t\t\t<\/div>\n\t\t\t\t<\/div>\n\t\t\t\t<div class=\"elementor-element elementor-element-a274195 elementor-align-center elementor-widget elementor-widget-button\" data-id=\"a274195\" data-element_type=\"widget\" data-widget_type=\"button.default\">\n\t\t\t\t<div class=\"elementor-widget-container\">\n\t\t\t\t\t<div class=\"elementor-button-wrapper\">\n\t\t\t<a class=\"elementor-button elementor-button-link elementor-size-md elementor-animation-grow\" href=\"https:\/\/www.taz.fi\/en\/flaghunt-nor\/\">\n\t\t\t\t\t\t<span class=\"elementor-button-content-wrapper\">\n\t\t\t\t\t\t<span class=\"elementor-button-text\">Les mer om spillet<\/span>\n\t\t<\/span>\n\t\t\t\t\t<\/a>\n\t\t<\/div>\n\t\t\t\t<\/div>\n\t\t\t\t<\/div>\n\t\t\t\t<div class=\"elementor-element elementor-element-d2a0df7 elementor-widget elementor-widget-spacer\" data-id=\"d2a0df7\" data-element_type=\"widget\" data-widget_type=\"spacer.default\">\n\t\t\t\t<div class=\"elementor-widget-container\">\n\t\t\t\t\t<div class=\"elementor-spacer\">\n\t\t\t<div class=\"elementor-spacer-inner\"><\/div>\n\t\t<\/div>\n\t\t\t\t<\/div>\n\t\t\t\t<\/div>\n\t\t\t\t\t<\/div>\n\t\t<\/div>\n\t\t\t\t\t\t\t<\/div>\n\t\t<\/section>\n\t\t\t\t\t\t\t<\/div>","protected":false},"excerpt":{"rendered":"<p>FLAGHUNT \u2013 STARTINSTRUKSJONER F\u00f8r arrangementet S\u00f8rg for at dere har TILKOBLINGSKODEN som dere har mottatt for aktiviteten. S\u00f8rg for at deltakernes telefonbatterier er s\u00e5 fulladet som mulig. Dette bidrar til smidig deltakelse og reduserer risikoen for avbrudd. Hvis dere \u00f8nsker, kan dere forberede dere til aktiviteten p\u00e5 forh\u00e5nd p\u00e5 f\u00f8lgende m\u00e5te: Det anbefales at alle [&hellip;]<\/p>","protected":false},"author":3,"featured_media":4799,"parent":0,"menu_order":0,"comment_status":"closed","ping_status":"closed","template":"elementor_canvas","meta":[],"aioseo_notices":[],"_links":{"self":[{"href":"https:\/\/www.taz.fi\/en\/wp-json\/wp\/v2\/pages\/17992"}],"collection":[{"href":"https:\/\/www.taz.fi\/en\/wp-json\/wp\/v2\/pages"}],"about":[{"href":"https:\/\/www.taz.fi\/en\/wp-json\/wp\/v2\/types\/page"}],"author":[{"embeddable":true,"href":"https:\/\/www.taz.fi\/en\/wp-json\/wp\/v2\/users\/3"}],"replies":[{"embeddable":true,"href":"https:\/\/www.taz.fi\/en\/wp-json\/wp\/v2\/comments?post=17992"}],"version-history":[{"count":10,"href":"https:\/\/www.taz.fi\/en\/wp-json\/wp\/v2\/pages\/17992\/revisions"}],"predecessor-version":[{"id":18002,"href":"https:\/\/www.taz.fi\/en\/wp-json\/wp\/v2\/pages\/17992\/revisions\/18002"}],"wp:featuredmedia":[{"embeddable":true,"href":"https:\/\/www.taz.fi\/en\/wp-json\/wp\/v2\/media\/4799"}],"wp:attachment":[{"href":"https:\/\/www.taz.fi\/en\/wp-json\/wp\/v2\/media?parent=17992"}],"curies":[{"name":"wp","href":"https:\/\/api.w.org\/{rel}","templated":true}]}}