{"id":18003,"date":"2025-12-18T10:08:02","date_gmt":"2025-12-18T10:08:02","guid":{"rendered":"https:\/\/www.taz.fi\/?page_id=18003"},"modified":"2025-12-18T10:49:52","modified_gmt":"2025-12-18T10:49:52","slug":"outdoor_bingo-nor-starting","status":"publish","type":"page","link":"https:\/\/www.taz.fi\/en\/outdoor_bingo-nor-starting\/","title":{"rendered":"outdoor_bingo-nor-starting"},"content":{"rendered":"<div data-elementor-type=\"wp-page\" data-elementor-id=\"18003\" class=\"elementor elementor-18003\" data-elementor-post-type=\"page\">\n\t\t\t\t\t\t\t\t\t<section class=\"elementor-section elementor-top-section elementor-element elementor-element-5902583 elementor-section-boxed elementor-section-height-default elementor-section-height-default\" data-id=\"5902583\" data-element_type=\"section\">\n\t\t\t\t\t\t<div class=\"elementor-container elementor-column-gap-default\">\n\t\t\t\t\t<div class=\"elementor-column elementor-col-100 elementor-top-column elementor-element elementor-element-b9652e4\" data-id=\"b9652e4\" data-element_type=\"column\">\n\t\t\t<div class=\"elementor-widget-wrap elementor-element-populated\">\n\t\t\t\t\t\t\t\t<div class=\"elementor-element elementor-element-e157b8e elementor-widget elementor-widget-spacer\" data-id=\"e157b8e\" data-element_type=\"widget\" data-widget_type=\"spacer.default\">\n\t\t\t\t<div class=\"elementor-widget-container\">\n\t\t\t\t\t<div class=\"elementor-spacer\">\n\t\t\t<div class=\"elementor-spacer-inner\"><\/div>\n\t\t<\/div>\n\t\t\t\t<\/div>\n\t\t\t\t<\/div>\n\t\t\t\t<div class=\"elementor-element elementor-element-cbe4c78 elementor-widget elementor-widget-heading\" data-id=\"cbe4c78\" data-element_type=\"widget\" data-widget_type=\"heading.default\">\n\t\t\t\t<div class=\"elementor-widget-container\">\n\t\t\t<h2 class=\"elementor-heading-title elementor-size-default\">OUTDOOR BINGO \u2013 STARTINSTRUKSJONER<\/h2>\t\t<\/div>\n\t\t\t\t<\/div>\n\t\t\t\t<section class=\"elementor-section elementor-inner-section elementor-element elementor-element-2ce9a67 elementor-section-boxed elementor-section-height-default elementor-section-height-default\" data-id=\"2ce9a67\" data-element_type=\"section\">\n\t\t\t\t\t\t<div class=\"elementor-container elementor-column-gap-default\">\n\t\t\t\t\t<div class=\"elementor-column elementor-col-100 elementor-inner-column elementor-element elementor-element-4385018\" data-id=\"4385018\" data-element_type=\"column\">\n\t\t\t<div class=\"elementor-widget-wrap elementor-element-populated\">\n\t\t\t\t\t\t\t\t<div class=\"elementor-element elementor-element-96a5b6f elementor-widget elementor-widget-heading\" data-id=\"96a5b6f\" data-element_type=\"widget\" data-widget_type=\"heading.default\">\n\t\t\t\t<div class=\"elementor-widget-container\">\n\t\t\t<h2 class=\"elementor-heading-title elementor-size-default\">F\u00f8r arrangementet<\/h2>\t\t<\/div>\n\t\t\t\t<\/div>\n\t\t\t\t<div class=\"elementor-element elementor-element-35f13f4 elementor-widget elementor-widget-text-editor\" data-id=\"35f13f4\" data-element_type=\"widget\" data-widget_type=\"text-editor.default\">\n\t\t\t\t<div class=\"elementor-widget-container\">\n\t\t\t\t\t\t\t<ul><li data-start=\"62\" data-end=\"145\"><p data-start=\"64\" data-end=\"145\">S\u00f8rg for at dere har <strong data-start=\"85\" data-end=\"105\">TILKOBLINGSKODEN<\/strong> som dere har mottatt for aktiviteten.<\/p><\/li><li data-start=\"146\" data-end=\"286\"><p data-start=\"148\" data-end=\"286\">S\u00f8rg for at deltakernes telefonbatterier er s\u00e5 fulladet som mulig. Dette bidrar til smidig deltakelse og reduserer risikoen for avbrudd.<\/p><\/li><li data-start=\"287\" data-end=\"431\"><p data-start=\"289\" data-end=\"431\">Det anbefales at alle deltakere installerer den gratis <strong data-start=\"344\" data-end=\"365\">ActionTrack-appen<\/strong> (Google Play \/ App Store) p\u00e5 telefonene sine f\u00f8r arrangementet.<\/p><\/li><li data-start=\"432\" data-end=\"631\"><p data-start=\"434\" data-end=\"631\">Dere kan bestemme om hver deltaker spiller p\u00e5 sin egen telefon (individuelt spill), eller om lag p\u00e5 2\u20133 personer deler \u00e9n telefon. Hvis dere spiller i lag, kan laginndelingen planlegges p\u00e5 forh\u00e5nd.<\/p><\/li><\/ul>\t\t\t\t\t\t<\/div>\n\t\t\t\t<\/div>\n\t\t\t\t\t<\/div>\n\t\t<\/div>\n\t\t\t\t\t\t\t<\/div>\n\t\t<\/section>\n\t\t\t\t<section class=\"elementor-section elementor-inner-section elementor-element elementor-element-ce8181d elementor-section-boxed elementor-section-height-default elementor-section-height-default\" data-id=\"ce8181d\" data-element_type=\"section\">\n\t\t\t\t\t\t<div class=\"elementor-container elementor-column-gap-default\">\n\t\t\t\t\t<div class=\"elementor-column elementor-col-100 elementor-inner-column elementor-element elementor-element-3d0fc18\" data-id=\"3d0fc18\" data-element_type=\"column\">\n\t\t\t<div class=\"elementor-widget-wrap elementor-element-populated\">\n\t\t\t\t\t\t\t\t<div class=\"elementor-element elementor-element-9a9e7cd elementor-widget elementor-widget-heading\" data-id=\"9a9e7cd\" data-element_type=\"widget\" data-widget_type=\"heading.default\">\n\t\t\t\t<div class=\"elementor-widget-container\">\n\t\t\t<h2 class=\"elementor-heading-title elementor-size-default\">Arrangement \u2013 kort introduksjon<\/h2>\t\t<\/div>\n\t\t\t\t<\/div>\n\t\t\t\t<div class=\"elementor-element elementor-element-79ec3fb elementor-widget elementor-widget-text-editor\" data-id=\"79ec3fb\" data-element_type=\"widget\" data-widget_type=\"text-editor.default\">\n\t\t\t\t<div class=\"elementor-widget-container\">\n\t\t\t\t\t\t\t<p data-start=\"674\" data-end=\"777\">Kj\u00e6re deltakere, hjertelig velkommen til <strong data-start=\"715\" data-end=\"732\">Outdoor Bingo<\/strong>! F\u00f8r vi setter i gang, m\u00e5 vi gj\u00f8re f\u00f8lgende:<\/p><ul data-start=\"779\" data-end=\"1073\"><li data-start=\"779\" data-end=\"872\"><p data-start=\"781\" data-end=\"872\">Alle enkeltspillere og\/eller lag installerer ActionTrack-appen (Google Play \/ App Store).<\/p><\/li><li data-start=\"873\" data-end=\"924\"><p data-start=\"875\" data-end=\"924\">Last ned spillet ved hjelp av tilkoblingskoden.<\/p><\/li><li data-start=\"925\" data-end=\"981\"><p data-start=\"927\" data-end=\"981\">Lag laster ned spillet p\u00e5 kun \u00e9n felles telefon.<\/p><\/li><li data-start=\"982\" data-end=\"1046\"><p data-start=\"984\" data-end=\"1046\">Angi \u00f8nsket spillernavn (for en enkeltspiller eller et lag).<\/p><\/li><li data-start=\"1047\" data-end=\"1073\"><p data-start=\"1049\" data-end=\"1073\">Les spillinstruksjonene.<\/p><\/li><\/ul><p data-start=\"1075\" data-end=\"1246\">Spillere\/lag vil f\u00f8rst se spillinstruksjonene og deretter stoppe p\u00e5 <strong data-start=\"1143\" data-end=\"1154\">\u00abVENT!\u00bb<\/strong>-skjermen. N\u00e5r jeg sier <strong data-start=\"1178\" data-end=\"1189\">\u00abKj\u00f8r!\u00bb<\/strong>, trykker alle p\u00e5 <strong data-start=\"1207\" data-end=\"1221\">\u00abFortsett\u00bb<\/strong>, og spilletiden starter.<\/p>\t\t\t\t\t\t<\/div>\n\t\t\t\t<\/div>\n\t\t\t\t\t<\/div>\n\t\t<\/div>\n\t\t\t\t\t\t\t<\/div>\n\t\t<\/section>\n\t\t\t\t<section class=\"elementor-section elementor-inner-section elementor-element elementor-element-7e5ff61 elementor-section-boxed elementor-section-height-default elementor-section-height-default\" data-id=\"7e5ff61\" data-element_type=\"section\">\n\t\t\t\t\t\t<div class=\"elementor-container elementor-column-gap-default\">\n\t\t\t\t\t<div class=\"elementor-column elementor-col-100 elementor-inner-column elementor-element elementor-element-22d9d80\" data-id=\"22d9d80\" data-element_type=\"column\">\n\t\t\t<div class=\"elementor-widget-wrap elementor-element-populated\">\n\t\t\t\t\t\t\t\t<div class=\"elementor-element elementor-element-ea334e7 elementor-widget elementor-widget-heading\" data-id=\"ea334e7\" data-element_type=\"widget\" data-widget_type=\"heading.default\">\n\t\t\t\t<div class=\"elementor-widget-container\">\n\t\t\t<h2 class=\"elementor-heading-title elementor-size-default\">KORT OM OUTDOOR BINGO-AKTIVITETEN<\/h2>\t\t<\/div>\n\t\t\t\t<\/div>\n\t\t\t\t\t<\/div>\n\t\t<\/div>\n\t\t\t\t\t\t\t<\/div>\n\t\t<\/section>\n\t\t\t\t<div class=\"elementor-element elementor-element-c231056 elementor-widget elementor-widget-heading\" data-id=\"c231056\" data-element_type=\"widget\" data-widget_type=\"heading.default\">\n\t\t\t\t<div class=\"elementor-widget-container\">\n\t\t\t<h2 class=\"elementor-heading-title elementor-size-default\">Instruksjoner for selve spillet<\/h2>\t\t<\/div>\n\t\t\t\t<\/div>\n\t\t\t\t<div class=\"elementor-element elementor-element-ac987fe elementor-widget elementor-widget-text-editor\" data-id=\"ac987fe\" data-element_type=\"widget\" data-widget_type=\"text-editor.default\">\n\t\t\t\t<div class=\"elementor-widget-container\">\n\t\t\t\t\t\t\t<p data-start=\"1328\" data-end=\"1426\">Dere vil se deres egen 5\u00d75 bingobrikke p\u00e5 kartet. Zoom og flytt kartvisningen for \u00e5 finne den.<\/p><p data-start=\"1428\" data-end=\"1569\"><strong>Helt i starten finnes det allerede 15 baller<\/strong> i spillomr\u00e5det. Nye bingoballer trekkes med jevne mellomrom og dukker opp et sted p\u00e5 kartet.<\/p><p data-start=\"1571\" data-end=\"1819\"><strong>For \u00e5 markere et tall p\u00e5 brikken m\u00e5 dere samle inn en ball som tilsvarer et tall p\u00e5 brikken.<\/strong> Dere m\u00e5 bevege dere til ballen for \u00e5 samle den inn. Ved \u00e5 trykke p\u00e5 ballikonet p\u00e5 mobilskjermen kan dere se det n\u00f8yaktige sirkelformede omr\u00e5det dere m\u00e5 n\u00e5.<\/p><p data-start=\"1821\" data-end=\"1995\"><strong>Merk at summen av de to sist innsamlede ballene ogs\u00e5 teller.<\/strong> For eksempel: Hvis dere samler ballene 10 og 7, og brikken har tallet 17, f\u00e5r dere en markering p\u00e5 nummer 17.<\/p><p data-start=\"1997\" data-end=\"2082\">Hver innsamlede ball gir 10 poeng, og hver markering p\u00e5 brikken gir 50 poeng.<\/p><p data-start=\"2084\" data-end=\"2180\">\u00c9n full rad gir 500 poeng, to rader gir 1 000 poeng, og full brikke gir 2 000 poeng.<\/p><p data-start=\"2182\" data-end=\"2279\">I tillegg deles det ut bonuser til de 10 raskeste spillerne eller lagene for hver type bingo:<\/p><ul data-start=\"2281\" data-end=\"2455\"><li data-start=\"2281\" data-end=\"2337\"><p data-start=\"2283\" data-end=\"2337\">\u00c9n rad: 50\u20131 000 poeng (raskest f\u00e5r 1 000 poeng)<\/p><\/li><li data-start=\"2338\" data-end=\"2395\"><p data-start=\"2340\" data-end=\"2395\">To rader: doble bonuser (raskest f\u00e5r 2 000 poeng)<\/p><\/li><li data-start=\"2396\" data-end=\"2455\"><p data-start=\"2398\" data-end=\"2455\">Full brikke: triple bonuser (raskest f\u00e5r 3 000 poeng)<\/p><\/li><\/ul><p data-start=\"2457\" data-end=\"2512\" data-is-last-node=\"\" data-is-only-node=\"\">Spilleren eller laget med h\u00f8yest total poengsum vinner!<\/p>\t\t\t\t\t\t<\/div>\n\t\t\t\t<\/div>\n\t\t\t\t<div class=\"elementor-element elementor-element-a274195 elementor-align-center elementor-widget elementor-widget-button\" data-id=\"a274195\" data-element_type=\"widget\" data-widget_type=\"button.default\">\n\t\t\t\t<div class=\"elementor-widget-container\">\n\t\t\t\t\t<div class=\"elementor-button-wrapper\">\n\t\t\t<a class=\"elementor-button elementor-button-link elementor-size-md elementor-animation-grow\" href=\"https:\/\/www.taz.fi\/en\/outdoor_bingo-nor\/\">\n\t\t\t\t\t\t<span class=\"elementor-button-content-wrapper\">\n\t\t\t\t\t\t<span class=\"elementor-button-text\">Les mer om spillet<\/span>\n\t\t<\/span>\n\t\t\t\t\t<\/a>\n\t\t<\/div>\n\t\t\t\t<\/div>\n\t\t\t\t<\/div>\n\t\t\t\t<div class=\"elementor-element elementor-element-d2a0df7 elementor-widget elementor-widget-spacer\" data-id=\"d2a0df7\" data-element_type=\"widget\" data-widget_type=\"spacer.default\">\n\t\t\t\t<div class=\"elementor-widget-container\">\n\t\t\t\t\t<div class=\"elementor-spacer\">\n\t\t\t<div class=\"elementor-spacer-inner\"><\/div>\n\t\t<\/div>\n\t\t\t\t<\/div>\n\t\t\t\t<\/div>\n\t\t\t\t\t<\/div>\n\t\t<\/div>\n\t\t\t\t\t\t\t<\/div>\n\t\t<\/section>\n\t\t\t\t\t\t\t<\/div>","protected":false},"excerpt":{"rendered":"<p>OUTDOOR BINGO \u2013 STARTINSTRUKSJONER F\u00f8r arrangementet S\u00f8rg for at dere har TILKOBLINGSKODEN som dere har mottatt for aktiviteten. S\u00f8rg for at deltakernes telefonbatterier er s\u00e5 fulladet som mulig. Dette bidrar til smidig deltakelse og reduserer risikoen for avbrudd. Det anbefales at alle deltakere installerer den gratis ActionTrack-appen (Google Play \/ App Store) p\u00e5 telefonene sine [&hellip;]<\/p>","protected":false},"author":3,"featured_media":4811,"parent":0,"menu_order":0,"comment_status":"closed","ping_status":"closed","template":"elementor_canvas","meta":[],"aioseo_notices":[],"_links":{"self":[{"href":"https:\/\/www.taz.fi\/en\/wp-json\/wp\/v2\/pages\/18003"}],"collection":[{"href":"https:\/\/www.taz.fi\/en\/wp-json\/wp\/v2\/pages"}],"about":[{"href":"https:\/\/www.taz.fi\/en\/wp-json\/wp\/v2\/types\/page"}],"author":[{"embeddable":true,"href":"https:\/\/www.taz.fi\/en\/wp-json\/wp\/v2\/users\/3"}],"replies":[{"embeddable":true,"href":"https:\/\/www.taz.fi\/en\/wp-json\/wp\/v2\/comments?post=18003"}],"version-history":[{"count":19,"href":"https:\/\/www.taz.fi\/en\/wp-json\/wp\/v2\/pages\/18003\/revisions"}],"predecessor-version":[{"id":18092,"href":"https:\/\/www.taz.fi\/en\/wp-json\/wp\/v2\/pages\/18003\/revisions\/18092"}],"wp:featuredmedia":[{"embeddable":true,"href":"https:\/\/www.taz.fi\/en\/wp-json\/wp\/v2\/media\/4811"}],"wp:attachment":[{"href":"https:\/\/www.taz.fi\/en\/wp-json\/wp\/v2\/media?parent=18003"}],"curies":[{"name":"wp","href":"https:\/\/api.w.org\/{rel}","templated":true}]}}