{"id":18017,"date":"2025-12-18T10:14:09","date_gmt":"2025-12-18T10:14:09","guid":{"rendered":"https:\/\/www.taz.fi\/?page_id=18017"},"modified":"2025-12-18T10:17:42","modified_gmt":"2025-12-18T10:17:42","slug":"who-is-who-nor-starting","status":"publish","type":"page","link":"https:\/\/www.taz.fi\/en\/who-is-who-nor-starting\/","title":{"rendered":"who-is-who-nor-starting"},"content":{"rendered":"<div data-elementor-type=\"wp-page\" data-elementor-id=\"18017\" class=\"elementor elementor-18017\" data-elementor-post-type=\"page\">\n\t\t\t\t\t\t\t\t\t<section class=\"elementor-section elementor-top-section elementor-element elementor-element-5902583 elementor-section-boxed elementor-section-height-default elementor-section-height-default\" data-id=\"5902583\" data-element_type=\"section\">\n\t\t\t\t\t\t<div class=\"elementor-container elementor-column-gap-default\">\n\t\t\t\t\t<div class=\"elementor-column elementor-col-100 elementor-top-column elementor-element elementor-element-b9652e4\" data-id=\"b9652e4\" data-element_type=\"column\">\n\t\t\t<div class=\"elementor-widget-wrap elementor-element-populated\">\n\t\t\t\t\t\t\t\t<div class=\"elementor-element elementor-element-e157b8e elementor-widget elementor-widget-spacer\" data-id=\"e157b8e\" data-element_type=\"widget\" data-widget_type=\"spacer.default\">\n\t\t\t\t<div class=\"elementor-widget-container\">\n\t\t\t\t\t<div class=\"elementor-spacer\">\n\t\t\t<div class=\"elementor-spacer-inner\"><\/div>\n\t\t<\/div>\n\t\t\t\t<\/div>\n\t\t\t\t<\/div>\n\t\t\t\t<div class=\"elementor-element elementor-element-cbe4c78 elementor-widget elementor-widget-heading\" data-id=\"cbe4c78\" data-element_type=\"widget\" data-widget_type=\"heading.default\">\n\t\t\t\t<div class=\"elementor-widget-container\">\n\t\t\t<h2 class=\"elementor-heading-title elementor-size-default\">WHO\u2019S WHO? \u2013 STARTINSTRUKSJONER<\/h2>\t\t<\/div>\n\t\t\t\t<\/div>\n\t\t\t\t<section class=\"elementor-section elementor-inner-section elementor-element elementor-element-2ce9a67 elementor-section-boxed elementor-section-height-default elementor-section-height-default\" data-id=\"2ce9a67\" data-element_type=\"section\">\n\t\t\t\t\t\t<div class=\"elementor-container elementor-column-gap-default\">\n\t\t\t\t\t<div class=\"elementor-column elementor-col-100 elementor-inner-column elementor-element elementor-element-4385018\" data-id=\"4385018\" data-element_type=\"column\">\n\t\t\t<div class=\"elementor-widget-wrap elementor-element-populated\">\n\t\t\t\t\t\t\t\t<div class=\"elementor-element elementor-element-96a5b6f elementor-widget elementor-widget-heading\" data-id=\"96a5b6f\" data-element_type=\"widget\" data-widget_type=\"heading.default\">\n\t\t\t\t<div class=\"elementor-widget-container\">\n\t\t\t<h2 class=\"elementor-heading-title elementor-size-default\">F\u00f8r arrangementet<\/h2>\t\t<\/div>\n\t\t\t\t<\/div>\n\t\t\t\t<div class=\"elementor-element elementor-element-35f13f4 elementor-widget elementor-widget-text-editor\" data-id=\"35f13f4\" data-element_type=\"widget\" data-widget_type=\"text-editor.default\">\n\t\t\t\t<div class=\"elementor-widget-container\">\n\t\t\t\t\t\t\t<ul><li data-start=\"59\" data-end=\"142\"><p data-start=\"61\" data-end=\"142\">S\u00f8rg for at dere har <strong data-start=\"82\" data-end=\"102\">TILKOBLINGSKODEN<\/strong> som dere har mottatt for aktiviteten.<\/p><\/li><li data-start=\"143\" data-end=\"283\"><p data-start=\"145\" data-end=\"283\">S\u00f8rg for at deltakernes telefonbatterier er s\u00e5 fulladet som mulig. Dette bidrar til smidig deltakelse og reduserer risikoen for avbrudd.<\/p><\/li><li data-start=\"284\" data-end=\"426\"><p data-start=\"286\" data-end=\"426\">Det anbefales at alle deltakere installerer den gratis <strong data-start=\"341\" data-end=\"362\">ActionTrack-appen<\/strong> (Google Play \/ App Store) p\u00e5 telefonene sine f\u00f8r arrangementet.<\/p><\/li><\/ul>\t\t\t\t\t\t<\/div>\n\t\t\t\t<\/div>\n\t\t\t\t\t<\/div>\n\t\t<\/div>\n\t\t\t\t\t\t\t<\/div>\n\t\t<\/section>\n\t\t\t\t<section class=\"elementor-section elementor-inner-section elementor-element elementor-element-ce8181d elementor-section-boxed elementor-section-height-default elementor-section-height-default\" data-id=\"ce8181d\" data-element_type=\"section\">\n\t\t\t\t\t\t<div class=\"elementor-container elementor-column-gap-default\">\n\t\t\t\t\t<div class=\"elementor-column elementor-col-100 elementor-inner-column elementor-element elementor-element-3d0fc18\" data-id=\"3d0fc18\" data-element_type=\"column\">\n\t\t\t<div class=\"elementor-widget-wrap elementor-element-populated\">\n\t\t\t\t\t\t\t\t<div class=\"elementor-element elementor-element-9a9e7cd elementor-widget elementor-widget-heading\" data-id=\"9a9e7cd\" data-element_type=\"widget\" data-widget_type=\"heading.default\">\n\t\t\t\t<div class=\"elementor-widget-container\">\n\t\t\t<h2 class=\"elementor-heading-title elementor-size-default\">Arrangement \u2013 kort introduksjon<\/h2>\t\t<\/div>\n\t\t\t\t<\/div>\n\t\t\t\t<div class=\"elementor-element elementor-element-79ec3fb elementor-widget elementor-widget-text-editor\" data-id=\"79ec3fb\" data-element_type=\"widget\" data-widget_type=\"text-editor.default\">\n\t\t\t\t<div class=\"elementor-widget-container\">\n\t\t\t\t\t\t\t<p data-start=\"469\" data-end=\"589\">Kj\u00e6re deltakere, hjertelig velkommen til <strong data-start=\"510\" data-end=\"524\">Who\u2019s Who?<\/strong> \u2013 bli-kjent-spillet! F\u00f8r vi setter i gang, m\u00e5 vi gj\u00f8re f\u00f8lgende:<\/p><ul data-start=\"591\" data-end=\"902\"><li data-start=\"591\" data-end=\"666\"><p data-start=\"593\" data-end=\"666\">Alle deltakere installerer ActionTrack-appen (Google Play \/ App Store).<\/p><\/li><li data-start=\"667\" data-end=\"757\"><p data-start=\"669\" data-end=\"757\">Husk \u00e5 gi appen tillatelse til \u00e5 bruke kameraet, siden QR-koder skannes under spillet.<\/p><\/li><li data-start=\"758\" data-end=\"817\"><p data-start=\"760\" data-end=\"817\">Alle deltakere laster ned spillet med tilkoblingskoden.<\/p><\/li><li data-start=\"818\" data-end=\"902\"><p data-start=\"820\" data-end=\"902\">Deltakerne angir \u00f8nsket spillernavn og svarer deretter p\u00e5 fem innledende sp\u00f8rsm\u00e5l.<\/p><\/li><\/ul>\t\t\t\t\t\t<\/div>\n\t\t\t\t<\/div>\n\t\t\t\t\t<\/div>\n\t\t<\/div>\n\t\t\t\t\t\t\t<\/div>\n\t\t<\/section>\n\t\t\t\t<section class=\"elementor-section elementor-inner-section elementor-element elementor-element-7e5ff61 elementor-section-boxed elementor-section-height-default elementor-section-height-default\" data-id=\"7e5ff61\" data-element_type=\"section\">\n\t\t\t\t\t\t<div class=\"elementor-container elementor-column-gap-default\">\n\t\t\t\t\t<div class=\"elementor-column elementor-col-100 elementor-inner-column elementor-element elementor-element-22d9d80\" data-id=\"22d9d80\" data-element_type=\"column\">\n\t\t\t<div class=\"elementor-widget-wrap elementor-element-populated\">\n\t\t\t\t\t\t\t\t<div class=\"elementor-element elementor-element-ea334e7 elementor-widget elementor-widget-heading\" data-id=\"ea334e7\" data-element_type=\"widget\" data-widget_type=\"heading.default\">\n\t\t\t\t<div class=\"elementor-widget-container\">\n\t\t\t<h2 class=\"elementor-heading-title elementor-size-default\">KORT OM WHO\u2019S WHO?-AKTIVITETEN<\/h2>\t\t<\/div>\n\t\t\t\t<\/div>\n\t\t\t\t\t<\/div>\n\t\t<\/div>\n\t\t\t\t\t\t\t<\/div>\n\t\t<\/section>\n\t\t\t\t<div class=\"elementor-element elementor-element-c231056 elementor-widget elementor-widget-heading\" data-id=\"c231056\" data-element_type=\"widget\" data-widget_type=\"heading.default\">\n\t\t\t\t<div class=\"elementor-widget-container\">\n\t\t\t<h2 class=\"elementor-heading-title elementor-size-default\">Instruksjoner for selve spillet<\/h2>\t\t<\/div>\n\t\t\t\t<\/div>\n\t\t\t\t<div class=\"elementor-element elementor-element-ac987fe elementor-widget elementor-widget-text-editor\" data-id=\"ac987fe\" data-element_type=\"widget\" data-widget_type=\"text-editor.default\">\n\t\t\t\t<div class=\"elementor-widget-container\">\n\t\t\t\t\t\t\t<p data-start=\"981\" data-end=\"1090\">I spillet kan du skanne QR-koder fra andre spilleres skjermer eller la andre skanne QR-koden p\u00e5 skjermen din.<\/p><p data-start=\"1092\" data-end=\"1156\">M\u00e5let ditt er \u00e5 bli kjent med s\u00e5 mange andre spillere som mulig.<\/p><p data-start=\"1158\" data-end=\"1238\"><strong>Finn en spiller som er ledig<\/strong>, og start med \u00e5 presentere dere kort for hverandre.<\/p><p data-start=\"1240\" data-end=\"1417\"><strong>Deretter kan du skanne QR-koden p\u00e5 den andre personens skjerm<\/strong> og f\u00e5 et sp\u00f8rsm\u00e5l (hva vedkommende svarte p\u00e5 ett av startsp\u00f8rsm\u00e5lene, eller hvilken karakter han eller hun valgte).<\/p><p data-start=\"1419\" data-end=\"1577\">Deretter skal du gjette hvordan spilleren svarte p\u00e5 sp\u00f8rsm\u00e5let. Hvis du gjetter feil, f\u00e5r du se det riktige svaret. Be deretter personen forklare valget sitt.<\/p><p data-start=\"1579\" data-end=\"1670\"><strong>Etter dette kan personen du m\u00f8tte skanne QR-koden p\u00e5 skjermen din<\/strong> og f\u00e5 et sp\u00f8rsm\u00e5l om deg.<\/p><p data-start=\"1672\" data-end=\"1902\">Merk at det under QR-koden p\u00e5 skjermen din vises hvilket sp\u00f8rsm\u00e5l skanneren vil f\u00e5 om deg. Du kan bytte sp\u00f8rsm\u00e5l ved \u00e5 bruke \u00abHopp over\u00bb-knappen. I tillegg byttes sp\u00f8rsm\u00e5let alltid til det neste n\u00e5r du selv skanner noen andre.<\/p><p data-start=\"1904\" data-end=\"2188\" data-is-last-node=\"\" data-is-only-node=\"\">Under ett m\u00f8te kan dere, hvis tiden tillater det, skanne mer enn \u00e9n gang i stedet for bare \u00e9n gang per person, slik at dere f\u00e5r flere sp\u00f8rsm\u00e5l om hverandre. Skann alltid annenhver gang, eller la den som blir skannet velge \u00abHopp over\u00bb etter hver skanning slik at sp\u00f8rsm\u00e5let endres.<\/p>\t\t\t\t\t\t<\/div>\n\t\t\t\t<\/div>\n\t\t\t\t<div class=\"elementor-element elementor-element-a274195 elementor-align-center elementor-widget elementor-widget-button\" data-id=\"a274195\" data-element_type=\"widget\" data-widget_type=\"button.default\">\n\t\t\t\t<div class=\"elementor-widget-container\">\n\t\t\t\t\t<div class=\"elementor-button-wrapper\">\n\t\t\t<a class=\"elementor-button elementor-button-link elementor-size-md elementor-animation-grow\" href=\"https:\/\/www.taz.fi\/en\/who-is-who-nor\/\">\n\t\t\t\t\t\t<span class=\"elementor-button-content-wrapper\">\n\t\t\t\t\t\t<span class=\"elementor-button-text\">Les mer om spillet<\/span>\n\t\t<\/span>\n\t\t\t\t\t<\/a>\n\t\t<\/div>\n\t\t\t\t<\/div>\n\t\t\t\t<\/div>\n\t\t\t\t<div class=\"elementor-element elementor-element-d2a0df7 elementor-widget elementor-widget-spacer\" data-id=\"d2a0df7\" data-element_type=\"widget\" data-widget_type=\"spacer.default\">\n\t\t\t\t<div class=\"elementor-widget-container\">\n\t\t\t\t\t<div class=\"elementor-spacer\">\n\t\t\t<div class=\"elementor-spacer-inner\"><\/div>\n\t\t<\/div>\n\t\t\t\t<\/div>\n\t\t\t\t<\/div>\n\t\t\t\t\t<\/div>\n\t\t<\/div>\n\t\t\t\t\t\t\t<\/div>\n\t\t<\/section>\n\t\t\t\t\t\t\t<\/div>","protected":false},"excerpt":{"rendered":"<p>WHO\u2019S WHO? \u2013 STARTINSTRUKSJONER F\u00f8r arrangementet S\u00f8rg for at dere har TILKOBLINGSKODEN som dere har mottatt for aktiviteten. S\u00f8rg for at deltakernes telefonbatterier er s\u00e5 fulladet som mulig. Dette bidrar til smidig deltakelse og reduserer risikoen for avbrudd. Det anbefales at alle deltakere installerer den gratis ActionTrack-appen (Google Play \/ App Store) p\u00e5 telefonene sine [&hellip;]<\/p>","protected":false},"author":3,"featured_media":14981,"parent":0,"menu_order":0,"comment_status":"closed","ping_status":"closed","template":"elementor_canvas","meta":[],"aioseo_notices":[],"_links":{"self":[{"href":"https:\/\/www.taz.fi\/en\/wp-json\/wp\/v2\/pages\/18017"}],"collection":[{"href":"https:\/\/www.taz.fi\/en\/wp-json\/wp\/v2\/pages"}],"about":[{"href":"https:\/\/www.taz.fi\/en\/wp-json\/wp\/v2\/types\/page"}],"author":[{"embeddable":true,"href":"https:\/\/www.taz.fi\/en\/wp-json\/wp\/v2\/users\/3"}],"replies":[{"embeddable":true,"href":"https:\/\/www.taz.fi\/en\/wp-json\/wp\/v2\/comments?post=18017"}],"version-history":[{"count":10,"href":"https:\/\/www.taz.fi\/en\/wp-json\/wp\/v2\/pages\/18017\/revisions"}],"predecessor-version":[{"id":18027,"href":"https:\/\/www.taz.fi\/en\/wp-json\/wp\/v2\/pages\/18017\/revisions\/18027"}],"wp:featuredmedia":[{"embeddable":true,"href":"https:\/\/www.taz.fi\/en\/wp-json\/wp\/v2\/media\/14981"}],"wp:attachment":[{"href":"https:\/\/www.taz.fi\/en\/wp-json\/wp\/v2\/media?parent=18017"}],"curies":[{"name":"wp","href":"https:\/\/api.w.org\/{rel}","templated":true}]}}