{"id":18036,"date":"2025-12-18T10:22:35","date_gmt":"2025-12-18T10:22:35","guid":{"rendered":"https:\/\/www.taz.fi\/?page_id=18036"},"modified":"2025-12-18T10:26:26","modified_gmt":"2025-12-18T10:26:26","slug":"thefourmysteryboxescape-nor-starting","status":"publish","type":"page","link":"https:\/\/www.taz.fi\/en\/thefourmysteryboxescape-nor-starting\/","title":{"rendered":"thefourmysteryboxescape-nor-starting"},"content":{"rendered":"<div data-elementor-type=\"wp-page\" data-elementor-id=\"18036\" class=\"elementor elementor-18036\" data-elementor-post-type=\"page\">\n\t\t\t\t\t\t\t\t\t<section class=\"elementor-section elementor-top-section elementor-element elementor-element-5902583 elementor-section-boxed elementor-section-height-default elementor-section-height-default\" data-id=\"5902583\" data-element_type=\"section\">\n\t\t\t\t\t\t<div class=\"elementor-container elementor-column-gap-default\">\n\t\t\t\t\t<div class=\"elementor-column elementor-col-100 elementor-top-column elementor-element elementor-element-b9652e4\" data-id=\"b9652e4\" data-element_type=\"column\">\n\t\t\t<div class=\"elementor-widget-wrap elementor-element-populated\">\n\t\t\t\t\t\t\t\t<div class=\"elementor-element elementor-element-e157b8e elementor-widget elementor-widget-spacer\" data-id=\"e157b8e\" data-element_type=\"widget\" data-widget_type=\"spacer.default\">\n\t\t\t\t<div class=\"elementor-widget-container\">\n\t\t\t\t\t<div class=\"elementor-spacer\">\n\t\t\t<div class=\"elementor-spacer-inner\"><\/div>\n\t\t<\/div>\n\t\t\t\t<\/div>\n\t\t\t\t<\/div>\n\t\t\t\t<div class=\"elementor-element elementor-element-cbe4c78 elementor-widget elementor-widget-heading\" data-id=\"cbe4c78\" data-element_type=\"widget\" data-widget_type=\"heading.default\">\n\t\t\t\t<div class=\"elementor-widget-container\">\n\t\t\t<h2 class=\"elementor-heading-title elementor-size-default\">THE FOUR MYSTERY BOX ESCAPE \u2013 STARTINSTRUKSJONER<\/h2>\t\t<\/div>\n\t\t\t\t<\/div>\n\t\t\t\t<section class=\"elementor-section elementor-inner-section elementor-element elementor-element-2ce9a67 elementor-section-boxed elementor-section-height-default elementor-section-height-default\" data-id=\"2ce9a67\" data-element_type=\"section\">\n\t\t\t\t\t\t<div class=\"elementor-container elementor-column-gap-default\">\n\t\t\t\t\t<div class=\"elementor-column elementor-col-100 elementor-inner-column elementor-element elementor-element-4385018\" data-id=\"4385018\" data-element_type=\"column\">\n\t\t\t<div class=\"elementor-widget-wrap elementor-element-populated\">\n\t\t\t\t\t\t\t\t<div class=\"elementor-element elementor-element-96a5b6f elementor-widget elementor-widget-heading\" data-id=\"96a5b6f\" data-element_type=\"widget\" data-widget_type=\"heading.default\">\n\t\t\t\t<div class=\"elementor-widget-container\">\n\t\t\t<h2 class=\"elementor-heading-title elementor-size-default\">F\u00f8r arrangementet<\/h2>\t\t<\/div>\n\t\t\t\t<\/div>\n\t\t\t\t<div class=\"elementor-element elementor-element-35f13f4 elementor-widget elementor-widget-text-editor\" data-id=\"35f13f4\" data-element_type=\"widget\" data-widget_type=\"text-editor.default\">\n\t\t\t\t<div class=\"elementor-widget-container\">\n\t\t\t\t\t\t\t<ul data-start=\"76\" data-end=\"298\"><li data-start=\"76\" data-end=\"159\"><p data-start=\"78\" data-end=\"159\">S\u00f8rg for at dere har <strong data-start=\"99\" data-end=\"119\">TILKOBLINGSKODEN<\/strong> som dere har mottatt for aktiviteten.<\/p><\/li><li data-start=\"160\" data-end=\"298\"><p data-start=\"162\" data-end=\"298\">S\u00f8rg for at deltakernes telefonbatterier er s\u00e5 fulladet som mulig. Dette bidrar til smidig deltakelse og reduserer risikoen for avbrudd.<\/p><\/li><\/ul><p data-start=\"300\" data-end=\"386\">Hvis dere \u00f8nsker, kan dere forberede dere til aktiviteten p\u00e5 forh\u00e5nd p\u00e5 f\u00f8lgende m\u00e5te:<\/p><ul data-start=\"388\" data-end=\"802\"><li data-start=\"388\" data-end=\"532\"><p data-start=\"390\" data-end=\"532\">Det anbefales at alle deltakere installerer den gratis <strong data-start=\"445\" data-end=\"466\">ActionTrack-appen<\/strong> (Google Play \/ App Store) p\u00e5 telefonene sine f\u00f8r arrangementet.<\/p><\/li><li data-start=\"533\" data-end=\"758\"><p data-start=\"535\" data-end=\"758\">Deltakerne kan deles inn i lag p\u00e5 forh\u00e5nd (= klaner) som til sammen bruker fire mobile enheter. Hver mobile enhet kan deles av 1\u20133 lagmedlemmer slik at alle tydelig kan se oppgavene. Anbefalt lagst\u00f8rrelse er 4\u20138 personer.<\/p><\/li><li data-start=\"759\" data-end=\"802\"><p data-start=\"761\" data-end=\"802\">Lagkapteiner kan ogs\u00e5 utpekes p\u00e5 forh\u00e5nd.<\/p><\/li><\/ul><p data-start=\"804\" data-end=\"897\">Tiltakene over vil gj\u00f8re oppstarten raskere og sikre at alle kommer i gang p\u00e5 en smidig m\u00e5te.<\/p>\t\t\t\t\t\t<\/div>\n\t\t\t\t<\/div>\n\t\t\t\t\t<\/div>\n\t\t<\/div>\n\t\t\t\t\t\t\t<\/div>\n\t\t<\/section>\n\t\t\t\t<section class=\"elementor-section elementor-inner-section elementor-element elementor-element-ce8181d elementor-section-boxed elementor-section-height-default elementor-section-height-default\" data-id=\"ce8181d\" data-element_type=\"section\">\n\t\t\t\t\t\t<div class=\"elementor-container elementor-column-gap-default\">\n\t\t\t\t\t<div class=\"elementor-column elementor-col-100 elementor-inner-column elementor-element elementor-element-3d0fc18\" data-id=\"3d0fc18\" data-element_type=\"column\">\n\t\t\t<div class=\"elementor-widget-wrap elementor-element-populated\">\n\t\t\t\t\t\t\t\t<div class=\"elementor-element elementor-element-9a9e7cd elementor-widget elementor-widget-heading\" data-id=\"9a9e7cd\" data-element_type=\"widget\" data-widget_type=\"heading.default\">\n\t\t\t\t<div class=\"elementor-widget-container\">\n\t\t\t<h2 class=\"elementor-heading-title elementor-size-default\">Arrangement \u2013 kort introduksjon<\/h2>\t\t<\/div>\n\t\t\t\t<\/div>\n\t\t\t\t<div class=\"elementor-element elementor-element-79ec3fb elementor-widget elementor-widget-text-editor\" data-id=\"79ec3fb\" data-element_type=\"widget\" data-widget_type=\"text-editor.default\">\n\t\t\t\t<div class=\"elementor-widget-container\">\n\t\t\t\t\t\t\t<p>Velkommen til <strong data-start=\"954\" data-end=\"985\">The Four Mystery Box Escape<\/strong>! Del dere inn i lag og velg en kaptein hvis telefon fungerer som lagets hovedenhet. Kapteinen installerer ActionTrack-appen, laster ned spillet med tilkoblingskoden, oppretter en klan for laget og blir med i klanen. Blant de \u00f8vrige lagmedlemmene velges tre som ogs\u00e5 installerer ActionTrack-appen, laster ned spillet og blir med i klanen etter kapteinen. N\u00e5r lagene er klare, kan dere starte eventyret. God forn\u00f8yelse!<\/p>\t\t\t\t\t\t<\/div>\n\t\t\t\t<\/div>\n\t\t\t\t\t<\/div>\n\t\t<\/div>\n\t\t\t\t\t\t\t<\/div>\n\t\t<\/section>\n\t\t\t\t<section class=\"elementor-section elementor-inner-section elementor-element elementor-element-2e36d8d elementor-section-boxed elementor-section-height-default elementor-section-height-default\" data-id=\"2e36d8d\" data-element_type=\"section\">\n\t\t\t\t\t\t<div class=\"elementor-container elementor-column-gap-default\">\n\t\t\t\t\t<div class=\"elementor-column elementor-col-100 elementor-inner-column elementor-element elementor-element-a6faa33\" data-id=\"a6faa33\" data-element_type=\"column\">\n\t\t\t<div class=\"elementor-widget-wrap elementor-element-populated\">\n\t\t\t\t\t\t\t\t<div class=\"elementor-element elementor-element-709f2ff elementor-widget elementor-widget-heading\" data-id=\"709f2ff\" data-element_type=\"widget\" data-widget_type=\"heading.default\">\n\t\t\t\t<div class=\"elementor-widget-container\">\n\t\t\t<h2 class=\"elementor-heading-title elementor-size-default\">EvArrangement \u2013 detaljert introduksjon<\/h2>\t\t<\/div>\n\t\t\t\t<\/div>\n\t\t\t\t<div class=\"elementor-element elementor-element-5b615b1 elementor-widget elementor-widget-text-editor\" data-id=\"5b615b1\" data-element_type=\"widget\" data-widget_type=\"text-editor.default\">\n\t\t\t\t<div class=\"elementor-widget-container\">\n\t\t\t\t\t\t\t<p data-start=\"1451\" data-end=\"1568\">Kj\u00e6re deltakere, hjertelig velkommen til <strong data-start=\"1492\" data-end=\"1523\">The Four Mystery Box Escape<\/strong>! F\u00f8r vi setter i gang, m\u00e5 vi gj\u00f8re f\u00f8lgende:<\/p><h5 data-start=\"1570\" data-end=\"1595\">1. Del dere inn i lag<\/h5><p data-start=\"1597\" data-end=\"1775\">Lagene (= klaner) bruker totalt fire mobile enheter. Hver mobile enhet kan deles av 1\u20133 lagmedlemmer slik at alle tydelig kan se oppgavene. Anbefalt lagst\u00f8rrelse er 4\u20138 personer.<\/p><p data-start=\"1777\" data-end=\"1867\">Lagst\u00f8rrelsene kan variere \u2013 det er helt greit. Velg en laginndeling som passer dere best.<\/p><h5 data-start=\"1869\" data-end=\"1894\">2. Velg en lagkaptein<\/h5><p data-start=\"1896\" data-end=\"1957\">Kapteinen bruker lagets hovedenhet (telefon eller nettbrett).<\/p><p data-start=\"1959\" data-end=\"1976\">Enheten b\u00f8r v\u00e6re:<\/p><ul data-start=\"1977\" data-end=\"2036\"><li data-start=\"1977\" data-end=\"1992\"><p data-start=\"1979\" data-end=\"1992\">relativt ny<\/p><\/li><li data-start=\"1993\" data-end=\"2005\"><p data-start=\"1995\" data-end=\"2005\">fulladet<\/p><\/li><li data-start=\"2006\" data-end=\"2036\"><p data-start=\"2008\" data-end=\"2036\">utstyrt med fungerende GPS<\/p><\/li><\/ul><p data-start=\"2038\" data-end=\"2153\">Merk: Spillet kan ikke fortsettes p\u00e5 en annen enhet, s\u00e5 s\u00f8rg for at enheten fungerer som den skal f\u00f8r dere starter.<\/p><h5 data-start=\"2155\" data-end=\"2201\">3. Kapteinen installerer ActionTrack-appen<\/h5><p data-start=\"2203\" data-end=\"2344\">Last ned den gratis ActionTrack-appen fra Google Play eller App Store. Gi appen alle forespurte tillatelser slik at spillet fungerer korrekt.<\/p><h5 data-start=\"2346\" data-end=\"2390\">4. Laste ned spillet og opprette en klan<\/h5><p data-start=\"2392\" data-end=\"2404\"><strong data-start=\"2392\" data-end=\"2404\">Kaptein:<\/strong><\/p><ul data-start=\"2405\" data-end=\"2644\"><li data-start=\"2405\" data-end=\"2448\"><p data-start=\"2407\" data-end=\"2448\">Laster ned spillet med tilkoblingskoden<\/p><\/li><li data-start=\"2449\" data-end=\"2475\"><p data-start=\"2451\" data-end=\"2475\">Angir sitt spillernavn<\/p><\/li><li data-start=\"2476\" data-end=\"2537\"><p data-start=\"2478\" data-end=\"2537\">Oppretter en klan for laget (Klan-visning \u2192 \u00abOpprett ny\u00bb)<\/p><\/li><li data-start=\"2538\" data-end=\"2574\"><p data-start=\"2540\" data-end=\"2574\">Gir klanen et navn og et passord<\/p><\/li><li data-start=\"2575\" data-end=\"2644\"><p data-start=\"2577\" data-end=\"2644\">Blir med i den opprettede klanen f\u00f8rst ved \u00e5 skrive inn passordet<\/p><\/li><\/ul><p data-start=\"2646\" data-end=\"2746\">Hvis passordet glemmes helt i starten, kan kapteinen enkelt opprette en ny klan med et nytt passord.<\/p><p data-start=\"2748\" data-end=\"2771\"><strong data-start=\"2748\" data-end=\"2771\">Andre lagmedlemmer:<\/strong><\/p><p data-start=\"2773\" data-end=\"2799\">Velg tre lagmedlemmer som:<\/p><ul data-start=\"2800\" data-end=\"3007\"><li data-start=\"2800\" data-end=\"2833\"><p data-start=\"2802\" data-end=\"2833\">Installerer ActionTrack-appen<\/p><\/li><li data-start=\"2834\" data-end=\"2877\"><p data-start=\"2836\" data-end=\"2877\">Laster ned spillet med tilkoblingskoden<\/p><\/li><li data-start=\"2878\" data-end=\"2906\"><p data-start=\"2880\" data-end=\"2906\">Angir \u00f8nsket spillernavn<\/p><\/li><li data-start=\"2907\" data-end=\"3007\"><p data-start=\"2909\" data-end=\"3007\">Blir med i klanen som kapteinen har opprettet ved \u00e5 velge den fra listen og skrive inn passordet<\/p><\/li><\/ul>\t\t\t\t\t\t<\/div>\n\t\t\t\t<\/div>\n\t\t\t\t\t<\/div>\n\t\t<\/div>\n\t\t\t\t\t\t\t<\/div>\n\t\t<\/section>\n\t\t\t\t<section class=\"elementor-section elementor-inner-section elementor-element elementor-element-7e5ff61 elementor-section-boxed elementor-section-height-default elementor-section-height-default\" data-id=\"7e5ff61\" data-element_type=\"section\">\n\t\t\t\t\t\t<div class=\"elementor-container elementor-column-gap-default\">\n\t\t\t\t\t<div class=\"elementor-column elementor-col-100 elementor-inner-column elementor-element elementor-element-22d9d80\" data-id=\"22d9d80\" data-element_type=\"column\">\n\t\t\t<div class=\"elementor-widget-wrap elementor-element-populated\">\n\t\t\t\t\t\t\t\t<div class=\"elementor-element elementor-element-ea334e7 elementor-widget elementor-widget-heading\" data-id=\"ea334e7\" data-element_type=\"widget\" data-widget_type=\"heading.default\">\n\t\t\t\t<div class=\"elementor-widget-container\">\n\t\t\t<h2 class=\"elementor-heading-title elementor-size-default\">KORT OM THE FOUR MYSTERY BOX ESCAPE-AKTIVITETEN<\/h2>\t\t<\/div>\n\t\t\t\t<\/div>\n\t\t\t\t\t<\/div>\n\t\t<\/div>\n\t\t\t\t\t\t\t<\/div>\n\t\t<\/section>\n\t\t\t\t<div class=\"elementor-element elementor-element-c231056 elementor-widget elementor-widget-heading\" data-id=\"c231056\" data-element_type=\"widget\" data-widget_type=\"heading.default\">\n\t\t\t\t<div class=\"elementor-widget-container\">\n\t\t\t<h2 class=\"elementor-heading-title elementor-size-default\">Instruksjoner for selve spillet<\/h2>\t\t<\/div>\n\t\t\t\t<\/div>\n\t\t\t\t<div class=\"elementor-element elementor-element-ac987fe elementor-widget elementor-widget-text-editor\" data-id=\"ac987fe\" data-element_type=\"widget\" data-widget_type=\"text-editor.default\">\n\t\t\t\t<div class=\"elementor-widget-container\">\n\t\t\t\t\t\t\t<p data-start=\"3103\" data-end=\"3265\"><strong>Merk:<\/strong> Spillet gir all veiledning dere trenger. <strong data-start=\"3150\" data-end=\"3163\">Game Info<\/strong> er alltid tilgjengelig, og det anbefales sterkt \u00e5 kj\u00f8pe flere <strong data-start=\"3226\" data-end=\"3234\">Help<\/strong>-hint med poengene dere tjener.<\/p><p data-start=\"3267\" data-end=\"3413\">Som typisk for mystery boxes og escape rooms, krever dette spillet en <strong data-start=\"3337\" data-end=\"3359\">pr\u00f8ving-og-feiling<\/strong>-tiln\u00e6rming. Hvis dere er usikre, er det bare \u00e5 teste.<\/p><p data-start=\"3415\" data-end=\"3593\">Oppgavene p\u00e5 introduksjonsniv\u00e5 er laget for \u00e5 hjelpe spillerne \u00e5 l\u00e6re grunnreglene og mekanikkene i spillet, mens senere niv\u00e5er fokuserer p\u00e5 \u00e5 teste lagarbeid og samarbeidsevner.<\/p><p data-start=\"3595\" data-end=\"3760\">P\u00e5 f\u00f8rste niv\u00e5 l\u00e6rer spillerne de grunnleggende reglene og mekanikkene. \u00c9n spiller har ansvar for \u00e5 sende inn riktige svar, mens de andre sjekker reglene og st\u00f8tter.<\/p><p data-start=\"3762\" data-end=\"3947\">Andre niv\u00e5 utfordrer spillerne til \u00e5 fungere som et ekte lag. I puslespillet <strong data-start=\"3839\" data-end=\"3859\">\u00abWall of Lights\u00bb<\/strong> har alle en like viktig rolle \u2013 suksess avhenger av samarbeid og tydelig kommunikasjon.<\/p><p data-start=\"3949\" data-end=\"4173\">P\u00e5 siste niv\u00e5 m\u00f8ter spillerne <strong data-start=\"3979\" data-end=\"4001\">fire Mystery Boxes<\/strong>, hver l\u00e5st med fire l\u00e5ser, og \u00e5pning krever flere trinn i riktig rekkef\u00f8lge. Spillerne kan velge om de vil fokusere p\u00e5 \u00e5 \u00e5pne \u00e9n boks, eller fors\u00f8ke \u00e5 \u00e5pne flere samtidig.<\/p><p data-start=\"4175\" data-end=\"4267\">Bare spillere med de riktige numrene kan utl\u00f8se de neste trinnene i oppl\u00e5singen av hver l\u00e5s.<\/p><p data-start=\"4269\" data-end=\"4490\" data-is-last-node=\"\" data-is-only-node=\"\">I hvert trinn finnes det puslerier og utfordringer designet for \u00e9n, to eller fire spillere. For \u00e5 lykkes m\u00e5 laget n\u00f8ye planlegge rekkef\u00f8lgen p\u00e5 handlingene sine \u2013 og ta hensyn til hvilke spillere som trengs i hvert trinn.<\/p>\t\t\t\t\t\t<\/div>\n\t\t\t\t<\/div>\n\t\t\t\t<div class=\"elementor-element elementor-element-a274195 elementor-align-center elementor-widget elementor-widget-button\" data-id=\"a274195\" data-element_type=\"widget\" data-widget_type=\"button.default\">\n\t\t\t\t<div class=\"elementor-widget-container\">\n\t\t\t\t\t<div class=\"elementor-button-wrapper\">\n\t\t\t<a class=\"elementor-button elementor-button-link elementor-size-md elementor-animation-grow\" href=\"https:\/\/www.taz.fi\/en\/thefourmysteryboxescape-nor\/\">\n\t\t\t\t\t\t<span class=\"elementor-button-content-wrapper\">\n\t\t\t\t\t\t<span class=\"elementor-button-text\">Les mer om spillet<\/span>\n\t\t<\/span>\n\t\t\t\t\t<\/a>\n\t\t<\/div>\n\t\t\t\t<\/div>\n\t\t\t\t<\/div>\n\t\t\t\t<div class=\"elementor-element elementor-element-d2a0df7 elementor-widget elementor-widget-spacer\" data-id=\"d2a0df7\" data-element_type=\"widget\" data-widget_type=\"spacer.default\">\n\t\t\t\t<div class=\"elementor-widget-container\">\n\t\t\t\t\t<div class=\"elementor-spacer\">\n\t\t\t<div class=\"elementor-spacer-inner\"><\/div>\n\t\t<\/div>\n\t\t\t\t<\/div>\n\t\t\t\t<\/div>\n\t\t\t\t\t<\/div>\n\t\t<\/div>\n\t\t\t\t\t\t\t<\/div>\n\t\t<\/section>\n\t\t\t\t\t\t\t<\/div>","protected":false},"excerpt":{"rendered":"<p>THE FOUR MYSTERY BOX ESCAPE \u2013 STARTINSTRUKSJONER F\u00f8r arrangementet S\u00f8rg for at dere har TILKOBLINGSKODEN som dere har mottatt for aktiviteten. S\u00f8rg for at deltakernes telefonbatterier er s\u00e5 fulladet som mulig. Dette bidrar til smidig deltakelse og reduserer risikoen for avbrudd. Hvis dere \u00f8nsker, kan dere forberede dere til aktiviteten p\u00e5 forh\u00e5nd p\u00e5 f\u00f8lgende m\u00e5te: [&hellip;]<\/p>","protected":false},"author":3,"featured_media":17444,"parent":0,"menu_order":0,"comment_status":"closed","ping_status":"closed","template":"elementor_canvas","meta":[],"aioseo_notices":[],"_links":{"self":[{"href":"https:\/\/www.taz.fi\/en\/wp-json\/wp\/v2\/pages\/18036"}],"collection":[{"href":"https:\/\/www.taz.fi\/en\/wp-json\/wp\/v2\/pages"}],"about":[{"href":"https:\/\/www.taz.fi\/en\/wp-json\/wp\/v2\/types\/page"}],"author":[{"embeddable":true,"href":"https:\/\/www.taz.fi\/en\/wp-json\/wp\/v2\/users\/3"}],"replies":[{"embeddable":true,"href":"https:\/\/www.taz.fi\/en\/wp-json\/wp\/v2\/comments?post=18036"}],"version-history":[{"count":7,"href":"https:\/\/www.taz.fi\/en\/wp-json\/wp\/v2\/pages\/18036\/revisions"}],"predecessor-version":[{"id":18043,"href":"https:\/\/www.taz.fi\/en\/wp-json\/wp\/v2\/pages\/18036\/revisions\/18043"}],"wp:featuredmedia":[{"embeddable":true,"href":"https:\/\/www.taz.fi\/en\/wp-json\/wp\/v2\/media\/17444"}],"wp:attachment":[{"href":"https:\/\/www.taz.fi\/en\/wp-json\/wp\/v2\/media?parent=18036"}],"curies":[{"name":"wp","href":"https:\/\/api.w.org\/{rel}","templated":true}]}}