{"id":18044,"date":"2025-12-18T10:28:17","date_gmt":"2025-12-18T10:28:17","guid":{"rendered":"https:\/\/www.taz.fi\/?page_id=18044"},"modified":"2025-12-18T10:34:03","modified_gmt":"2025-12-18T10:34:03","slug":"blackjack-nor-starting","status":"publish","type":"page","link":"https:\/\/www.taz.fi\/en\/blackjack-nor-starting\/","title":{"rendered":"blackjack-nor-starting"},"content":{"rendered":"<div data-elementor-type=\"wp-page\" data-elementor-id=\"18044\" class=\"elementor elementor-18044\" data-elementor-post-type=\"page\">\n\t\t\t\t\t\t\t\t\t<section class=\"elementor-section elementor-top-section elementor-element elementor-element-5902583 elementor-section-boxed elementor-section-height-default elementor-section-height-default\" data-id=\"5902583\" data-element_type=\"section\">\n\t\t\t\t\t\t<div class=\"elementor-container elementor-column-gap-default\">\n\t\t\t\t\t<div class=\"elementor-column elementor-col-100 elementor-top-column elementor-element elementor-element-b9652e4\" data-id=\"b9652e4\" data-element_type=\"column\">\n\t\t\t<div class=\"elementor-widget-wrap elementor-element-populated\">\n\t\t\t\t\t\t\t\t<div class=\"elementor-element elementor-element-e157b8e elementor-widget elementor-widget-spacer\" data-id=\"e157b8e\" data-element_type=\"widget\" data-widget_type=\"spacer.default\">\n\t\t\t\t<div class=\"elementor-widget-container\">\n\t\t\t\t\t<div class=\"elementor-spacer\">\n\t\t\t<div class=\"elementor-spacer-inner\"><\/div>\n\t\t<\/div>\n\t\t\t\t<\/div>\n\t\t\t\t<\/div>\n\t\t\t\t<div class=\"elementor-element elementor-element-cbe4c78 elementor-widget elementor-widget-heading\" data-id=\"cbe4c78\" data-element_type=\"widget\" data-widget_type=\"heading.default\">\n\t\t\t\t<div class=\"elementor-widget-container\">\n\t\t\t<h2 class=\"elementor-heading-title elementor-size-default\">GLOBETROTTERS\u2019 BLACKJACK \u2013 STARTINSTRUKSJONER<\/h2>\t\t<\/div>\n\t\t\t\t<\/div>\n\t\t\t\t<section class=\"elementor-section elementor-inner-section elementor-element elementor-element-2ce9a67 elementor-section-boxed elementor-section-height-default elementor-section-height-default\" data-id=\"2ce9a67\" data-element_type=\"section\">\n\t\t\t\t\t\t<div class=\"elementor-container elementor-column-gap-default\">\n\t\t\t\t\t<div class=\"elementor-column elementor-col-100 elementor-inner-column elementor-element elementor-element-4385018\" data-id=\"4385018\" data-element_type=\"column\">\n\t\t\t<div class=\"elementor-widget-wrap elementor-element-populated\">\n\t\t\t\t\t\t\t\t<div class=\"elementor-element elementor-element-96a5b6f elementor-widget elementor-widget-heading\" data-id=\"96a5b6f\" data-element_type=\"widget\" data-widget_type=\"heading.default\">\n\t\t\t\t<div class=\"elementor-widget-container\">\n\t\t\t<h2 class=\"elementor-heading-title elementor-size-default\">F\u00f8r arrangementet<\/h2>\t\t<\/div>\n\t\t\t\t<\/div>\n\t\t\t\t<div class=\"elementor-element elementor-element-35f13f4 elementor-widget elementor-widget-text-editor\" data-id=\"35f13f4\" data-element_type=\"widget\" data-widget_type=\"text-editor.default\">\n\t\t\t\t<div class=\"elementor-widget-container\">\n\t\t\t\t\t\t\t<ul data-start=\"73\" data-end=\"295\"><li data-start=\"73\" data-end=\"156\"><p data-start=\"75\" data-end=\"156\">S\u00f8rg for at dere har <strong data-start=\"96\" data-end=\"116\">TILKOBLINGSKODEN<\/strong> som dere har mottatt for aktiviteten.<\/p><\/li><li data-start=\"157\" data-end=\"295\"><p data-start=\"159\" data-end=\"295\">S\u00f8rg for at deltakernes telefonbatterier er s\u00e5 fulladet som mulig. Dette bidrar til smidig deltakelse og reduserer risikoen for avbrudd.<\/p><\/li><\/ul><p data-start=\"297\" data-end=\"383\">Hvis dere \u00f8nsker, kan dere forberede dere til aktiviteten p\u00e5 forh\u00e5nd p\u00e5 f\u00f8lgende m\u00e5te:<\/p><ul data-start=\"385\" data-end=\"799\"><li data-start=\"385\" data-end=\"529\"><p data-start=\"387\" data-end=\"529\">Det anbefales at alle deltakere installerer den gratis <strong data-start=\"442\" data-end=\"463\">ActionTrack-appen<\/strong> (Google Play \/ App Store) p\u00e5 telefonene sine f\u00f8r arrangementet.<\/p><\/li><li data-start=\"530\" data-end=\"755\"><p data-start=\"532\" data-end=\"755\">Deltakerne kan deles inn i lag p\u00e5 forh\u00e5nd (= klaner) som til sammen bruker fire mobile enheter. Hver mobile enhet kan deles av 1\u20133 lagmedlemmer slik at alle tydelig kan se oppgavene. Anbefalt lagst\u00f8rrelse er 4\u20138 personer.<\/p><\/li><li data-start=\"756\" data-end=\"799\"><p data-start=\"758\" data-end=\"799\">Lagkapteiner kan ogs\u00e5 utpekes p\u00e5 forh\u00e5nd.<\/p><\/li><\/ul><p data-start=\"801\" data-end=\"894\">Tiltakene over vil gj\u00f8re oppstarten raskere og sikre at alle kommer i gang p\u00e5 en smidig m\u00e5te.<\/p>\t\t\t\t\t\t<\/div>\n\t\t\t\t<\/div>\n\t\t\t\t\t<\/div>\n\t\t<\/div>\n\t\t\t\t\t\t\t<\/div>\n\t\t<\/section>\n\t\t\t\t<section class=\"elementor-section elementor-inner-section elementor-element elementor-element-ce8181d elementor-section-boxed elementor-section-height-default elementor-section-height-default\" data-id=\"ce8181d\" data-element_type=\"section\">\n\t\t\t\t\t\t<div class=\"elementor-container elementor-column-gap-default\">\n\t\t\t\t\t<div class=\"elementor-column elementor-col-100 elementor-inner-column elementor-element elementor-element-3d0fc18\" data-id=\"3d0fc18\" data-element_type=\"column\">\n\t\t\t<div class=\"elementor-widget-wrap elementor-element-populated\">\n\t\t\t\t\t\t\t\t<div class=\"elementor-element elementor-element-9a9e7cd elementor-widget elementor-widget-heading\" data-id=\"9a9e7cd\" data-element_type=\"widget\" data-widget_type=\"heading.default\">\n\t\t\t\t<div class=\"elementor-widget-container\">\n\t\t\t<h2 class=\"elementor-heading-title elementor-size-default\">Arrangement \u2013 kort introduksjon<\/h2>\t\t<\/div>\n\t\t\t\t<\/div>\n\t\t\t\t<div class=\"elementor-element elementor-element-79ec3fb elementor-widget elementor-widget-text-editor\" data-id=\"79ec3fb\" data-element_type=\"widget\" data-widget_type=\"text-editor.default\">\n\t\t\t\t<div class=\"elementor-widget-container\">\n\t\t\t\t\t\t\t<p>Velkommen til <strong data-start=\"951\" data-end=\"979\">Globetrotters\u2019 Blackjack<\/strong>! Del dere inn i lag og velg en kaptein hvis telefon fungerer som lagets hovedenhet. Kapteinen installerer ActionTrack-appen, laster ned spillet med tilkoblingskoden, oppretter en klan for laget og blir med i klanen. Blant de \u00f8vrige lagmedlemmene velges tre som ogs\u00e5 installerer ActionTrack-appen, laster ned spillet og blir med i klanen etter kapteinen. N\u00e5r lagene er klare, kan dere begynne. Lykke til og god forn\u00f8yelse!<\/p>\t\t\t\t\t\t<\/div>\n\t\t\t\t<\/div>\n\t\t\t\t\t<\/div>\n\t\t<\/div>\n\t\t\t\t\t\t\t<\/div>\n\t\t<\/section>\n\t\t\t\t<section class=\"elementor-section elementor-inner-section elementor-element elementor-element-2e36d8d elementor-section-boxed elementor-section-height-default elementor-section-height-default\" data-id=\"2e36d8d\" data-element_type=\"section\">\n\t\t\t\t\t\t<div class=\"elementor-container elementor-column-gap-default\">\n\t\t\t\t\t<div class=\"elementor-column elementor-col-100 elementor-inner-column elementor-element elementor-element-a6faa33\" data-id=\"a6faa33\" data-element_type=\"column\">\n\t\t\t<div class=\"elementor-widget-wrap elementor-element-populated\">\n\t\t\t\t\t\t\t\t<div class=\"elementor-element elementor-element-709f2ff elementor-widget elementor-widget-heading\" data-id=\"709f2ff\" data-element_type=\"widget\" data-widget_type=\"heading.default\">\n\t\t\t\t<div class=\"elementor-widget-container\">\n\t\t\t<h2 class=\"elementor-heading-title elementor-size-default\">Arrangement \u2013 detaljert introduksjon<\/h2>\t\t<\/div>\n\t\t\t\t<\/div>\n\t\t\t\t<div class=\"elementor-element elementor-element-5b615b1 elementor-widget elementor-widget-text-editor\" data-id=\"5b615b1\" data-element_type=\"widget\" data-widget_type=\"text-editor.default\">\n\t\t\t\t<div class=\"elementor-widget-container\">\n\t\t\t\t\t\t\t<p data-start=\"1449\" data-end=\"1563\">Kj\u00e6re deltakere, hjertelig velkommen til <strong data-start=\"1490\" data-end=\"1518\">Globetrotters\u2019 Blackjack<\/strong>! F\u00f8r vi setter i gang, m\u00e5 vi gj\u00f8re f\u00f8lgende:<\/p><h5 data-start=\"1565\" data-end=\"1590\">1. Del dere inn i lag<\/h5><p data-start=\"1592\" data-end=\"1770\">Lagene (= klaner) bruker totalt fire mobile enheter. Hver mobile enhet kan deles av 1\u20133 lagmedlemmer slik at alle tydelig kan se oppgavene. Anbefalt lagst\u00f8rrelse er 4\u20138 personer.<\/p><p data-start=\"1772\" data-end=\"1862\">Lagst\u00f8rrelsene kan variere \u2013 det er helt greit. Velg en laginndeling som passer dere best.<\/p><h5 data-start=\"1864\" data-end=\"1889\">2. Velg en lagkaptein<\/h5><p data-start=\"1891\" data-end=\"1952\">Kapteinen bruker lagets hovedenhet (telefon eller nettbrett).<\/p><p data-start=\"1954\" data-end=\"1971\">Enheten b\u00f8r v\u00e6re:<\/p><ul data-start=\"1972\" data-end=\"2031\"><li data-start=\"1972\" data-end=\"1987\"><p data-start=\"1974\" data-end=\"1987\">relativt ny<\/p><\/li><li data-start=\"1988\" data-end=\"2000\"><p data-start=\"1990\" data-end=\"2000\">fulladet<\/p><\/li><li data-start=\"2001\" data-end=\"2031\"><p data-start=\"2003\" data-end=\"2031\">utstyrt med fungerende GPS<\/p><\/li><\/ul><p data-start=\"2033\" data-end=\"2148\">Merk: Spillet kan ikke fortsettes p\u00e5 en annen enhet, s\u00e5 s\u00f8rg for at enheten fungerer som den skal f\u00f8r dere starter.<\/p><h5 data-start=\"2150\" data-end=\"2196\">3. Kapteinen installerer ActionTrack-appen<\/h5><p data-start=\"2198\" data-end=\"2339\">Last ned den gratis ActionTrack-appen fra Google Play eller App Store. Gi appen alle forespurte tillatelser slik at spillet fungerer korrekt.<\/p><h5 data-start=\"2341\" data-end=\"2385\">4. Laste ned spillet og opprette en klan<\/h5><p data-start=\"2387\" data-end=\"2399\"><strong data-start=\"2387\" data-end=\"2399\">Kaptein:<\/strong><\/p><ul data-start=\"2400\" data-end=\"2639\"><li data-start=\"2400\" data-end=\"2443\"><p data-start=\"2402\" data-end=\"2443\">Laster ned spillet med tilkoblingskoden<\/p><\/li><li data-start=\"2444\" data-end=\"2470\"><p data-start=\"2446\" data-end=\"2470\">Angir sitt spillernavn<\/p><\/li><li data-start=\"2471\" data-end=\"2532\"><p data-start=\"2473\" data-end=\"2532\">Oppretter en klan for laget (Klan-visning \u2192 \u00abOpprett ny\u00bb)<\/p><\/li><li data-start=\"2533\" data-end=\"2569\"><p data-start=\"2535\" data-end=\"2569\">Gir klanen et navn og et passord<\/p><\/li><li data-start=\"2570\" data-end=\"2639\"><p data-start=\"2572\" data-end=\"2639\">Blir med i den opprettede klanen f\u00f8rst ved \u00e5 skrive inn passordet<\/p><\/li><\/ul><p data-start=\"2641\" data-end=\"2741\">Hvis passordet glemmes helt i starten, kan kapteinen enkelt opprette en ny klan med et nytt passord.<\/p><p data-start=\"2743\" data-end=\"2766\"><strong data-start=\"2743\" data-end=\"2766\">Andre lagmedlemmer:<\/strong><\/p><p data-start=\"2768\" data-end=\"2794\">Velg tre lagmedlemmer som:<\/p><ul data-start=\"2795\" data-end=\"3002\"><li data-start=\"2795\" data-end=\"2828\"><p data-start=\"2797\" data-end=\"2828\">Installerer ActionTrack-appen<\/p><\/li><li data-start=\"2829\" data-end=\"2872\"><p data-start=\"2831\" data-end=\"2872\">Laster ned spillet med tilkoblingskoden<\/p><\/li><li data-start=\"2873\" data-end=\"2901\"><p data-start=\"2875\" data-end=\"2901\">Angir \u00f8nsket spillernavn<\/p><\/li><li data-start=\"2902\" data-end=\"3002\"><p data-start=\"2904\" data-end=\"3002\">Blir med i klanen som kapteinen har opprettet ved \u00e5 velge den fra listen og skrive inn passordet<\/p><\/li><\/ul>\t\t\t\t\t\t<\/div>\n\t\t\t\t<\/div>\n\t\t\t\t\t<\/div>\n\t\t<\/div>\n\t\t\t\t\t\t\t<\/div>\n\t\t<\/section>\n\t\t\t\t<section class=\"elementor-section elementor-inner-section elementor-element elementor-element-7e5ff61 elementor-section-boxed elementor-section-height-default elementor-section-height-default\" data-id=\"7e5ff61\" data-element_type=\"section\">\n\t\t\t\t\t\t<div class=\"elementor-container elementor-column-gap-default\">\n\t\t\t\t\t<div class=\"elementor-column elementor-col-100 elementor-inner-column elementor-element elementor-element-22d9d80\" data-id=\"22d9d80\" data-element_type=\"column\">\n\t\t\t<div class=\"elementor-widget-wrap elementor-element-populated\">\n\t\t\t\t\t\t\t\t<div class=\"elementor-element elementor-element-ea334e7 elementor-widget elementor-widget-heading\" data-id=\"ea334e7\" data-element_type=\"widget\" data-widget_type=\"heading.default\">\n\t\t\t\t<div class=\"elementor-widget-container\">\n\t\t\t<h2 class=\"elementor-heading-title elementor-size-default\">KORT OM GLOBETROTTERS\u2019 BLACKJACK-AKTIVITETEN<\/h2>\t\t<\/div>\n\t\t\t\t<\/div>\n\t\t\t\t\t<\/div>\n\t\t<\/div>\n\t\t\t\t\t\t\t<\/div>\n\t\t<\/section>\n\t\t\t\t<div class=\"elementor-element elementor-element-c231056 elementor-widget elementor-widget-heading\" data-id=\"c231056\" data-element_type=\"widget\" data-widget_type=\"heading.default\">\n\t\t\t\t<div class=\"elementor-widget-container\">\n\t\t\t<h2 class=\"elementor-heading-title elementor-size-default\">Instruksjoner for selve spillet<\/h2>\t\t<\/div>\n\t\t\t\t<\/div>\n\t\t\t\t<div class=\"elementor-element elementor-element-ac987fe elementor-widget elementor-widget-text-editor\" data-id=\"ac987fe\" data-element_type=\"widget\" data-widget_type=\"text-editor.default\">\n\t\t\t\t<div class=\"elementor-widget-container\">\n\t\t\t\t\t\t\t<p data-start=\"3095\" data-end=\"3422\"><strong data-start=\"3095\" data-end=\"3123\">Globetrotters\u2019 Blackjack<\/strong> er et taktisk quizspill som krever kunnskap, strategi og kontrollert risikotaking. Lagene avanserer i spillet b\u00e5de ved \u00e5 svare p\u00e5 sp\u00f8rsm\u00e5l og ved \u00e5 spille ved blackjack-bordet. Poeng opptjent fra sp\u00f8rsm\u00e5l fungerer som spillets valuta. Spillet har tre niv\u00e5er, som gir stadig h\u00f8yere poeng og bonuser.<\/p><p data-start=\"3424\" data-end=\"3479\">Merk: Spillet inneholder alle n\u00f8dvendige instruksjoner.<\/p><p data-start=\"3481\" data-end=\"3542\">Spillet best\u00e5r av et blackjack-bord og globetrotter-sp\u00f8rsm\u00e5l.<\/p><ul data-start=\"3544\" data-end=\"3804\"><li data-start=\"3544\" data-end=\"3669\"><p data-start=\"3546\" data-end=\"3669\">Dere kan spille maksimalt <strong data-start=\"3572\" data-end=\"3595\">50 runder blackjack<\/strong>. Dette gj\u00f8res p\u00e5 kapteinens telefon ved \u00e5 trykke p\u00e5 <strong data-start=\"3648\" data-end=\"3658\">\u00abPlay\u00bb<\/strong>-knappen.<\/p><\/li><li data-start=\"3670\" data-end=\"3804\"><p data-start=\"3672\" data-end=\"3804\">Dere kan aktivere maksimalt <strong data-start=\"3700\" data-end=\"3728\">50 globetrotter-sp\u00f8rsm\u00e5l<\/strong>. Dette gj\u00f8res p\u00e5 kapteinens telefon ved \u00e5 trykke p\u00e5 <strong data-start=\"3781\" data-end=\"3793\">\u00abPuzzle\u00bb<\/strong>-knappen.<\/p><\/li><\/ul><p data-start=\"3806\" data-end=\"3916\">Sp\u00f8rsm\u00e5l som aktiveres av kapteinen er synlige for alle lagmedlemmer, men bare kapteinen kan sende inn svaret.<\/p><p data-start=\"3918\" data-end=\"4122\">Lagmedlemmene ser enten kapteinens sp\u00f8rsm\u00e5l n\u00f8yaktig slik det vises p\u00e5 deres egne telefoner, eller de kan se enhetsspesifikt innhold som andre ikke ser. Uansett m\u00e5 laget diskutere og l\u00f8se oppgaven sammen.<\/p><p data-start=\"4124\" data-end=\"4326\">Spillet inneholder <strong data-start=\"4143\" data-end=\"4175\">Bronse-, S\u00f8lv- og Gullniv\u00e5er<\/strong>. For eksempel krever Bronse-niv\u00e5 \u00e9n seier ved blackjack-bordet og fem riktige svar p\u00e5 globetrotter-sp\u00f8rsm\u00e5l. S\u00f8lv- og Gullniv\u00e5ene er noe mer krevende.<\/p><p data-start=\"4328\" data-end=\"4482\"><strong data-start=\"4328\" data-end=\"4339\">Tips 1:<\/strong> Fors\u00f8k \u00e5 n\u00e5 h\u00f8yere niv\u00e5er s\u00e5 raskt som mulig uten \u00e5 sl\u00f8se med blackjack-runder eller sp\u00f8rsm\u00e5l. H\u00f8yere niv\u00e5er gir flere poeng for riktige svar.<\/p><p data-start=\"4484\" data-end=\"4629\"><strong data-start=\"4484\" data-end=\"4495\">Tips 2:<\/strong> Mot slutten av spillet b\u00f8r dere f\u00f8lge med p\u00e5 poengsummene til de andre lagene og bestemme de siste taktiske trekkene basert p\u00e5 dette.<\/p><p data-start=\"4631\" data-end=\"4664\" data-is-last-node=\"\" data-is-only-node=\"\">Laget med h\u00f8yest poengsum vinner!<\/p>\t\t\t\t\t\t<\/div>\n\t\t\t\t<\/div>\n\t\t\t\t<div class=\"elementor-element elementor-element-a274195 elementor-align-center elementor-widget elementor-widget-button\" data-id=\"a274195\" data-element_type=\"widget\" data-widget_type=\"button.default\">\n\t\t\t\t<div class=\"elementor-widget-container\">\n\t\t\t\t\t<div class=\"elementor-button-wrapper\">\n\t\t\t<a class=\"elementor-button elementor-button-link elementor-size-md elementor-animation-grow\" href=\"https:\/\/www.taz.fi\/en\/blackjack-nor\/\">\n\t\t\t\t\t\t<span class=\"elementor-button-content-wrapper\">\n\t\t\t\t\t\t<span class=\"elementor-button-text\">Les mer om spillet<\/span>\n\t\t<\/span>\n\t\t\t\t\t<\/a>\n\t\t<\/div>\n\t\t\t\t<\/div>\n\t\t\t\t<\/div>\n\t\t\t\t<div class=\"elementor-element elementor-element-d2a0df7 elementor-widget elementor-widget-spacer\" data-id=\"d2a0df7\" data-element_type=\"widget\" data-widget_type=\"spacer.default\">\n\t\t\t\t<div class=\"elementor-widget-container\">\n\t\t\t\t\t<div class=\"elementor-spacer\">\n\t\t\t<div class=\"elementor-spacer-inner\"><\/div>\n\t\t<\/div>\n\t\t\t\t<\/div>\n\t\t\t\t<\/div>\n\t\t\t\t\t<\/div>\n\t\t<\/div>\n\t\t\t\t\t\t\t<\/div>\n\t\t<\/section>\n\t\t\t\t\t\t\t<\/div>","protected":false},"excerpt":{"rendered":"<p>GLOBETROTTERS\u2019 BLACKJACK \u2013 STARTINSTRUKSJONER F\u00f8r arrangementet S\u00f8rg for at dere har TILKOBLINGSKODEN som dere har mottatt for aktiviteten. S\u00f8rg for at deltakernes telefonbatterier er s\u00e5 fulladet som mulig. Dette bidrar til smidig deltakelse og reduserer risikoen for avbrudd. Hvis dere \u00f8nsker, kan dere forberede dere til aktiviteten p\u00e5 forh\u00e5nd p\u00e5 f\u00f8lgende m\u00e5te: Det anbefales at [&hellip;]<\/p>","protected":false},"author":3,"featured_media":4819,"parent":0,"menu_order":0,"comment_status":"closed","ping_status":"closed","template":"elementor_canvas","meta":[],"aioseo_notices":[],"_links":{"self":[{"href":"https:\/\/www.taz.fi\/en\/wp-json\/wp\/v2\/pages\/18044"}],"collection":[{"href":"https:\/\/www.taz.fi\/en\/wp-json\/wp\/v2\/pages"}],"about":[{"href":"https:\/\/www.taz.fi\/en\/wp-json\/wp\/v2\/types\/page"}],"author":[{"embeddable":true,"href":"https:\/\/www.taz.fi\/en\/wp-json\/wp\/v2\/users\/3"}],"replies":[{"embeddable":true,"href":"https:\/\/www.taz.fi\/en\/wp-json\/wp\/v2\/comments?post=18044"}],"version-history":[{"count":10,"href":"https:\/\/www.taz.fi\/en\/wp-json\/wp\/v2\/pages\/18044\/revisions"}],"predecessor-version":[{"id":18054,"href":"https:\/\/www.taz.fi\/en\/wp-json\/wp\/v2\/pages\/18044\/revisions\/18054"}],"wp:featuredmedia":[{"embeddable":true,"href":"https:\/\/www.taz.fi\/en\/wp-json\/wp\/v2\/media\/4819"}],"wp:attachment":[{"href":"https:\/\/www.taz.fi\/en\/wp-json\/wp\/v2\/media?parent=18044"}],"curies":[{"name":"wp","href":"https:\/\/api.w.org\/{rel}","templated":true}]}}